{"id":10960,"date":"2023-07-04T15:56:45","date_gmt":"2023-07-04T19:56:45","guid":{"rendered":"https:\/\/wright.cl\/sitio\/?page_id=10960"},"modified":"2023-07-10T16:39:44","modified_gmt":"2023-07-10T20:39:44","slug":"descarga-el-programa-mentoring-coaching","status":"publish","type":"page","link":"https:\/\/wright.cl\/sitio\/descarga-el-programa-mentoring-coaching\/","title":{"rendered":"Descarga el programa Mentoring &#038; Coaching de WRIGHT"},"content":{"rendered":"<section class=\"l-section wpb_row height_medium\"><div class=\"l-section-h i-cf\"><div class=\"g-cols vc_row via_grid cols_2 laptops-cols_inherit tablets-cols_inherit mobiles-cols_1 valign_top type_default stacking_default\"><div class=\"wpb_column vc_column_container\"><div class=\"vc_column-inner\"><div class=\"w-image align_center\"><div class=\"w-image-h\"><img decoding=\"async\" width=\"600\" height=\"709\" src=\"https:\/\/wright.cl\/sitio\/wp-content\/uploads\/2023\/07\/folleto_mc-600x709.png\" class=\"attachment-shop_single size-shop_single\" alt=\"\" loading=\"lazy\" srcset=\"https:\/\/wright.cl\/sitio\/wp-content\/uploads\/2023\/07\/folleto_mc-600x709.png 600w, https:\/\/wright.cl\/sitio\/wp-content\/uploads\/2023\/07\/folleto_mc-254x300.png 254w, https:\/\/wright.cl\/sitio\/wp-content\/uploads\/2023\/07\/folleto_mc.png 741w\" sizes=\"auto, (max-width: 600px) 100vw, 600px\" \/><\/div><\/div><\/div><\/div><div class=\"wpb_column vc_column_container\"><div class=\"vc_column-inner\"><div class=\"wpb_text_column\"><div class=\"wpb_wrapper\"><h2><strong>PROGRAMA MENTORING &amp; COACHING<\/strong><\/h2>\n<p>Programa de desarrollo y fortalecimiento del liderazgo dise\u00f1ado para acompa\u00f1ar a los l\u00edderes en su transformaci\u00f3n, habilit\u00e1ndoles para movilizar positivamente a otros hacia el futuro que desean construir.<\/p>\n<p>El programa de Coaching y Capacitaci\u00f3n est\u00e1 dise\u00f1ado con metodolog\u00edas y herramientas de reconocimiento mundial, generando experiencias de aprendizajes altamente pr\u00e1cticas y aplicables a la realidad de los participantes.<br \/>\nEs un programa de acompa\u00f1amiento grupal que puede complementarse con coaching individual para sus participantes.<\/p>\n<\/div><\/div><\/div><\/div><\/div><\/div><\/section><section class=\"l-section wpb_row height_medium\"><div class=\"l-section-h i-cf\"><div class=\"g-cols vc_row via_grid cols_1 laptops-cols_inherit tablets-cols_inherit mobiles-cols_1 valign_top type_default stacking_default\"><div class=\"wpb_column vc_column_container\"><div class=\"vc_column-inner\"><div class=\"wpb_text_column\"><div class=\"wpb_wrapper\"><h4 style=\"text-align: center;\"><strong>Completa el formulario para recibir el programa.<\/strong><\/h4>\n<\/div><\/div>\n<div class=\"wpcf7 no-js\" id=\"wpcf7-f10959-o1\" lang=\"es-ES\" dir=\"ltr\" data-wpcf7-id=\"10959\">\n<div class=\"screen-reader-response\"><p role=\"status\" aria-live=\"polite\" aria-atomic=\"true\"><\/p> <ul><\/ul><\/div>\n<form action=\"\/sitio\/wp-json\/wp\/v2\/pages\/10960#wpcf7-f10959-o1\" method=\"post\" class=\"wpcf7-form init\" aria-label=\"Formulario de contacto\" novalidate=\"novalidate\" data-status=\"init\">\n<fieldset class=\"hidden-fields-container\"><input type=\"hidden\" name=\"_wpcf7\" value=\"10959\" \/><input type=\"hidden\" name=\"_wpcf7_version\" value=\"6.1.5\" \/><input type=\"hidden\" name=\"_wpcf7_locale\" value=\"es_ES\" \/><input type=\"hidden\" name=\"_wpcf7_unit_tag\" value=\"wpcf7-f10959-o1\" \/><input type=\"hidden\" name=\"_wpcf7_container_post\" value=\"0\" \/><input type=\"hidden\" name=\"_wpcf7_posted_data_hash\" value=\"\" \/><input type=\"hidden\" name=\"_wpcf7_recaptcha_response\" value=\"\" \/>\n<\/fieldset>\n<p><label> Nombre y Apellido (requerido)<br \/>\n<span class=\"wpcf7-form-control-wrap\" data-name=\"your-name\"><input size=\"40\" maxlength=\"400\" class=\"wpcf7-form-control wpcf7-text wpcf7-validates-as-required\" aria-required=\"true\" aria-invalid=\"false\" value=\"\" type=\"text\" name=\"your-name\" \/><\/span> <\/label>\n<\/p>\n<p><label> Correo electr\u00f3nico (requerido)<br \/>\n<span class=\"wpcf7-form-control-wrap\" data-name=\"your-email\"><input size=\"40\" maxlength=\"400\" class=\"wpcf7-form-control wpcf7-email wpcf7-validates-as-required wpcf7-text wpcf7-validates-as-email\" aria-required=\"true\" aria-invalid=\"false\" value=\"\" type=\"email\" name=\"your-email\" \/><\/span> <\/label>\n<\/p>\n<p><label> Empresa (requerido)<br \/>\n<span class=\"wpcf7-form-control-wrap\" data-name=\"your-empresa\"><input size=\"40\" maxlength=\"400\" class=\"wpcf7-form-control wpcf7-text wpcf7-validates-as-required\" aria-required=\"true\" aria-invalid=\"false\" value=\"\" type=\"text\" name=\"your-empresa\" \/><\/span> <\/label>\n<\/p>\n<p><label> Pa\u00eds (requerido)<br \/>\n<span class=\"wpcf7-form-control-wrap\" data-name=\"your-pais\"><input size=\"40\" maxlength=\"400\" class=\"wpcf7-form-control wpcf7-text wpcf7-validates-as-required\" aria-required=\"true\" aria-invalid=\"false\" value=\"\" type=\"text\" name=\"your-pais\" \/><\/span> <\/label>\n<\/p>\n<p><label> Consultas, sugerencias o comentarios<br \/>\n<span class=\"wpcf7-form-control-wrap\" data-name=\"your-message\"><textarea cols=\"40\" rows=\"10\" maxlength=\"2000\" class=\"wpcf7-form-control wpcf7-textarea\" aria-invalid=\"false\" name=\"your-message\"><\/textarea><\/span> <\/label>\n<\/p>\n<p><input class=\"wpcf7-form-control wpcf7-submit has-spinner\" type=\"submit\" value=\"Descargar el Programa Mentoring &amp; Coaching\" \/>\n<\/p><p style=\"display: none !important;\" class=\"akismet-fields-container\" data-prefix=\"_wpcf7_ak_\"><label>&#916;<textarea name=\"_wpcf7_ak_hp_textarea\" cols=\"45\" rows=\"8\" maxlength=\"100\"><\/textarea><\/label><input type=\"hidden\" id=\"ak_js_1\" name=\"_wpcf7_ak_js\" value=\"27\"\/><script>document.getElementById( \"ak_js_1\" ).setAttribute( \"value\", ( new Date() ).getTime() );<\/script><\/p><div class=\"wpcf7-response-output\" aria-hidden=\"true\"><\/div>\n<\/form>\n<\/div>\n<\/div><\/div><\/div><\/div><\/section>\n","protected":false},"excerpt":{"rendered":"PROGRAMA MENTORING &amp; COACHING Programa de desarrollo y fortalecimiento del liderazgo dise\u00f1ado para acompa\u00f1ar a los l\u00edderes en su transformaci\u00f3n, habilit\u00e1ndoles para movilizar positivamente a otros hacia el futuro que desean construir. El programa de Coaching y Capacitaci\u00f3n est\u00e1 dise\u00f1ado con metodolog\u00edas y herramientas de reconocimiento mundial, generando experiencias de aprendizajes altamente pr\u00e1cticas y aplicables...","protected":false},"author":2,"featured_media":0,"parent":0,"menu_order":0,"comment_status":"closed","ping_status":"closed","template":"","meta":{"om_disable_all_campaigns":false,"_monsterinsights_skip_tracking":false,"_monsterinsights_sitenote_active":false,"_monsterinsights_sitenote_note":"","_monsterinsights_sitenote_category":0,"_uf_show_specific_survey":0,"_uf_disable_surveys":false,"footnotes":""},"class_list":["post-10960","page","type-page","status-publish","hentry"],"aioseo_notices":[],"jetpack_sharing_enabled":true,"_links":{"self":[{"href":"https:\/\/wright.cl\/sitio\/wp-json\/wp\/v2\/pages\/10960","targetHints":{"allow":["GET"]}}],"collection":[{"href":"https:\/\/wright.cl\/sitio\/wp-json\/wp\/v2\/pages"}],"about":[{"href":"https:\/\/wright.cl\/sitio\/wp-json\/wp\/v2\/types\/page"}],"author":[{"embeddable":true,"href":"https:\/\/wright.cl\/sitio\/wp-json\/wp\/v2\/users\/2"}],"replies":[{"embeddable":true,"href":"https:\/\/wright.cl\/sitio\/wp-json\/wp\/v2\/comments?post=10960"}],"version-history":[{"count":3,"href":"https:\/\/wright.cl\/sitio\/wp-json\/wp\/v2\/pages\/10960\/revisions"}],"predecessor-version":[{"id":11018,"href":"https:\/\/wright.cl\/sitio\/wp-json\/wp\/v2\/pages\/10960\/revisions\/11018"}],"wp:attachment":[{"href":"https:\/\/wright.cl\/sitio\/wp-json\/wp\/v2\/media?parent=10960"}],"curies":[{"name":"wp","href":"https:\/\/api.w.org\/{rel}","templated":true}]}}