{"id":11192,"date":"2023-08-08T13:20:55","date_gmt":"2023-08-08T17:20:55","guid":{"rendered":"https:\/\/wright.cl\/sitio\/?page_id=11192"},"modified":"2026-04-01T15:49:29","modified_gmt":"2026-04-01T18:49:29","slug":"alexandra-ortega","status":"publish","type":"page","link":"https:\/\/wright.cl\/sitio\/alexandra-ortega\/","title":{"rendered":"Alexandra Ortega"},"content":{"rendered":"<section class=\"l-section wpb_row height_auto\"><div class=\"l-section-h i-cf\"><div class=\"g-cols vc_row via_grid cols_1 laptops-cols_inherit tablets-cols_inherit mobiles-cols_1 valign_top type_default stacking_default\"><div class=\"wpb_column vc_column_container\"><div class=\"vc_column-inner\"><\/div><\/div><\/div><\/div><\/section><section class=\"l-section wpb_row height_medium\"><div class=\"l-section-h i-cf\"><div class=\"g-cols vc_row via_grid cols_1 laptops-cols_inherit tablets-cols_inherit mobiles-cols_1 valign_top type_default stacking_default\"><div class=\"wpb_column vc_column_container us_custom_41879682\"><div class=\"vc_column-inner\"><div class=\"g-cols wpb_row via_grid cols_2-3 laptops-cols_inherit tablets-cols_1 mobiles-cols_1 valign_top type_default stacking_default\" style=\"--columns-gap:3rem;\"><div class=\"wpb_column vc_column_container\"><div class=\"vc_column-inner\"><h2 class=\"w-text\"><span class=\"w-text-h\"><span class=\"w-text-value\">Alexandra Ortega<\/span><\/span><\/h2><h5 class=\"w-text\"><span class=\"w-text-h\"><span class=\"w-text-value\">Dise\u00f1adora Integral<\/span><\/span><\/h5><div class=\"w-separator size_medium\"><\/div><div class=\"wpb_text_column\"><div class=\"wpb_wrapper\"><p>\u00a1Hola! Soy Alexandra, Dise\u00f1adora Industrial graduada de la Universidad Diego Portales.<\/p>\n<p>Actualmente, me desempe\u00f1o como Dise\u00f1adora Gr\u00e1fica en donde lidero la estrategia de posicionamiento de la marca. Mis responsabilidades incluyen la generaci\u00f3n y gesti\u00f3n de contenido para redes sociales, actividades de marketing digital, el redise\u00f1o del sitio web y dise\u00f1o de interfaz, as\u00ed como la creaci\u00f3n de presentaciones alineadas con el nuevo estilo de marca. Adem\u00e1s, me encargo del registro de material audiovisual y la creaci\u00f3n de contenido visual.<\/p>\n<\/div><\/div><\/div><\/div><div class=\"wpb_column vc_column_container\"><div class=\"vc_column-inner\"><div class=\"wpb_text_column\"><div class=\"wpb_wrapper\"><div class=\"flex flex-grow flex-col max-w-full\">\n<div class=\"min-h-&#091;20px&#093; text-message flex flex-col items-start whitespace-pre-wrap break-words &#091;.text-message+&amp;&#093;:mt-5 juice:w-full juice:items-end overflow-x-auto gap-3\" dir=\"auto\" data-message-author-role=\"assistant\" data-message-id=\"37ff123a-7090-4a08-a227-c3c4ecee70e6\">\n<div class=\"markdown prose w-full break-words dark:prose-invert light\">\n<p><span class=\"ui-provider a b c d e f g h i j k l m n o p q r s t u v w x y z ab ac ae af ag ah ai aj ak\" dir=\"ltr\">Gracias a mi colaboraci\u00f3n en WRIGHT Consultores, obtuve la certificaci\u00f3n en Talent Insights: DISC, Fuerzas Impulsoras y Coeficiente Emocional.<\/span><\/p>\n<p>He completado exitosamente tres cursos previos: Dise\u00f1o UX\/UI Avanzado, UX Writing y WordPress B\u00e1sico, cuyos conocimientos he podido aplicar a mi rol como dise\u00f1adora en WRIGHT. Actualmente, estoy profundizando mis conocimientos en Inteligencia Artificial aplicada al marketing digital que me ha permitido desarrollar una metodolog\u00eda de aproximaci\u00f3n para cada fase de proyectos de dise\u00f1o.<\/p>\n<p>A lo largo de mi trayectoria, me he especializado en \u00e1reas como branding e identidad de marca, ilustraci\u00f3n, fotograf\u00eda, diagramaci\u00f3n infogr\u00e1fica y generaci\u00f3n de logotipos. He adquirido valiosos conocimientos a trav\u00e9s de cursos y experiencias pr\u00e1cticas. Gracias a esto, conozco el mundo digital y de imprenta. Manejo redes sociales, sitios web, gigantograf\u00edas y packaging.<\/p>\n<p>Me he desafiado y he impartido algunas capacitaciones que me han permitido llevar el dise\u00f1o a la soluci\u00f3n de los problemas reales de las personas en el mundo del \u00a0trabajo.<\/p>\n<\/div>\n<\/div>\n<\/div>\n<\/div><\/div><\/div><\/div><\/div><\/div><\/div><\/div><\/div><\/section><section class=\"l-section wpb_row height_medium\"><div class=\"l-section-h i-cf\"><div class=\"g-cols vc_row via_grid cols_2 laptops-cols_inherit tablets-cols_inherit mobiles-cols_1 valign_middle type_default stacking_default\" style=\"--columns-gap:0rem;\"><div class=\"wpb_column vc_column_container us_custom_9033fdba has_bg_color\"><div class=\"vc_column-inner\"><div class=\"wpb_text_column\"><div class=\"wpb_wrapper\"><h6 style=\"text-align: left;\">\u00abMe apasiona el dise\u00f1o y la innovaci\u00f3n, y creo en crear experiencias que perduren en el tiempo y marquen el coraz\u00f3n de las personas. En WRIGHT, trabajo para desarrollar soluciones creativas que impulsen el desarrollo del potencial humano y generen un impacto positivo en el mundo.\u00bb<\/h6>\n<\/div><\/div><div class=\"w-separator size_medium\"><\/div><div class=\"w-socials us_custom_d6c5e054 color_text shape_circle style_colored hover_none\" style=\"--gap:0.2em;\"><div class=\"w-socials-list\"><div class=\"w-socials-item email\"><a href=\"mailto:info@wright.cl\" class=\"w-socials-item-link\" aria-label=\"Correo electr\u00f3nico\"><span class=\"w-socials-item-link-hover\"><\/span><i class=\"fas fa-envelope\"><\/i><\/a><div class=\"w-socials-item-popup\"><span>Correo electr\u00f3nico<\/span><\/div><\/div><div class=\"w-socials-item facebook\"><a target=\"_blank\" rel=\"nofollow\" href=\"https:\/\/www.facebook.com\/WRIGHTConsultores\/\" class=\"w-socials-item-link\" aria-label=\"Facebook\"><span class=\"w-socials-item-link-hover\"><\/span><i class=\"fab fa-facebook\"><\/i><\/a><div class=\"w-socials-item-popup\"><span>Facebook<\/span><\/div><\/div><div class=\"w-socials-item instagram\"><a target=\"_blank\" rel=\"nofollow\" href=\"https:\/\/www.instagram.com\/WrightConsultores\/\" class=\"w-socials-item-link\" aria-label=\"Instagram\"><span class=\"w-socials-item-link-hover\"><\/span><i class=\"fab fa-instagram\"><\/i><\/a><div class=\"w-socials-item-popup\"><span>Instagram<\/span><\/div><\/div><div class=\"w-socials-item linkedin\"><a target=\"_blank\" rel=\"nofollow\" href=\"https:\/\/www.linkedin.com\/in\/alexandra-paz-4653651a8\/\" class=\"w-socials-item-link\" aria-label=\"LinkedIn\"><span class=\"w-socials-item-link-hover\"><\/span><i class=\"fab fa-linkedin\"><\/i><\/a><div class=\"w-socials-item-popup\"><span>LinkedIn<\/span><\/div><\/div><\/div><\/div><\/div><\/div><div class=\"wpb_column vc_column_container\"><div class=\"vc_column-inner\"><div class=\"w-image has_ratio align_none\"><div class=\"w-image-h\"><div style=\"padding-bottom:100%\"><\/div><img decoding=\"async\" width=\"1024\" height=\"1024\" src=\"https:\/\/wright.cl\/sitio\/wp-content\/uploads\/2024\/05\/42-1024x1024.png\" class=\"attachment-large size-large\" alt=\"\" loading=\"lazy\" \/><\/div><\/div><\/div><\/div><\/div><\/div><\/section>\n","protected":false},"excerpt":{"rendered":"Alexandra OrtegaDise\u00f1adora Integral\u00a1Hola! Soy Alexandra, Dise\u00f1adora Industrial graduada de la Universidad Diego Portales. Actualmente, me desempe\u00f1o como Dise\u00f1adora Gr\u00e1fica en donde lidero la estrategia de posicionamiento de la marca. Mis responsabilidades incluyen la generaci\u00f3n y gesti\u00f3n de contenido para redes sociales, actividades de marketing digital, el redise\u00f1o del sitio web y dise\u00f1o de interfaz, as\u00ed...","protected":false},"author":2,"featured_media":0,"parent":0,"menu_order":0,"comment_status":"closed","ping_status":"closed","template":"","meta":{"om_disable_all_campaigns":false,"_monsterinsights_skip_tracking":false,"_monsterinsights_sitenote_active":false,"_monsterinsights_sitenote_note":"","_monsterinsights_sitenote_category":0,"_uf_show_specific_survey":0,"_uf_disable_surveys":false,"footnotes":""},"class_list":["post-11192","page","type-page","status-publish","hentry"],"aioseo_notices":[],"jetpack_sharing_enabled":true,"_links":{"self":[{"href":"https:\/\/wright.cl\/sitio\/wp-json\/wp\/v2\/pages\/11192","targetHints":{"allow":["GET"]}}],"collection":[{"href":"https:\/\/wright.cl\/sitio\/wp-json\/wp\/v2\/pages"}],"about":[{"href":"https:\/\/wright.cl\/sitio\/wp-json\/wp\/v2\/types\/page"}],"author":[{"embeddable":true,"href":"https:\/\/wright.cl\/sitio\/wp-json\/wp\/v2\/users\/2"}],"replies":[{"embeddable":true,"href":"https:\/\/wright.cl\/sitio\/wp-json\/wp\/v2\/comments?post=11192"}],"version-history":[{"count":13,"href":"https:\/\/wright.cl\/sitio\/wp-json\/wp\/v2\/pages\/11192\/revisions"}],"predecessor-version":[{"id":12722,"href":"https:\/\/wright.cl\/sitio\/wp-json\/wp\/v2\/pages\/11192\/revisions\/12722"}],"wp:attachment":[{"href":"https:\/\/wright.cl\/sitio\/wp-json\/wp\/v2\/media?parent=11192"}],"curies":[{"name":"wp","href":"https:\/\/api.w.org\/{rel}","templated":true}]}}