{"id":12475,"date":"2025-04-17T17:44:20","date_gmt":"2025-04-17T21:44:20","guid":{"rendered":"https:\/\/wright.cl\/sitio\/?page_id=12475"},"modified":"2025-04-17T17:44:20","modified_gmt":"2025-04-17T21:44:20","slug":"rodrigo-pinto","status":"publish","type":"page","link":"https:\/\/wright.cl\/sitio\/rodrigo-pinto\/","title":{"rendered":"Rodrigo Pinto"},"content":{"rendered":"<section class=\"l-section wpb_row height_medium\"><div class=\"l-section-h i-cf\"><div class=\"g-cols vc_row via_grid cols_1 laptops-cols_inherit tablets-cols_inherit mobiles-cols_1 valign_top type_default stacking_default\"><div class=\"wpb_column vc_column_container us_custom_8e98bef9\"><div class=\"vc_column-inner\"><div class=\"g-cols wpb_row via_grid cols_2-3 laptops-cols_inherit tablets-cols_1 mobiles-cols_1 valign_top type_default stacking_default\" style=\"--columns-gap:3rem;\"><div class=\"wpb_column vc_column_container\"><div class=\"vc_column-inner\"><h2 class=\"w-text\"><span class=\"w-text-h\"><span class=\"w-text-value\">Rodrigo Pinto<\/span><\/span><\/h2><h5 class=\"w-text\"><span class=\"w-text-h\"><span class=\"w-text-value\">Facilitador y Coach<\/span><\/span><\/h5><div class=\"w-separator size_medium\"><\/div><div class=\"wpb_text_column\"><div class=\"wpb_wrapper\"><p class=\"\" data-start=\"149\" data-end=\"489\">Soy <strong data-start=\"153\" data-end=\"170\">Rodrigo Pinto<\/strong>, docente, coach y consultor. Licenciado en Educaci\u00f3n y Mag\u00edster en Gesti\u00f3n Educacional. Me he especializado como Coach Ontol\u00f3gico (Newfield Network), Coach Organizacional Integral y Coach Deportivo. Adem\u00e1s, soy facilitador y director para LATAM del m\u00e9todo Gestalt Empowerment, y cofundador de la consultora Trainerfun.<\/p>\n<p class=\"\" data-start=\"491\" data-end=\"714\">Llevo m\u00e1s de 15 a\u00f1os dedicado a la docencia universitaria en instituciones de educaci\u00f3n superior como la Universidad Mayor, Universidad Andr\u00e9s Bello, Universidad de las Am\u00e9ricas y Universidad Aut\u00f3noma de Chile, entre otras.<\/p>\n<\/div><\/div><\/div><\/div><div class=\"wpb_column vc_column_container\"><div class=\"vc_column-inner\"><div class=\"wpb_text_column\"><div class=\"wpb_wrapper\"><p class=\"\" data-start=\"716\" data-end=\"1068\">Desde el a\u00f1o 2011 comenc\u00e9 a desarrollarme en el mundo del coaching ontol\u00f3gico, la consultor\u00eda organizacional, la facilitaci\u00f3n de procesos, el mentoring y el coaching ejecutivo, tanto a nivel personal como de equipos. He acompa\u00f1ado a organizaciones p\u00fablicas y privadas en distintas industrias como miner\u00eda, retail, empresas multinacionales y deportivas.<\/p>\n<p class=\"\" data-start=\"1070\" data-end=\"1400\">Mi enfoque se centra en el desarrollo de carrera y habilidades como la comunicaci\u00f3n efectiva, liderazgo, trabajo en equipo, gesti\u00f3n del clima organizacional y resoluci\u00f3n de conflictos. Tambi\u00e9n integro herramientas de autocuidado, bienestar y felicidad organizacional como pilares fundamentales del desarrollo humano y profesional.<\/p>\n<p class=\"\" data-start=\"1402\" data-end=\"1691\">Actualmente, soy facilitador en <strong data-start=\"1434\" data-end=\"1456\">Wright Consultores<\/strong>, donde acompa\u00f1o a ejecutivos, l\u00edderes y equipos de alto rendimiento en procesos de transformaci\u00f3n organizacional, desarrollo de liderazgo y fortalecimiento de habilidades relacionales a trav\u00e9s del coaching y la facilitaci\u00f3n vivencial.<\/p>\n<\/div><\/div><\/div><\/div><\/div><\/div><\/div><\/div><\/div><\/section><section class=\"l-section wpb_row height_medium\"><div class=\"l-section-h i-cf\"><div class=\"g-cols vc_row via_grid cols_2 laptops-cols_inherit tablets-cols_inherit mobiles-cols_1 valign_middle type_default stacking_default\" style=\"--columns-gap:0rem;\"><div class=\"wpb_column vc_column_container us_custom_9033fdba has_bg_color\"><div class=\"vc_column-inner\"><div class=\"wpb_text_column us_custom_b4198c51\"><div class=\"wpb_wrapper\"><p>\u00abCreo en el poder del liderazgo consciente y en el coaching como puente para transformar el potencial en acci\u00f3n.\u00bb<\/p>\n<\/div><\/div><div class=\"w-separator size_medium\"><\/div><div class=\"w-socials us_custom_9863f749 has_text_color color_text shape_circle style_colored hover_none\" style=\"--gap:0.2em;\"><div class=\"w-socials-list\"><div class=\"w-socials-item email\"><a target=\"_blank\" rel=\"nofollow\" href=\"mailito:pintoadasmerodrigo@gmail.com\" class=\"w-socials-item-link\" aria-label=\"Correo electr\u00f3nico\"><span class=\"w-socials-item-link-hover\"><\/span><i class=\"fas fa-envelope\"><\/i><\/a><div class=\"w-socials-item-popup\"><span>Correo electr\u00f3nico<\/span><\/div><\/div><div class=\"w-socials-item facebook\"><a target=\"_blank\" rel=\"nofollow\" href=\"https:\/\/www.facebook.com\/WRIGHTConsultores\/\" class=\"w-socials-item-link\" aria-label=\"Facebook\"><span class=\"w-socials-item-link-hover\"><\/span><i class=\"fab fa-facebook\"><\/i><\/a><div class=\"w-socials-item-popup\"><span>Facebook<\/span><\/div><\/div><div class=\"w-socials-item instagram\"><a target=\"_blank\" rel=\"nofollow\" href=\"https:\/\/www.instagram.com\/WrightConsultores\/\" class=\"w-socials-item-link\" aria-label=\"Instagram\"><span class=\"w-socials-item-link-hover\"><\/span><i class=\"fab fa-instagram\"><\/i><\/a><div class=\"w-socials-item-popup\"><span>Instagram<\/span><\/div><\/div><div class=\"w-socials-item linkedin\"><a target=\"_blank\" rel=\"nofollow\" href=\"https:\/\/www.linkedin.com\/in\/rodrigo-pinto-adasme-9b73b93a\/\" class=\"w-socials-item-link\" aria-label=\"LinkedIn\"><span class=\"w-socials-item-link-hover\"><\/span><i class=\"fab fa-linkedin\"><\/i><\/a><div class=\"w-socials-item-popup\"><span>LinkedIn<\/span><\/div><\/div><\/div><\/div><\/div><\/div><div class=\"wpb_column vc_column_container\"><div class=\"vc_column-inner\"><div class=\"w-image has_ratio align_none\"><div class=\"w-image-h\"><div style=\"padding-bottom:100%\"><\/div><img decoding=\"async\" width=\"1024\" height=\"1024\" src=\"https:\/\/wright.cl\/sitio\/wp-content\/uploads\/2025\/04\/FOTOS-Equipo-wright-2023-1-1024x1024.jpg\" class=\"attachment-large size-large\" alt=\"\" loading=\"lazy\" \/><\/div><\/div><\/div><\/div><\/div><\/div><\/section>\n","protected":false},"excerpt":{"rendered":"Rodrigo PintoFacilitador y CoachSoy Rodrigo Pinto, docente, coach y consultor. Licenciado en Educaci\u00f3n y Mag\u00edster en Gesti\u00f3n Educacional. Me he especializado como Coach Ontol\u00f3gico (Newfield Network), Coach Organizacional Integral y Coach Deportivo. Adem\u00e1s, soy facilitador y director para LATAM del m\u00e9todo Gestalt Empowerment, y cofundador de la consultora Trainerfun. Llevo m\u00e1s de 15 a\u00f1os dedicado...","protected":false},"author":2,"featured_media":0,"parent":0,"menu_order":0,"comment_status":"closed","ping_status":"closed","template":"","meta":{"om_disable_all_campaigns":false,"_monsterinsights_skip_tracking":false,"_monsterinsights_sitenote_active":false,"_monsterinsights_sitenote_note":"","_monsterinsights_sitenote_category":0,"_uf_show_specific_survey":0,"_uf_disable_surveys":false,"footnotes":""},"class_list":["post-12475","page","type-page","status-publish","hentry"],"aioseo_notices":[],"jetpack_sharing_enabled":true,"_links":{"self":[{"href":"https:\/\/wright.cl\/sitio\/wp-json\/wp\/v2\/pages\/12475","targetHints":{"allow":["GET"]}}],"collection":[{"href":"https:\/\/wright.cl\/sitio\/wp-json\/wp\/v2\/pages"}],"about":[{"href":"https:\/\/wright.cl\/sitio\/wp-json\/wp\/v2\/types\/page"}],"author":[{"embeddable":true,"href":"https:\/\/wright.cl\/sitio\/wp-json\/wp\/v2\/users\/2"}],"replies":[{"embeddable":true,"href":"https:\/\/wright.cl\/sitio\/wp-json\/wp\/v2\/comments?post=12475"}],"version-history":[{"count":2,"href":"https:\/\/wright.cl\/sitio\/wp-json\/wp\/v2\/pages\/12475\/revisions"}],"predecessor-version":[{"id":12480,"href":"https:\/\/wright.cl\/sitio\/wp-json\/wp\/v2\/pages\/12475\/revisions\/12480"}],"wp:attachment":[{"href":"https:\/\/wright.cl\/sitio\/wp-json\/wp\/v2\/media?parent=12475"}],"curies":[{"name":"wp","href":"https:\/\/api.w.org\/{rel}","templated":true}]}}