{"id":12608,"date":"2025-12-17T10:52:28","date_gmt":"2025-12-17T13:52:28","guid":{"rendered":"https:\/\/wright.cl\/sitio\/?page_id=12608"},"modified":"2025-12-17T10:52:28","modified_gmt":"2025-12-17T13:52:28","slug":"team-building","status":"publish","type":"page","link":"https:\/\/wright.cl\/sitio\/team-building\/","title":{"rendered":"Team Building"},"content":{"rendered":"<section class=\"l-section wpb_row us_custom_c70c97eb height_medium width_custom\" style=\"--site-content-width:1000px;\"><div class=\"l-section-h i-cf\"><div class=\"g-cols vc_row via_grid cols_1-2 laptops-cols_inherit tablets-cols_1 mobiles-cols_1 valign_top type_default stacking_default\"><div class=\"wpb_column vc_column_container\"><div class=\"vc_column-inner\"><h2 class=\"w-text\"><span class=\"w-text-h\"><span class=\"w-text-value\">Programa Team Building<\/span><\/span><\/h2><div class=\"w-separator size_small\"><\/div><div class=\"wpb_text_column\"><div class=\"wpb_wrapper\"><p><span class=\"a_GcMg font-feature-liga-off font-feature-clig-off font-feature-calt-off text-decoration-none text-strikethrough-none\">En un entorno de alta demanda y cambio constante, muchos equipos postergan estos espacios y luego enfrentan desconexi\u00f3n, falta de alineamiento y p\u00e9rdida de foco en los resultados. Los programas de Team Building de WRIGHT combinan metodolog\u00edas apreciativas, din\u00e1micas experienciales y herramientas pr\u00e1cticas que fortalecen la conexi\u00f3n, la colaboraci\u00f3n y la visi\u00f3n estrat\u00e9gica.<\/span><\/p>\n<\/div><\/div><\/div><\/div><div class=\"wpb_column vc_column_container\"><div class=\"vc_column-inner\"><div class=\"g-cols wpb_row via_grid cols_2 laptops-cols_inherit tablets-cols_2 mobiles-cols_1 valign_top type_default stacking_default\" style=\"--columns-gap:3rem;\"><div class=\"wpb_column vc_column_container\"><div class=\"vc_column-inner\"><div class=\"w-iconbox us_custom_141f90b0 iconpos_top style_circle color_primary align_none no_text\"><div class=\"w-iconbox-icon\" style=\"font-size:1.5rem;\"><i class=\"fas fa-edit\"><\/i><\/div><div class=\"w-iconbox-meta\"><h4 class=\"w-iconbox-title\">Actividades personalizadas seg\u00fan la cultura y desaf\u00edos del equipo<\/h4><\/div><\/div><\/div><\/div><div class=\"wpb_column vc_column_container\"><div class=\"vc_column-inner\"><div class=\"w-iconbox us_custom_141f90b0 iconpos_top style_circle color_primary align_none no_text\"><div class=\"w-iconbox-icon\" style=\"font-size:1.5rem;\"><i class=\"fas fa-sitemap\"><\/i><\/div><div class=\"w-iconbox-meta\"><h4 class=\"w-iconbox-title\">Enfoque pr\u00e1ctico: reflexi\u00f3n + acci\u00f3n + resultados medibles<\/h4><\/div><\/div><\/div><\/div><div class=\"wpb_column vc_column_container\"><div class=\"vc_column-inner\"><div class=\"w-iconbox us_custom_141f90b0 iconpos_top style_circle color_primary align_none no_text\"><div class=\"w-iconbox-icon\" style=\"font-size:1.5rem;\"><i class=\"fas fa-thumbtack\"><\/i><\/div><div class=\"w-iconbox-meta\"><h4 class=\"w-iconbox-title\">Contamos con financiamiento SENCE<\/h4><\/div><\/div><\/div><\/div><div class=\"wpb_column vc_column_container\"><div class=\"vc_column-inner\"><div class=\"w-iconbox iconpos_top style_circle color_primary align_none no_text\"><div class=\"w-iconbox-icon\" style=\"font-size:1.5rem;\"><i class=\"fas fa-bullseye\"><\/i><\/div><div class=\"w-iconbox-meta\"><h4 class=\"w-iconbox-title\">Seguimiento y medici\u00f3n del progreso e impacto<\/h4><\/div><\/div><\/div><\/div><\/div><\/div><\/div><\/div><\/div><\/section><section class=\"l-section wpb_row height_small width_custom\" style=\"--site-content-width:1000px;\"><div class=\"l-section-h i-cf\"><div class=\"g-cols vc_row via_grid cols_1 laptops-cols_inherit tablets-cols_inherit mobiles-cols_1 valign_top type_default stacking_default\"><div class=\"wpb_column vc_column_container\"><div class=\"vc_column-inner\"><div class=\"wpb_text_column us_custom_99dce4f6\"><div class=\"wpb_wrapper\"><h2 style=\"text-align: center;\">Experiencias Team Building<\/h2>\n<p style=\"text-align: center;\"><span class=\"a_GcMg font-feature-liga-off font-feature-clig-off font-feature-calt-off text-decoration-none text-strikethrough-none\">Cada experiencia est\u00e1 dise\u00f1ada para activar conversaciones significativas, integrar aprendizajes y movilizar acciones concretas que fortalezcan el prop\u00f3sito com\u00fan y preparen al equipo para el nuevo ciclo.<\/span><\/p>\n<\/div><\/div><div class=\"w-separator size_large\"><\/div><div class=\"g-cols wpb_row via_grid cols_3 laptops-cols_inherit tablets-cols_2 mobiles-cols_1 valign_top type_default\" style=\"--columns-gap:3rem;\"><div class=\"wpb_column vc_column_container\"><div class=\"vc_column-inner\"><div class=\"w-separator size_small\"><\/div><div class=\"w-image us_custom_a518f36e us_animate_this align_center\"><div class=\"w-image-h\"><img decoding=\"async\" width=\"600\" height=\"600\" src=\"https:\/\/wright.cl\/sitio\/wp-content\/uploads\/2025\/12\/CATALOGO-Programas-Team-Building-WRIGHT-2025_V0-3-600x600.png\" class=\"attachment-us_600_600_crop size-us_600_600_crop\" alt=\"\" loading=\"lazy\" srcset=\"https:\/\/wright.cl\/sitio\/wp-content\/uploads\/2025\/12\/CATALOGO-Programas-Team-Building-WRIGHT-2025_V0-3-600x600.png 600w, https:\/\/wright.cl\/sitio\/wp-content\/uploads\/2025\/12\/CATALOGO-Programas-Team-Building-WRIGHT-2025_V0-3-150x150.png 150w, https:\/\/wright.cl\/sitio\/wp-content\/uploads\/2025\/12\/CATALOGO-Programas-Team-Building-WRIGHT-2025_V0-3-350x350.png 350w, https:\/\/wright.cl\/sitio\/wp-content\/uploads\/2025\/12\/CATALOGO-Programas-Team-Building-WRIGHT-2025_V0-3-200x200.png 200w, https:\/\/wright.cl\/sitio\/wp-content\/uploads\/2025\/12\/CATALOGO-Programas-Team-Building-WRIGHT-2025_V0-3-100x100.png 100w\" sizes=\"auto, (max-width: 600px) 100vw, 600px\" \/><\/div><\/div><div class=\"w-separator size_small\"><\/div><div class=\"wpb_text_column\"><div class=\"wpb_wrapper\"><h3><strong><span class=\"a_GcMg font-feature-liga-off font-feature-clig-off font-feature-calt-off text-decoration-none text-strikethrough-none\">Re-Conectados<\/span><\/strong><\/h3>\n<p class=\"cvGsUA direction-ltr align-start para-style-body\"><span class=\"a_GcMg font-feature-liga-off font-feature-clig-off font-feature-calt-off text-decoration-none text-strikethrough-none\">Un encuentro breve, din\u00e1mico y significativo para reconectar al equipo, reconocer logros y abrir conversaciones sobre lo que viene.<\/span><\/p>\n<p class=\"cvGsUA direction-ltr align-start para-style-body\"><span class=\"a_GcMg font-feature-liga-off font-feature-clig-off font-feature-calt-off text-decoration-none text-strikethrough-none\">Combina metodolog\u00edas apreciativas, din\u00e1micas de integraci\u00f3n y conversaciones guiadas que permiten cerrar el a\u00f1o con sentido y cohesi\u00f3n.<\/span><\/p>\n<\/div><\/div><\/div><\/div><div class=\"wpb_column vc_column_container\"><div class=\"vc_column-inner\"><div class=\"w-separator size_small\"><\/div><div class=\"w-image us_custom_d89fe7f6 us_animate_this align_center\"><div class=\"w-image-h\"><img decoding=\"async\" width=\"600\" height=\"600\" src=\"https:\/\/wright.cl\/sitio\/wp-content\/uploads\/2025\/12\/CATALOGO-Programas-Team-Building-WRIGHT-2025_V0-1-600x600.png\" class=\"attachment-us_600_600_crop size-us_600_600_crop\" alt=\"\" loading=\"lazy\" srcset=\"https:\/\/wright.cl\/sitio\/wp-content\/uploads\/2025\/12\/CATALOGO-Programas-Team-Building-WRIGHT-2025_V0-1-600x600.png 600w, https:\/\/wright.cl\/sitio\/wp-content\/uploads\/2025\/12\/CATALOGO-Programas-Team-Building-WRIGHT-2025_V0-1-150x150.png 150w, https:\/\/wright.cl\/sitio\/wp-content\/uploads\/2025\/12\/CATALOGO-Programas-Team-Building-WRIGHT-2025_V0-1-350x350.png 350w, https:\/\/wright.cl\/sitio\/wp-content\/uploads\/2025\/12\/CATALOGO-Programas-Team-Building-WRIGHT-2025_V0-1-200x200.png 200w, https:\/\/wright.cl\/sitio\/wp-content\/uploads\/2025\/12\/CATALOGO-Programas-Team-Building-WRIGHT-2025_V0-1-100x100.png 100w\" sizes=\"auto, (max-width: 600px) 100vw, 600px\" \/><\/div><\/div><div class=\"w-separator size_small\"><\/div><div class=\"wpb_text_column\"><div class=\"wpb_wrapper\"><h3><strong><span class=\"a_GcMg font-feature-liga-off font-feature-clig-off font-feature-calt-off text-decoration-none text-strikethrough-none\">Equipos que Inspiran<\/span><\/strong><\/h3>\n<p class=\"cvGsUA direction-ltr align-start para-style-body\"><span class=\"a_GcMg font-feature-liga-off font-feature-clig-off font-feature-calt-off text-decoration-none text-strikethrough-none\">Una experiencia pr\u00e1ctica que combina reflexi\u00f3n, acci\u00f3n y desarrollo de competencias clave como colaboraci\u00f3n, comunicaci\u00f3n o innovaci\u00f3n.<\/span><\/p>\n<p class=\"cvGsUA direction-ltr align-start para-style-body\"><span class=\"a_GcMg font-feature-liga-off font-feature-clig-off font-feature-calt-off text-decoration-none text-strikethrough-none\">Parte desde la integraci\u00f3n y reconocimiento y luego incorpora un bloque experiencial para fortalecer habilidades y traducir la inspiraci\u00f3n en comportamientos concretos.<\/span><\/p>\n<\/div><\/div><div class=\"w-btn-wrapper align_center\"><button class=\"w-btn us-btn-style_8 us_custom_1b04de86 text_none\" aria-label=\"Button\" target=\"_blank\" title=\"Descargar el Programa\"><\/button><\/div><div class=\"w-btn-wrapper align_center\"><a class=\"w-btn us-btn-style_1 us_custom_1b04de86\" target=\"_blank\" title=\"Descargar el Programa\" href=\"https:\/\/api.whatsapp.com\/send?phone=+56992647066&amp;text=Hola quiero m\u00e1s informaci\u00f3n sobre el Programa de Team Building\"><span class=\"w-btn-label\">Hablemos por whatsapp<\/span><\/a><\/div><\/div><\/div><div class=\"wpb_column vc_column_container\"><div class=\"vc_column-inner\"><div class=\"w-separator size_small\"><\/div><div class=\"w-image us_custom_302a2db5 us_animate_this align_center\"><div class=\"w-image-h\"><img decoding=\"async\" width=\"600\" height=\"600\" src=\"https:\/\/wright.cl\/sitio\/wp-content\/uploads\/2025\/12\/CATALOGO-Programas-Team-Building-WRIGHT-2025_V0-4-600x600.png\" class=\"attachment-us_600_600_crop size-us_600_600_crop\" alt=\"\" loading=\"lazy\" srcset=\"https:\/\/wright.cl\/sitio\/wp-content\/uploads\/2025\/12\/CATALOGO-Programas-Team-Building-WRIGHT-2025_V0-4-600x600.png 600w, https:\/\/wright.cl\/sitio\/wp-content\/uploads\/2025\/12\/CATALOGO-Programas-Team-Building-WRIGHT-2025_V0-4-150x150.png 150w, https:\/\/wright.cl\/sitio\/wp-content\/uploads\/2025\/12\/CATALOGO-Programas-Team-Building-WRIGHT-2025_V0-4-350x350.png 350w, https:\/\/wright.cl\/sitio\/wp-content\/uploads\/2025\/12\/CATALOGO-Programas-Team-Building-WRIGHT-2025_V0-4-200x200.png 200w, https:\/\/wright.cl\/sitio\/wp-content\/uploads\/2025\/12\/CATALOGO-Programas-Team-Building-WRIGHT-2025_V0-4-100x100.png 100w\" sizes=\"auto, (max-width: 600px) 100vw, 600px\" \/><\/div><\/div><div class=\"w-separator size_small\"><\/div><div class=\"wpb_text_column\"><div class=\"wpb_wrapper\"><h3><strong><span class=\"a_GcMg font-feature-liga-off font-feature-clig-off font-feature-calt-off text-decoration-none text-strikethrough-none\">Proyecto Futuro<\/span><\/strong><\/h3>\n<p class=\"cvGsUA direction-ltr align-start para-style-body\"><span class=\"a_GcMg font-feature-liga-off font-feature-clig-off font-feature-calt-off text-decoration-none text-strikethrough-none\">Una jornada completa que integra lo mejor de las experiencias anteriores \u2014conexi\u00f3n e inspiraci\u00f3n\u2014 y a\u00f1ade una segunda etapa centrada en el futuro.<\/span><\/p>\n<p class=\"cvGsUA direction-ltr align-start para-style-body\"><span class=\"a_GcMg font-feature-liga-off font-feature-clig-off font-feature-calt-off text-decoration-none text-strikethrough-none\">Incluye un Workshop de Dise\u00f1o de Futuro, donde el equipo prototipa desaf\u00edos, oportunidades y focos estrat\u00e9gicos para el nuevo a\u00f1o, conectando prop\u00f3sito, aprendizaje y acci\u00f3n.<\/span><\/p>\n<\/div><\/div><\/div><\/div><\/div><\/div><\/div><\/div><\/div><\/section><section class=\"l-section wpb_row us_custom_a01f48d5 height_medium color_primary\"><div class=\"l-section-h i-cf\"><div class=\"g-cols vc_row via_grid cols_1 laptops-cols_inherit tablets-cols_inherit mobiles-cols_1 valign_top type_default stacking_default\"><div class=\"wpb_column vc_column_container\"><div class=\"vc_column-inner\"><div class=\"w-actionbox color_primary controls_right\"><div class=\"w-actionbox-text\"><h1 class=\"w-actionbox-title\" style=\"font-size:30px\">Mira nuestro Cat\u00e1logo de Programas Team Building<\/h1><div class=\"w-actionbox-description\"><p>Si no encuentras lo que buscas lo dise\u00f1amos contigo, escr\u00edbenos a nuestro WhatsApp y cu\u00e9ntanos tu idea.<\/p>\n<\/div><\/div><div class=\"w-actionbox-controls\"><a class=\"w-btn us-btn-style_1\" target=\"_blank\" href=\"https:\/\/www.canva.com\/design\/DAG2g1EMhwM\/2tmsVxpHIW9EETu_jtWzmg\/view?utm_content=DAG2g1EMhwM&amp;utm_campaign=designshare&amp;utm_medium=link2&amp;utm_source=uniquelinks&amp;utlId=he7cb7ac5cb\" style=\"font-size:1.2rem;\"><span class=\"w-btn-label\">\u00a1vamos!<\/span><\/a><\/div><\/div><\/div><\/div><\/div><\/div><\/section><section class=\"l-section wpb_row us_custom_315b8835 height_medium width_full color_primary\"><div class=\"l-section-h i-cf\"><div class=\"g-cols vc_row via_grid cols_1 laptops-cols_inherit tablets-cols_inherit mobiles-cols_1 valign_middle type_default stacking_default\"><div class=\"wpb_column vc_column_container\"><div class=\"vc_column-inner\"><div class=\"g-cols wpb_row us_custom_3e9a263b via_grid cols_2 laptops-cols_inherit tablets-cols_1 mobiles-cols_1 valign_middle type_default stacking_default\" style=\"--columns-gap:3rem;\"><div class=\"wpb_column vc_column_container us_custom_9cf479d2\"><div class=\"vc_column-inner\"><h2 class=\"w-text us_custom_c90d9c14 has_text_color\"><span class=\"w-text-h\"><span class=\"w-text-value\">\u00bfQuieres transformar tu organizaci\u00f3n?<\/span><\/span><\/h2><div class=\"w-separator size_custom\" style=\"height:10px\"><\/div><div class=\"w-hwrapper valign_middle wrap align_left\" style=\"--hwrapper-gap:2rem\"><div class=\"w-btn-wrapper align_none\"><a class=\"w-btn us-btn-style_1 us_custom_09e34578\" href=\"https:\/\/api.whatsapp.com\/send?phone=+56992647066&amp;text=Quiero transformar mi organizaci\u00f3n, me gustar\u00eda cotizar un ...\"><span class=\"w-btn-label\">Hablemos por whatsapp<\/span><\/a><\/div><\/div><\/div><\/div><div class=\"wpb_column vc_column_container us_custom_c51c1c5f has_text_color\"><div class=\"vc_column-inner\"><div class=\"w-text us_custom_64b8a673 has_text_color\"><span class=\"w-text-h\"><span class=\"w-text-value\">Pasos a seguir<\/span><\/span><\/div><div class=\"w-separator size_small\"><\/div><div class=\"w-text icon_atleft\"><span class=\"w-text-h\"><i class=\"fas fa-check\"><\/i><span class=\"w-text-value\">Conversemos sobre tus desaf\u00edos y el impacto que deseas generar en tu organizaci\u00f3n.<\/span><\/span><\/div><div class=\"w-separator size_custom\" style=\"height:1rem\"><\/div><div class=\"w-text icon_atleft\"><span class=\"w-text-h\"><i class=\"fas fa-check\"><\/i><span class=\"w-text-value\">Crearemos un plan paso a paso que te permita abordar con efectividad tus desaf\u00edos y objetivos.<\/span><\/span><\/div><div class=\"w-separator size_custom\" style=\"height:1rem\"><\/div><div class=\"w-text icon_atleft\"><span class=\"w-text-h\"><i class=\"fas fa-check\"><\/i><span class=\"w-text-value\">Experimenta los beneficios de la experiencia WRIGHT. Aumenta tu tranquilidad y influencia organizacional.<\/span><\/span><\/div><\/div><\/div><\/div><\/div><\/div><\/div><\/div><\/section><section class=\"l-section wpb_row us_custom_f2b98708 height_medium color_primary\"><div class=\"l-section-h i-cf\"><div class=\"g-cols vc_row via_grid cols_1 laptops-cols_inherit tablets-cols_inherit mobiles-cols_1 valign_top type_default stacking_default\"><div class=\"wpb_column vc_column_container\"><div class=\"vc_column-inner\"><div class=\"w-actionbox color_primary controls_right\"><div class=\"w-actionbox-text\"><h1 class=\"w-actionbox-title\" style=\"font-size:30px\">5 PASOS PARA IMPLEMENTAR UN PROGRAMA DE DESARROLLO DE TALENTOS DE ALTO IMPACTO<\/h1><\/div><div class=\"w-actionbox-controls\"><a class=\"w-btn us-btn-style_1\" target=\"_blank\" href=\"https:\/\/wright.cl\/sitio\/2023\/01\/05\/descarga-la-guia-gratuita\/\" style=\"font-size:1.2rem;\"><span class=\"w-btn-label\">DESCARGA LA GU\u00cdA<\/span><\/a><\/div><\/div><\/div><\/div><\/div><\/div><\/section><section class=\"l-section wpb_row us_custom_c70c97eb height_small width_custom\" style=\"--site-content-width:1000px;\"><div class=\"l-section-h i-cf\"><div class=\"g-cols vc_row via_grid cols_1 laptops-cols_inherit tablets-cols_inherit mobiles-cols_1 valign_top type_default stacking_default\"><div class=\"wpb_column vc_column_container\"><div class=\"vc_column-inner\"><div class=\"wpb_text_column\"><div class=\"wpb_wrapper\"><h2 style=\"text-align: center;\">\u00daltimas publicaciones<\/h2>\n<\/div><\/div><div class=\"w-separator size_medium\"><\/div><div class=\"w-grid us_grid type_grid layout_blog_5 cols_3 preload_style_spinner\" id=\"us_grid_1\" style=\"--columns:3;--gap:1.5rem;\" data-filterable=\"true\"><style>@media (max-width:1024px){#us_grid_1{--columns:2!important}}@media (max-width:600px){#us_grid_1{--columns:1!important}}.layout_blog_5 .w-grid-item-h{}.layout_blog_5 .usg_post_image_1{width:30%!important;margin-right:5%!important}.layout_blog_5 .usg_post_title_1{font-size:1.2rem!important;margin-bottom:0.3rem!important}.layout_blog_5 .usg_post_date_1{color:var(--color-content-faded)!important;font-size:0.8rem!important;line-height:1.6!important}<\/style><div class=\"w-grid-list\">\t<article class=\"w-grid-item size_1x1 post-12716 post type-post status-publish format-standard has-post-thumbnail hentry category-articulo tag-dia-mundial-de-la-salud tag-presentaciones tag-presentaciones-de-alto-impacto\" data-id=\"12716\">\r\n\t\t<div class=\"w-grid-item-h\">\r\n\t\t\t\t\t\t<div class=\"w-hwrapper usg_hwrapper_1 align_none valign_top\"><div class=\"w-post-elm post_image usg_post_image_1 has_width has_ratio\"><a href=\"https:\/\/wright.cl\/sitio\/2026\/04\/01\/presentaciones-de-alto-impacto-cuando-comunicar-bien-tambien-es-cuidar-a-las-personas-de-tu-organizacion\/\" aria-label=\"Presentaciones de Alto Impacto: cuando comunicar bien tambi\u00e9n es cuidar a las personas de tu organizaci\u00f3n\"><img loading=\"lazy\" decoding=\"async\" width=\"150\" height=\"150\" src=\"https:\/\/wright.cl\/sitio\/wp-content\/uploads\/2026\/04\/Portada-BLOG-15-150x150.png\" class=\"attachment-thumbnail size-thumbnail wp-post-image\" alt=\"\" \/><\/a><div style=\"padding-bottom:100%\"><\/div><\/div><div class=\"w-vwrapper usg_vwrapper_1 align_none valign_top\"><h2 class=\"w-post-elm post_title usg_post_title_1 entry-title color_link_inherit\"><a href=\"https:\/\/wright.cl\/sitio\/2026\/04\/01\/presentaciones-de-alto-impacto-cuando-comunicar-bien-tambien-es-cuidar-a-las-personas-de-tu-organizacion\/\">Presentaciones de Alto Impacto: cuando comunicar bien tambi\u00e9n es cuidar a las personas de tu organizaci\u00f3n<\/a><\/h2><time class=\"w-post-elm post_date usg_post_date_1 has_text_color entry-date published\" datetime=\"2026-04-01T15:33:15-03:00\" title=\"1 abril 2026 a las 15:33:15 America\/Santiago\">hace 6 d\u00edas<\/time><\/div><\/div>\t\t<\/div>\r\n\t\t\t<\/article>\r\n\t<article class=\"w-grid-item size_1x1 post-12710 post type-post status-publish format-standard has-post-thumbnail hentry category-articulo category-inteligencia-humana category-liderazgo-sostenible category-programa-fortaleciendo-lideres tag-8m tag-liderar tag-liderazgo-femenino tag-mes-de-la-mujer\" data-id=\"12710\">\r\n\t\t<div class=\"w-grid-item-h\">\r\n\t\t\t\t\t\t<div class=\"w-hwrapper usg_hwrapper_1 align_none valign_top\"><div class=\"w-post-elm post_image usg_post_image_1 has_width has_ratio\"><a href=\"https:\/\/wright.cl\/sitio\/2026\/03\/09\/primeros-pasos-como-lider-todo-lo-que-una-empresa-deberia-preparar\/\" aria-label=\"Primeros pasos como l\u00edder: todo lo que una empresa deber\u00eda preparar\"><img loading=\"lazy\" decoding=\"async\" width=\"150\" height=\"150\" src=\"https:\/\/wright.cl\/sitio\/wp-content\/uploads\/2026\/03\/Portada-BLOG-13-150x150.png\" class=\"attachment-thumbnail size-thumbnail wp-post-image\" alt=\"\" \/><\/a><div style=\"padding-bottom:100%\"><\/div><\/div><div class=\"w-vwrapper usg_vwrapper_1 align_none valign_top\"><h2 class=\"w-post-elm post_title usg_post_title_1 entry-title color_link_inherit\"><a href=\"https:\/\/wright.cl\/sitio\/2026\/03\/09\/primeros-pasos-como-lider-todo-lo-que-una-empresa-deberia-preparar\/\">Primeros pasos como l\u00edder: todo lo que una empresa deber\u00eda preparar<\/a><\/h2><time class=\"w-post-elm post_date usg_post_date_1 has_text_color entry-date published\" datetime=\"2026-03-09T15:17:58-03:00\" title=\"9 marzo 2026 a las 15:17:58 America\/Santiago\">hace 4 semanas<\/time><\/div><\/div>\t\t<\/div>\r\n\t\t\t<\/article>\r\n\t<article class=\"w-grid-item size_1x1 post-12671 post type-post status-publish format-standard has-post-thumbnail hentry category-inteligencia-humana category-seguridad-psicologica\" data-id=\"12671\">\r\n\t\t<div class=\"w-grid-item-h\">\r\n\t\t\t\t\t\t<div class=\"w-hwrapper usg_hwrapper_1 align_none valign_top\"><div class=\"w-post-elm post_image usg_post_image_1 has_width has_ratio\"><a href=\"https:\/\/wright.cl\/sitio\/2026\/02\/05\/innovar-sin-miedo-como-el-miedo-al-error-se-convirtio-en-el-mayor-enemigo-del-aprendizaje\/\" aria-label=\"Innovar sin miedo: c\u00f3mo el miedo al error se convirti\u00f3 en el mayor enemigo del aprendizaje\"><img loading=\"lazy\" decoding=\"async\" width=\"150\" height=\"150\" src=\"https:\/\/wright.cl\/sitio\/wp-content\/uploads\/2026\/02\/Portada-BLOG-11-150x150.png\" class=\"attachment-thumbnail size-thumbnail wp-post-image\" alt=\"\" \/><\/a><div style=\"padding-bottom:100%\"><\/div><\/div><div class=\"w-vwrapper usg_vwrapper_1 align_none valign_top\"><h2 class=\"w-post-elm post_title usg_post_title_1 entry-title color_link_inherit\"><a href=\"https:\/\/wright.cl\/sitio\/2026\/02\/05\/innovar-sin-miedo-como-el-miedo-al-error-se-convirtio-en-el-mayor-enemigo-del-aprendizaje\/\">Innovar sin miedo: c\u00f3mo el miedo al error se convirti\u00f3 en el mayor enemigo del aprendizaje<\/a><\/h2><time class=\"w-post-elm post_date usg_post_date_1 has_text_color entry-date published\" datetime=\"2026-02-05T09:36:41-03:00\" title=\"5 febrero 2026 a las 09:36:41 America\/Santiago\">hace 2 meses<\/time><\/div><\/div>\t\t<\/div>\r\n\t\t\t<\/article>\r\n<\/div>\t<div class=\"w-grid-preloader\">\r\n\t\t<div class=\"g-preloader type_5\">\r\n\t\t\t<div><\/div>\r\n\t\t<\/div>\r\n\t<\/div>\r\n\t\t<div class=\"w-grid-json hidden\" onclick='return {&quot;action&quot;:&quot;us_ajax_grid&quot;,&quot;infinite_scroll&quot;:0,&quot;max_num_pages&quot;:53,&quot;pagination&quot;:&quot;none&quot;,&quot;template_vars&quot;:{&quot;columns&quot;:&quot;3&quot;,&quot;exclude_items&quot;:&quot;none&quot;,&quot;img_size&quot;:&quot;default&quot;,&quot;ignore_items_size&quot;:0,&quot;items_layout&quot;:&quot;blog_5&quot;,&quot;items_offset&quot;:&quot;1&quot;,&quot;load_animation&quot;:&quot;none&quot;,&quot;overriding_link&quot;:&quot;{\\&quot;url\\&quot;:\\&quot;\\&quot;}&quot;,&quot;post_id&quot;:0,&quot;query_args&quot;:{&quot;post_type&quot;:[&quot;post&quot;],&quot;post_status&quot;:[&quot;publish&quot;],&quot;ignore_sticky_posts&quot;:1,&quot;posts_per_page&quot;:&quot;3&quot;},&quot;orderby_query_args&quot;:{&quot;orderby&quot;:{&quot;modified&quot;:&quot;DESC&quot;,&quot;date&quot;:&quot;DESC&quot;}},&quot;type&quot;:&quot;grid&quot;,&quot;us_grid_post_type&quot;:&quot;post&quot;,&quot;us_grid_ajax_index&quot;:1,&quot;us_grid_filter_query_string&quot;:null,&quot;us_grid_index&quot;:1,&quot;page_args&quot;:[]}}'><\/div>\r\n\t<\/div><\/div><\/div><\/div><\/div><\/section>\n","protected":false},"excerpt":{"rendered":"Si hoy lideras un equipo \u2014o eres parte de uno\u2014 seguramente has escuchado frases como: \u201cNecesitamos m\u00e1s innovaci\u00f3n\u201d, \u201cQueremos que la gente proponga ideas\u201d, \u201cBuscamos equipos m\u00e1s proactivos\u201d. \ud83d\udc49 \u00bfTu equipo se siente realmente seguro para equivocarse, hablar, cuestionar y proponer sin miedo? Hoy las empresas invierten en capacitaciones, plataformas de aprendizaje y nuevas metodolog\u00edas....","protected":false},"author":2,"featured_media":0,"parent":0,"menu_order":0,"comment_status":"closed","ping_status":"closed","template":"","meta":{"om_disable_all_campaigns":false,"_monsterinsights_skip_tracking":false,"_monsterinsights_sitenote_active":false,"_monsterinsights_sitenote_note":"","_monsterinsights_sitenote_category":0,"_uf_show_specific_survey":0,"_uf_disable_surveys":false,"footnotes":""},"class_list":["post-12608","page","type-page","status-publish","hentry"],"aioseo_notices":[],"jetpack_sharing_enabled":true,"_links":{"self":[{"href":"https:\/\/wright.cl\/sitio\/wp-json\/wp\/v2\/pages\/12608","targetHints":{"allow":["GET"]}}],"collection":[{"href":"https:\/\/wright.cl\/sitio\/wp-json\/wp\/v2\/pages"}],"about":[{"href":"https:\/\/wright.cl\/sitio\/wp-json\/wp\/v2\/types\/page"}],"author":[{"embeddable":true,"href":"https:\/\/wright.cl\/sitio\/wp-json\/wp\/v2\/users\/2"}],"replies":[{"embeddable":true,"href":"https:\/\/wright.cl\/sitio\/wp-json\/wp\/v2\/comments?post=12608"}],"version-history":[{"count":4,"href":"https:\/\/wright.cl\/sitio\/wp-json\/wp\/v2\/pages\/12608\/revisions"}],"predecessor-version":[{"id":12623,"href":"https:\/\/wright.cl\/sitio\/wp-json\/wp\/v2\/pages\/12608\/revisions\/12623"}],"wp:attachment":[{"href":"https:\/\/wright.cl\/sitio\/wp-json\/wp\/v2\/media?parent=12608"}],"curies":[{"name":"wp","href":"https:\/\/api.w.org\/{rel}","templated":true}]}}