{"id":12680,"date":"2026-02-09T17:13:20","date_gmt":"2026-02-09T20:13:20","guid":{"rendered":"https:\/\/wright.cl\/sitio\/?page_id=12680"},"modified":"2026-03-03T15:00:02","modified_gmt":"2026-03-03T18:00:02","slug":"marjorie-cruz","status":"publish","type":"page","link":"https:\/\/wright.cl\/sitio\/marjorie-cruz\/","title":{"rendered":"Marjorie Cruz Bustamante"},"content":{"rendered":"<section class=\"l-section wpb_row height_medium\"><div class=\"l-section-h i-cf\"><div class=\"g-cols vc_row via_grid cols_1 laptops-cols_inherit tablets-cols_inherit mobiles-cols_1 valign_top type_default stacking_default\"><div class=\"wpb_column vc_column_container us_custom_8e98bef9\"><div class=\"vc_column-inner\"><div class=\"g-cols wpb_row via_grid cols_2-3 laptops-cols_inherit tablets-cols_1 mobiles-cols_1 valign_top type_default stacking_default\" style=\"--columns-gap:3rem;\"><div class=\"wpb_column vc_column_container\"><div class=\"vc_column-inner\"><h2 class=\"w-text\"><span class=\"w-text-h\"><span class=\"w-text-value\">Marjorie Cruz Bustamante<\/span><\/span><\/h2><h5 class=\"w-text\"><span class=\"w-text-h\"><span class=\"w-text-value\">Facilitadora Senior y Consultora en Gesti\u00f3n de Personas<\/span><\/span><\/h5><div class=\"w-separator size_medium\"><\/div><div class=\"wpb_text_column\"><div class=\"wpb_wrapper\"><p>Soy Marjorie Cruz Bustamante, consultora y facilitadora en gesti\u00f3n de personas, chilena, con 16 a\u00f1os de experiencia en el dise\u00f1o e implementaci\u00f3n de programas de formaci\u00f3n y desarrollo para l\u00edderes y contribuidores individuales, tanto en organizaciones del sector privado como del \u00e1mbito p\u00fablico.<\/p>\n<p>Soy Facilitadora de Biodanza y Actriz Profesional, lo que ha enriquecido mi estilo de facilitaci\u00f3n, aport\u00e1ndole cercan\u00eda, dinamismo y una mirada profundamente humana.<\/p>\n<\/div><\/div><\/div><\/div><div class=\"wpb_column vc_column_container\"><div class=\"vc_column-inner\"><div class=\"wpb_text_column\"><div class=\"wpb_wrapper\"><p>Trabajo en formatos presenciales, online e h\u00edbridos, as\u00ed como en procesos que integran assessment y desarrollo del talento. Cuento con la Certificaci\u00f3n Master Trainer (DDI), Certificaci\u00f3n en Selecci\u00f3n por Competencias (DDI) y la Certificaci\u00f3n como Analista Conductual Profesional DISC y Fuerzas Impulsoras de TTI Success Insights.<\/p>\n<p>Me he especializado en Liderazgo, Inteligencia Emocional, Autocuidado y Bienestar, Gesti\u00f3n del Desempe\u00f1o, Comunicaci\u00f3n Efectiva, Gesti\u00f3n del Cambio y Feedback Efectivo, complementando este camino con formaci\u00f3n en diversidad, inclusi\u00f3n, g\u00e9nero y discapacidad.<\/p>\n<p>Durante el a\u00f1o 2025, he trabajado como facilitadora y consultora para organizaciones como Andina Coca-Cola, CMPC, Colun, Toyota, Vi\u00f1a Santa Rita, Servicio Civil, Banco de Chile, AFP Capital y CGE, entre otras, acompa\u00f1ando procesos orientados al fortalecimiento del liderazgo, la cultura organizacional y el bienestar de los equipos.<\/p>\n<\/div><\/div><\/div><\/div><\/div><\/div><\/div><\/div><\/div><\/section><section class=\"l-section wpb_row height_medium\"><div class=\"l-section-h i-cf\"><div class=\"g-cols vc_row via_grid cols_2 laptops-cols_inherit tablets-cols_inherit mobiles-cols_1 valign_middle type_default stacking_default\" style=\"--columns-gap:0rem;\"><div class=\"wpb_column vc_column_container us_custom_9033fdba has_bg_color\"><div class=\"vc_column-inner\"><div class=\"wpb_text_column us_custom_b4198c51\"><div class=\"wpb_wrapper\"><p><span>\u201cMe mueve profundamente generar impacto en la sociedad a trav\u00e9s de los espacios de trabajo, me apasiona invitar y desafiar a las personas a hacerse responsables del impacto de sus acciones en el entorno y en la construcci\u00f3n de la cultura organizacional.\u201d<\/span><\/p>\n<\/div><\/div><div class=\"w-separator size_medium\"><\/div><div class=\"w-socials us_custom_9863f749 has_text_color color_text shape_circle style_colored hover_none\" style=\"--gap:0.2em;\"><div class=\"w-socials-list\"><div class=\"w-socials-item email\"><a target=\"_blank\" rel=\"nofollow\" href=\"mailito:pintoadasmerodrigo@gmail.com\" class=\"w-socials-item-link\" aria-label=\"Correo electr\u00f3nico\"><span class=\"w-socials-item-link-hover\"><\/span><i class=\"fas fa-envelope\"><\/i><\/a><div class=\"w-socials-item-popup\"><span>Correo electr\u00f3nico<\/span><\/div><\/div><div class=\"w-socials-item facebook\"><a target=\"_blank\" rel=\"nofollow\" href=\"https:\/\/www.facebook.com\/WRIGHTConsultores\/\" class=\"w-socials-item-link\" aria-label=\"Facebook\"><span class=\"w-socials-item-link-hover\"><\/span><i class=\"fab fa-facebook\"><\/i><\/a><div class=\"w-socials-item-popup\"><span>Facebook<\/span><\/div><\/div><div class=\"w-socials-item instagram\"><a target=\"_blank\" rel=\"nofollow\" href=\"https:\/\/www.instagram.com\/WrightConsultores\/\" class=\"w-socials-item-link\" aria-label=\"Instagram\"><span class=\"w-socials-item-link-hover\"><\/span><i class=\"fab fa-instagram\"><\/i><\/a><div class=\"w-socials-item-popup\"><span>Instagram<\/span><\/div><\/div><div class=\"w-socials-item linkedin\"><a target=\"_blank\" rel=\"nofollow\" href=\"https:\/\/www.linkedin.com\/in\/rodrigo-pinto-adasme-9b73b93a\/\" class=\"w-socials-item-link\" aria-label=\"LinkedIn\"><span class=\"w-socials-item-link-hover\"><\/span><i class=\"fab fa-linkedin\"><\/i><\/a><div class=\"w-socials-item-popup\"><span>LinkedIn<\/span><\/div><\/div><\/div><\/div><\/div><\/div><div class=\"wpb_column vc_column_container\"><div class=\"vc_column-inner\"><div class=\"w-image has_ratio align_none\"><div class=\"w-image-h\"><div style=\"padding-bottom:100%\"><\/div><img decoding=\"async\" width=\"1024\" height=\"1024\" src=\"https:\/\/wright.cl\/sitio\/wp-content\/uploads\/2026\/02\/60-1024x1024.png\" class=\"attachment-large size-large\" alt=\"\" loading=\"lazy\" \/><\/div><\/div><\/div><\/div><\/div><\/div><\/section>\n","protected":false},"excerpt":{"rendered":"Marjorie Cruz BustamanteFacilitadora Senior y Consultora en Gesti\u00f3n de PersonasSoy Marjorie Cruz Bustamante, consultora y facilitadora en gesti\u00f3n de personas, chilena, con 16 a\u00f1os de experiencia en el dise\u00f1o e implementaci\u00f3n de programas de formaci\u00f3n y desarrollo para l\u00edderes y contribuidores individuales, tanto en organizaciones del sector privado como del \u00e1mbito p\u00fablico. Soy Facilitadora de...","protected":false},"author":2,"featured_media":0,"parent":0,"menu_order":0,"comment_status":"closed","ping_status":"closed","template":"","meta":{"om_disable_all_campaigns":false,"_monsterinsights_skip_tracking":false,"_monsterinsights_sitenote_active":false,"_monsterinsights_sitenote_note":"","_monsterinsights_sitenote_category":0,"_uf_show_specific_survey":0,"_uf_disable_surveys":false,"footnotes":""},"class_list":["post-12680","page","type-page","status-publish","hentry"],"aioseo_notices":[],"jetpack_sharing_enabled":true,"_links":{"self":[{"href":"https:\/\/wright.cl\/sitio\/wp-json\/wp\/v2\/pages\/12680","targetHints":{"allow":["GET"]}}],"collection":[{"href":"https:\/\/wright.cl\/sitio\/wp-json\/wp\/v2\/pages"}],"about":[{"href":"https:\/\/wright.cl\/sitio\/wp-json\/wp\/v2\/types\/page"}],"author":[{"embeddable":true,"href":"https:\/\/wright.cl\/sitio\/wp-json\/wp\/v2\/users\/2"}],"replies":[{"embeddable":true,"href":"https:\/\/wright.cl\/sitio\/wp-json\/wp\/v2\/comments?post=12680"}],"version-history":[{"count":6,"href":"https:\/\/wright.cl\/sitio\/wp-json\/wp\/v2\/pages\/12680\/revisions"}],"predecessor-version":[{"id":12706,"href":"https:\/\/wright.cl\/sitio\/wp-json\/wp\/v2\/pages\/12680\/revisions\/12706"}],"wp:attachment":[{"href":"https:\/\/wright.cl\/sitio\/wp-json\/wp\/v2\/media?parent=12680"}],"curies":[{"name":"wp","href":"https:\/\/api.w.org\/{rel}","templated":true}]}}