{"id":12694,"date":"2026-02-10T16:48:51","date_gmt":"2026-02-10T19:48:51","guid":{"rendered":"https:\/\/wright.cl\/sitio\/?page_id=12694"},"modified":"2026-03-03T16:01:32","modified_gmt":"2026-03-03T19:01:32","slug":"wilda-zahlhaas","status":"publish","type":"page","link":"https:\/\/wright.cl\/sitio\/wilda-zahlhaas\/","title":{"rendered":"Wilda Zahlhaas"},"content":{"rendered":"<section class=\"l-section wpb_row height_medium\"><div class=\"l-section-h i-cf\"><div class=\"g-cols vc_row via_grid cols_1 laptops-cols_inherit tablets-cols_inherit mobiles-cols_1 valign_top type_default stacking_default\"><div class=\"wpb_column vc_column_container us_custom_8e98bef9\"><div class=\"vc_column-inner\"><div class=\"g-cols wpb_row via_grid cols_2-3 laptops-cols_inherit tablets-cols_1 mobiles-cols_1 valign_top type_default stacking_default\" style=\"--columns-gap:3rem;\"><div class=\"wpb_column vc_column_container\"><div class=\"vc_column-inner\"><h2 class=\"w-text\"><span class=\"w-text-h\"><span class=\"w-text-value\">Wilda Zahlhaas R\u00edos<\/span><\/span><\/h2><h5 class=\"w-text\"><span class=\"w-text-h\"><span class=\"w-text-value\">Psic\u00f3loga Cl\u00ednica | Facilitadora y Acompa\u00f1ante de Procesos Humanos<\/span><\/span><\/h5><div class=\"w-separator size_medium\"><\/div><div class=\"wpb_text_column\"><div class=\"wpb_wrapper\"><p data-start=\"209\" data-end=\"520\"><span data-teams=\"true\">Soy Wilda Zahlhaas R\u00edos, psic\u00f3loga cl\u00ednica con orientaci\u00f3n humanista. Mi trabajo se centra en el potencial y los recursos internos de cada persona, integrando una mirada respetuosa y profunda del ser humano en sus dimensiones emocional, corporal, mental y espiritual.<\/span><\/p>\n<\/div><\/div><\/div><\/div><div class=\"wpb_column vc_column_container\"><div class=\"vc_column-inner\"><div class=\"wpb_text_column\"><div class=\"wpb_wrapper\"><p>A lo largo de mi trayectoria he incorporado herramientas como imaginer\u00eda y trabajo corporal, orientadas al bienestar integral. Mi formaci\u00f3n ha sido constante, con especial profundizaci\u00f3n en meditaci\u00f3n y biograf\u00eda humana, \u00e1reas que enriquecen mi acompa\u00f1amiento en procesos de transformaci\u00f3n personal.<\/p>\n<p>Cuento con un diplomado en Bioalimentaci\u00f3n Integral y formaci\u00f3n en sue\u00f1o, neuroinflamaci\u00f3n y Coaching Play. Soy facilitadora de Gestalt Empowerment, soy Doula, acomkp\u00e1\u00f1ando de manera respetuosa procesos de gestaci\u00f3n, parto y postparto, y estoy certificada en DISC y Fuerzas Impulsoras con TTI Success Insights.<\/p>\n<p>He trabajado acompa\u00f1ando a docentes y equipos directivos, he dise\u00f1ado y facilitado charlas de educaci\u00f3n sexual para familias y comunidades educativas, y he facilitado el dise\u00f1o de habilidades blandas en diversas organizaciones junto al equipo de WRIGHT.<\/p>\n<\/div><\/div><\/div><\/div><\/div><\/div><\/div><\/div><\/div><\/section><section class=\"l-section wpb_row height_medium\"><div class=\"l-section-h i-cf\"><div class=\"g-cols vc_row via_grid cols_2 laptops-cols_inherit tablets-cols_inherit mobiles-cols_1 valign_middle type_default stacking_default\" style=\"--columns-gap:0rem;\"><div class=\"wpb_column vc_column_container us_custom_9033fdba has_bg_color\"><div class=\"vc_column-inner\"><div class=\"wpb_text_column us_custom_b4198c51\"><div class=\"wpb_wrapper\"><p><span data-olk-copy-source=\"MessageBody\">\u00abDesde una mirada humanista, emp\u00e1tica y comprometida con el bienestar, acompa\u00f1o a personas y comunidades en sus procesos de crecimiento, sanaci\u00f3n y transformaci\u00f3n, honrando la singularidad de cada historia y el poder de desarrollo que habita en cada ser humano.\u00bb<\/span><\/p>\n<\/div><\/div><div class=\"w-separator size_medium\"><\/div><div class=\"w-socials us_custom_9863f749 has_text_color color_text shape_circle style_colored hover_none\" style=\"--gap:0.2em;\"><div class=\"w-socials-list\"><div class=\"w-socials-item email\"><a target=\"_blank\" rel=\"nofollow\" href=\"mailito:pintoadasmerodrigo@gmail.com\" class=\"w-socials-item-link\" aria-label=\"Correo electr\u00f3nico\"><span class=\"w-socials-item-link-hover\"><\/span><i class=\"fas fa-envelope\"><\/i><\/a><div class=\"w-socials-item-popup\"><span>Correo electr\u00f3nico<\/span><\/div><\/div><div class=\"w-socials-item facebook\"><a target=\"_blank\" rel=\"nofollow\" href=\"https:\/\/www.facebook.com\/WRIGHTConsultores\/\" class=\"w-socials-item-link\" aria-label=\"Facebook\"><span class=\"w-socials-item-link-hover\"><\/span><i class=\"fab fa-facebook\"><\/i><\/a><div class=\"w-socials-item-popup\"><span>Facebook<\/span><\/div><\/div><div class=\"w-socials-item instagram\"><a target=\"_blank\" rel=\"nofollow\" href=\"https:\/\/www.instagram.com\/WrightConsultores\/\" class=\"w-socials-item-link\" aria-label=\"Instagram\"><span class=\"w-socials-item-link-hover\"><\/span><i class=\"fab fa-instagram\"><\/i><\/a><div class=\"w-socials-item-popup\"><span>Instagram<\/span><\/div><\/div><div class=\"w-socials-item linkedin\"><a target=\"_blank\" rel=\"nofollow\" href=\"https:\/\/www.linkedin.com\/in\/rodrigo-pinto-adasme-9b73b93a\/\" class=\"w-socials-item-link\" aria-label=\"LinkedIn\"><span class=\"w-socials-item-link-hover\"><\/span><i class=\"fab fa-linkedin\"><\/i><\/a><div class=\"w-socials-item-popup\"><span>LinkedIn<\/span><\/div><\/div><\/div><\/div><\/div><\/div><div class=\"wpb_column vc_column_container\"><div class=\"vc_column-inner\"><div class=\"w-image has_ratio align_none\"><div class=\"w-image-h\"><div style=\"padding-bottom:100%\"><\/div><img decoding=\"async\" width=\"1024\" height=\"1024\" src=\"https:\/\/wright.cl\/sitio\/wp-content\/uploads\/2026\/02\/61-1024x1024.png\" class=\"attachment-large size-large\" alt=\"\" loading=\"lazy\" \/><\/div><\/div><\/div><\/div><\/div><\/div><\/section>\n","protected":false},"excerpt":{"rendered":"Wilda Zahlhaas R\u00edosPsic\u00f3loga Cl\u00ednica | Facilitadora y Acompa\u00f1ante de Procesos HumanosSoy Wilda Zahlhaas R\u00edos, psic\u00f3loga cl\u00ednica con orientaci\u00f3n humanista. Mi trabajo se centra en el potencial y los recursos internos de cada persona, integrando una mirada respetuosa y profunda del ser humano en sus dimensiones emocional, corporal, mental y espiritual. A lo largo de mi...","protected":false},"author":2,"featured_media":0,"parent":0,"menu_order":0,"comment_status":"closed","ping_status":"closed","template":"","meta":{"om_disable_all_campaigns":false,"_monsterinsights_skip_tracking":false,"_monsterinsights_sitenote_active":false,"_monsterinsights_sitenote_note":"","_monsterinsights_sitenote_category":0,"_uf_show_specific_survey":0,"_uf_disable_surveys":false,"footnotes":""},"class_list":["post-12694","page","type-page","status-publish","hentry"],"aioseo_notices":[],"jetpack_sharing_enabled":true,"_links":{"self":[{"href":"https:\/\/wright.cl\/sitio\/wp-json\/wp\/v2\/pages\/12694","targetHints":{"allow":["GET"]}}],"collection":[{"href":"https:\/\/wright.cl\/sitio\/wp-json\/wp\/v2\/pages"}],"about":[{"href":"https:\/\/wright.cl\/sitio\/wp-json\/wp\/v2\/types\/page"}],"author":[{"embeddable":true,"href":"https:\/\/wright.cl\/sitio\/wp-json\/wp\/v2\/users\/2"}],"replies":[{"embeddable":true,"href":"https:\/\/wright.cl\/sitio\/wp-json\/wp\/v2\/comments?post=12694"}],"version-history":[{"count":5,"href":"https:\/\/wright.cl\/sitio\/wp-json\/wp\/v2\/pages\/12694\/revisions"}],"predecessor-version":[{"id":12707,"href":"https:\/\/wright.cl\/sitio\/wp-json\/wp\/v2\/pages\/12694\/revisions\/12707"}],"wp:attachment":[{"href":"https:\/\/wright.cl\/sitio\/wp-json\/wp\/v2\/media?parent=12694"}],"curies":[{"name":"wp","href":"https:\/\/api.w.org\/{rel}","templated":true}]}}