{"id":1437,"date":"2013-09-06T15:19:20","date_gmt":"2013-09-06T15:19:20","guid":{"rendered":"http:\/\/impreza.us-themes.net\/pages\/contact-2\/"},"modified":"2026-04-02T13:04:50","modified_gmt":"2026-04-02T16:04:50","slug":"conversemos","status":"publish","type":"page","link":"https:\/\/wright.cl\/sitio\/conversemos\/","title":{"rendered":"Conversemos"},"content":{"rendered":"<section class=\"l-section wpb_row height_medium width_custom\" style=\"--site-content-width:1000px;\"><div class=\"l-section-h i-cf\"><div class=\"g-cols vc_row via_grid cols_2 laptops-cols_inherit tablets-cols_inherit mobiles-cols_1 valign_top type_default stacking_default\" style=\"--columns-gap:58px;\"><div class=\"wpb_column vc_column_container\"><div class=\"vc_column-inner\"><div class=\"wpb_text_column\"><div class=\"wpb_wrapper\"><h1>\u00a1Hola!<\/h1>\n<p>Cu\u00e9ntanos cu\u00e1l es tu desaf\u00edo y dise\u00f1aremos junto a ti una soluci\u00f3n personalizada, pr\u00e1ctica y efectiva.<\/p>\n<p>D\u00e9janos tus datos en el siguiente formulario y coordinaremos contigo.<\/p>\n<\/div><\/div><div class=\"w-separator size_medium\"><\/div>\n<div class=\"wpcf7 no-js\" id=\"wpcf7-f8-o1\" lang=\"es-ES\" dir=\"ltr\" data-wpcf7-id=\"8\">\n<div class=\"screen-reader-response\"><p role=\"status\" aria-live=\"polite\" aria-atomic=\"true\"><\/p> <ul><\/ul><\/div>\n<form action=\"\/sitio\/wp-json\/wp\/v2\/pages\/1437#wpcf7-f8-o1\" method=\"post\" class=\"wpcf7-form init\" aria-label=\"Formulario de contacto\" novalidate=\"novalidate\" data-status=\"init\">\n<fieldset class=\"hidden-fields-container\"><input type=\"hidden\" name=\"_wpcf7\" value=\"8\" \/><input type=\"hidden\" name=\"_wpcf7_version\" value=\"6.1.5\" \/><input type=\"hidden\" name=\"_wpcf7_locale\" value=\"es_ES\" \/><input type=\"hidden\" name=\"_wpcf7_unit_tag\" value=\"wpcf7-f8-o1\" \/><input type=\"hidden\" name=\"_wpcf7_container_post\" value=\"0\" \/><input type=\"hidden\" name=\"_wpcf7_posted_data_hash\" value=\"\" \/><input type=\"hidden\" name=\"_wpcf7_recaptcha_response\" value=\"\" \/>\n<\/fieldset>\n<p><label> Tu nombre (requerido)<br \/>\n<span class=\"wpcf7-form-control-wrap\" data-name=\"your-name\"><input size=\"40\" maxlength=\"400\" class=\"wpcf7-form-control wpcf7-text wpcf7-validates-as-required\" aria-required=\"true\" aria-invalid=\"false\" value=\"\" type=\"text\" name=\"your-name\" \/><\/span> <\/label>\n<\/p>\n<p><label> Tu correo electr\u00f3nico (requerido)<br \/>\n<span class=\"wpcf7-form-control-wrap\" data-name=\"your-email\"><input size=\"40\" maxlength=\"400\" class=\"wpcf7-form-control wpcf7-email wpcf7-validates-as-required wpcf7-text wpcf7-validates-as-email\" aria-required=\"true\" aria-invalid=\"false\" value=\"\" type=\"email\" name=\"your-email\" \/><\/span> <\/label>\n<\/p>\n<p><label> Asunto<br \/>\n<span class=\"wpcf7-form-control-wrap\" data-name=\"your-subject\"><input size=\"40\" maxlength=\"400\" class=\"wpcf7-form-control wpcf7-text\" aria-invalid=\"false\" value=\"\" type=\"text\" name=\"your-subject\" \/><\/span> <\/label>\n<\/p>\n<p><label> Tu mensaje (requerido)<br \/>\n<span class=\"wpcf7-form-control-wrap\" data-name=\"your-message\"><textarea cols=\"40\" rows=\"10\" maxlength=\"2000\" class=\"wpcf7-form-control wpcf7-textarea wpcf7-validates-as-required\" aria-required=\"true\" aria-invalid=\"false\" name=\"your-message\"><\/textarea><\/span> <\/label>\n<\/p>\n<p><input class=\"wpcf7-form-control wpcf7-submit has-spinner\" type=\"submit\" value=\"Enviar\" \/>\n<\/p><p style=\"display: none !important;\" class=\"akismet-fields-container\" data-prefix=\"_wpcf7_ak_\"><label>&#916;<textarea name=\"_wpcf7_ak_hp_textarea\" cols=\"45\" rows=\"8\" maxlength=\"100\"><\/textarea><\/label><input type=\"hidden\" id=\"ak_js_1\" name=\"_wpcf7_ak_js\" value=\"224\"\/><script>document.getElementById( \"ak_js_1\" ).setAttribute( \"value\", ( new Date() ).getTime() );<\/script><\/p><div class=\"wpcf7-response-output\" aria-hidden=\"true\"><\/div>\n<\/form>\n<\/div>\n<\/div><\/div><div class=\"wpb_column vc_column_container\"><div class=\"vc_column-inner\"><div class=\"w-iconbox iconpos_left style_outlined color_primary align_left no_text\"><a href=\"mailto:info@wright.cl\" class=\"w-iconbox-link\" aria-label=\"info@wright.cl\"><div class=\"w-iconbox-icon\" style=\"font-size:22px;\"><i class=\"fas fa-envelope\"><\/i><\/div><\/a><div class=\"w-iconbox-meta\"><p class=\"w-iconbox-title\"><a href=\"mailto:info@wright.cl\" class=\"w-iconbox-link\" aria-label=\"info@wright.cl\">info@wright.cl<\/a><\/p><\/div><\/div><div class=\"w-separator size_small\"><\/div><div class=\"w-iconbox iconpos_left style_outlined color_primary align_left no_text\"><a title=\"Cont\u00e1ctanos directamente\" target=\" _blank\" rel=\"nofollow\" href=\"https:\/\/api.whatsapp.com\/send?phone=56992647066\" class=\"w-iconbox-link\" aria-label=\"+56 2 2248 1756\"><div class=\"w-iconbox-icon\" style=\"font-size:22px;\"><i class=\"fas fa-phone-office\"><\/i><\/div><\/a><div class=\"w-iconbox-meta\"><p class=\"w-iconbox-title\"><a title=\"Cont\u00e1ctanos directamente\" target=\" _blank\" rel=\"nofollow\" href=\"https:\/\/api.whatsapp.com\/send?phone=56992647066\" class=\"w-iconbox-link\" aria-label=\"+56 2 2248 1756\">+56 2 2248 1756<\/a><\/p><\/div><\/div><div class=\"w-separator size_small\"><\/div><div class=\"w-iconbox iconpos_left style_outlined color_primary align_left no_text\"><a title=\"Comun\u00edcate directamente con nosotros\" target=\" _blank\" rel=\"nofollow\" href=\"https:\/\/api.whatsapp.com\/send?phone=56992647066\" class=\"w-iconbox-link\" aria-label=\"+56 9 9264 7066\"><div class=\"w-iconbox-icon\" style=\"font-size:22px;\"><i class=\"fas fa-mobile-alt\"><\/i><\/div><\/a><div class=\"w-iconbox-meta\"><p class=\"w-iconbox-title\"><a title=\"Comun\u00edcate directamente con nosotros\" target=\" _blank\" rel=\"nofollow\" href=\"https:\/\/api.whatsapp.com\/send?phone=56992647066\" class=\"w-iconbox-link\" aria-label=\"+56 9 9264 7066\">+56 9 9264 7066<\/a><\/p><\/div><\/div><div class=\"w-iconbox iconpos_left style_outlined color_primary align_left no_text\"><div class=\"w-iconbox-icon\" style=\"font-size:22px;\"><i class=\"fas fa-map-marker-alt\"><\/i><\/div><div class=\"w-iconbox-meta\"><p class=\"w-iconbox-title\">Avda. Las Condes 10415 Oficina 012 &#8211; Edificio Estoril Black &#8211; Las Condes &#8211; CP 7591468<\/p><\/div><\/div><div class=\"w-separator size_medium\"><\/div><div class=\"w-map provider_osm us_custom_8bc5602f\" id=\"us_map_1\"><div class=\"w-map-inner\"><div class=\"w-map-json\" onclick='return {&quot;address&quot;:&quot;Avda. Las Condes 10415, Las Condes.&quot;,&quot;disableDragging&quot;:0,&quot;disableZoom&quot;:0,&quot;hideControls&quot;:0,&quot;zoom&quot;:16,&quot;markers&quot;:[{&quot;address&quot;:&quot;Avda. Las Condes 10415, Las Condes.&quot;,&quot;html&quot;:&quot;Hola, estamos aqu\\u00ed!&quot;,&quot;infowindow&quot;:&quot;1&quot;}],&quot;style&quot;:&quot;https:\\\/\\\/{s}.tile.openstreetmap.org\\\/{z}\\\/{x}\\\/{y}.png&quot;}'><\/div><\/div><\/div><div class=\"w-btn-wrapper align_none\"><a class=\"w-btn us-btn-style_11\" title=\"C\u00f3mo llegar\" target=\" _blank\" rel=\"nofollow\" href=\"https:\/\/wright.cl\/sitio\/como-llegar\/\"><span class=\"w-btn-label\">Ver C\u00f3mo Llegar<\/span><\/a><\/div><div class=\"w-separator size_medium\"><\/div><div class=\"w-iconbox iconpos_left style_default color_primary align_left no_text\"><div class=\"w-iconbox-icon\" style=\"font-size:2rem;\"><i class=\"material-icons\">access_time<\/i><\/div><div class=\"w-iconbox-meta\"><h4 class=\"w-iconbox-title\">Lunes a jueves 09:00 a 18:00 hrs<\/h4><\/div><\/div><div class=\"w-iconbox iconpos_left style_default color_primary align_left no_text\"><div class=\"w-iconbox-icon\" style=\"font-size:2rem;\"><i class=\"material-icons\">access_time<\/i><\/div><div class=\"w-iconbox-meta\"><h4 class=\"w-iconbox-title\">Viernes 09:00 a 14:00 hrs<\/h4><\/div><\/div><\/div><\/div><\/div><\/div><\/section><section class=\"l-section wpb_row height_medium width_custom\" style=\"--site-content-width:1000px;\"><div class=\"l-section-overlay\" style=\"background:var(--color-chrome-toolbar)\"><\/div><div class=\"l-section-h i-cf\"><div class=\"g-cols vc_row via_grid cols_1 laptops-cols_inherit tablets-cols_inherit mobiles-cols_1 valign_middle type_default stacking_default\"><div class=\"wpb_column vc_column_container us_custom_2c45f91b\"><div class=\"vc_column-inner\"><h3 class=\"w-text us_custom_54066e03 has_text_color\"><span class=\"w-text-h\"><span class=\"w-text-value\">\u00bfQuieres agendar f\u00e1cil?<\/span><\/span><\/h3><div class=\"w-separator size_small\"><\/div><div class=\"w-btn-wrapper align_center\"><a class=\"w-btn us-btn-style_1 us_custom_d801f8ff\" target=\"_blank\" href=\"https:\/\/calendly.com\/alejandrawright\/wright\"><span class=\"w-btn-label\">\u00a1Vamos!<\/span><\/a><\/div><div class=\"w-separator size_small\"><\/div><div class=\"wpb_text_column us_custom_1f8d6c0b has_text_color\"><div class=\"wpb_wrapper\"><p>Escoge una fecha disponible en el calendario<\/p>\n<\/div><\/div><\/div><\/div><\/div><\/div><\/section>\n","protected":false},"excerpt":{"rendered":"\u00a1Hola! Cu\u00e9ntanos cu\u00e1l es tu desaf\u00edo y dise\u00f1aremos junto a ti una soluci\u00f3n personalizada, pr\u00e1ctica y efectiva. D\u00e9janos tus datos en el siguiente formulario y coordinaremos contigo. Tu nombre (requerido) Tu correo electr\u00f3nico (requerido) Asunto Tu mensaje (requerido) &#916; info@wright.cl+56 2 2248 1756+56 9 9264 7066Avda. Las Condes 10415 Oficina 012 &#8211; Edificio Estoril Black...","protected":false},"author":1,"featured_media":0,"parent":0,"menu_order":0,"comment_status":"closed","ping_status":"closed","template":"","meta":{"om_disable_all_campaigns":false,"_monsterinsights_skip_tracking":false,"_monsterinsights_sitenote_active":false,"_monsterinsights_sitenote_note":"","_monsterinsights_sitenote_category":0,"_uf_show_specific_survey":0,"_uf_disable_surveys":false,"footnotes":""},"class_list":["post-1437","page","type-page","status-publish","hentry"],"aioseo_notices":[],"jetpack_sharing_enabled":true,"_links":{"self":[{"href":"https:\/\/wright.cl\/sitio\/wp-json\/wp\/v2\/pages\/1437","targetHints":{"allow":["GET"]}}],"collection":[{"href":"https:\/\/wright.cl\/sitio\/wp-json\/wp\/v2\/pages"}],"about":[{"href":"https:\/\/wright.cl\/sitio\/wp-json\/wp\/v2\/types\/page"}],"author":[{"embeddable":true,"href":"https:\/\/wright.cl\/sitio\/wp-json\/wp\/v2\/users\/1"}],"replies":[{"embeddable":true,"href":"https:\/\/wright.cl\/sitio\/wp-json\/wp\/v2\/comments?post=1437"}],"version-history":[{"count":39,"href":"https:\/\/wright.cl\/sitio\/wp-json\/wp\/v2\/pages\/1437\/revisions"}],"predecessor-version":[{"id":12729,"href":"https:\/\/wright.cl\/sitio\/wp-json\/wp\/v2\/pages\/1437\/revisions\/12729"}],"wp:attachment":[{"href":"https:\/\/wright.cl\/sitio\/wp-json\/wp\/v2\/media?parent=1437"}],"curies":[{"name":"wp","href":"https:\/\/api.w.org\/{rel}","templated":true}]}}