{"id":6830,"date":"2019-01-02T21:05:48","date_gmt":"2019-01-03T00:05:48","guid":{"rendered":"https:\/\/wright.cl\/sitio\/?page_id=6830"},"modified":"2024-05-14T17:01:16","modified_gmt":"2024-05-14T21:01:16","slug":"maria-paz-wright","status":"publish","type":"page","link":"https:\/\/wright.cl\/sitio\/maria-paz-wright\/","title":{"rendered":"Mar\u00eda Paz Wright"},"content":{"rendered":"<section class=\"l-section wpb_row height_medium\"><div class=\"l-section-h i-cf\"><div class=\"g-cols vc_row via_grid cols_1 laptops-cols_inherit tablets-cols_inherit mobiles-cols_1 valign_top type_default stacking_default\"><div class=\"wpb_column vc_column_container us_custom_41879682\"><div class=\"vc_column-inner\"><div class=\"g-cols wpb_row via_grid cols_2-3 laptops-cols_inherit tablets-cols_1 mobiles-cols_1 valign_top type_default stacking_default\" style=\"--columns-gap:3rem;\"><div class=\"wpb_column vc_column_container\"><div class=\"vc_column-inner\"><h2 class=\"w-text\"><span class=\"w-text-h\"><span class=\"w-text-value\">Mar\u00eda Paz Wright<\/span><\/span><\/h2><h5 class=\"w-text\"><span class=\"w-text-h\"><span class=\"w-text-value\">Facilitadora Senior y Coach<\/span><\/span><\/h5><div class=\"w-separator size_medium\"><\/div><div class=\"wpb_text_column\"><div class=\"wpb_wrapper\"><p>Soy Mar\u00eda Paz, consultora senior en WRIGHT desde hace m\u00e1s de 15 a\u00f1os y una de las precursoras de nuestros programas de formaci\u00f3n m\u00e1s exitosos: Fortaleciendo L\u00edderes, Team Empowerment y Trainer The Trainers.<\/p>\n<p>De nacionalidad chilena, soy life coach, publicista y diplomada en Recursos Humanos y Coaching. Con cerca de 20 a\u00f1os de experiencia, he sido l\u00edder en diversas organizaciones y he facilitado procesos de aprendizaje en empresas de distintos rubros y tama\u00f1os.<\/p>\n<\/div><\/div><\/div><\/div><div class=\"wpb_column vc_column_container\"><div class=\"vc_column-inner\"><div class=\"wpb_text_column\"><div class=\"wpb_wrapper\"><p>Estoy certificada internacionalmente como analista de comportamientos, motivadores e inteligencia emocional por TTI Success Insights. Adem\u00e1s, formo parte del directorio de la International Coaching Network y me he especializado en m\u00faltiples metodolog\u00edas de facilitaci\u00f3n y coaching, como Art of Hosting y la metodolog\u00eda de gesti\u00f3n de equipos Gestalt Empowerment, siendo parte de nuestro programa Team Empowerment.<\/p>\n<p>Soy diplomada en Educaci\u00f3n Emocional y Coaching y he sido la facilitadora oficial de programas corporativos para clientes de WRIGHT como Nestl\u00e9, TECK, CCU, Falabella, CMP, SURA, Farmacias Cruz Verde, GASCO, Cuprum y Air Products, entre otras organizaciones. Tambi\u00e9n he trabajado como Coach Ejecutivo en los procesos de coaching individual que brinda WRIGHT.<\/p>\n<p>Actualmente, estoy profundizando mis habilidades como coach en la Certificaci\u00f3n de Coaching Ontol\u00f3gico ACP de Newfield Network.<\/p>\n<\/div><\/div><\/div><\/div><\/div><\/div><\/div><\/div><\/div><\/section><section class=\"l-section wpb_row height_medium\"><div class=\"l-section-h i-cf\"><div class=\"g-cols vc_row via_grid cols_2 laptops-cols_inherit tablets-cols_inherit mobiles-cols_1 valign_middle type_default stacking_default\" style=\"--columns-gap:0rem;\"><div class=\"wpb_column vc_column_container us_custom_9033fdba has_bg_color\"><div class=\"vc_column-inner\"><div class=\"wpb_text_column\"><div class=\"wpb_wrapper\"><h6 style=\"text-align: left;\">\u00abCon mi energ\u00eda positiva, respeto por la diversidad y pasi\u00f3n por la comunicaci\u00f3n, contribuyo al desarrollo de talentos y el bienestar en WRIGHT. Me encanta acompa\u00f1ar a las personas en su camino hacia el \u00e9xito y la felicidad.\u00bb<\/h6>\n<\/div><\/div><div class=\"w-separator size_medium\"><\/div><div class=\"w-socials us_custom_d6c5e054 color_text shape_circle style_colored hover_none\" style=\"--gap:0.2em;\"><div class=\"w-socials-list\"><div class=\"w-socials-item email\"><a href=\"mailto:info@wright.cl\" class=\"w-socials-item-link\" aria-label=\"Correo electr\u00f3nico\"><span class=\"w-socials-item-link-hover\"><\/span><i class=\"fas fa-envelope\"><\/i><\/a><div class=\"w-socials-item-popup\"><span>Correo electr\u00f3nico<\/span><\/div><\/div><div class=\"w-socials-item facebook\"><a target=\"_blank\" rel=\"nofollow\" href=\"https:\/\/www.facebook.com\/WRIGHTConsultores\/\" class=\"w-socials-item-link\" aria-label=\"Facebook\"><span class=\"w-socials-item-link-hover\"><\/span><i class=\"fab fa-facebook\"><\/i><\/a><div class=\"w-socials-item-popup\"><span>Facebook<\/span><\/div><\/div><div class=\"w-socials-item instagram\"><a target=\"_blank\" rel=\"nofollow\" href=\"https:\/\/www.instagram.com\/WrightConsultores\/\" class=\"w-socials-item-link\" aria-label=\"Instagram\"><span class=\"w-socials-item-link-hover\"><\/span><i class=\"fab fa-instagram\"><\/i><\/a><div class=\"w-socials-item-popup\"><span>Instagram<\/span><\/div><\/div><div class=\"w-socials-item linkedin\"><a target=\"_blank\" rel=\"nofollow\" href=\"https:\/\/www.linkedin.com\/company\/wrightconsultores\/\" class=\"w-socials-item-link\" aria-label=\"LinkedIn\"><span class=\"w-socials-item-link-hover\"><\/span><i class=\"fab fa-linkedin\"><\/i><\/a><div class=\"w-socials-item-popup\"><span>LinkedIn<\/span><\/div><\/div><\/div><\/div><\/div><\/div><div class=\"wpb_column vc_column_container\"><div class=\"vc_column-inner\"><div class=\"w-image has_ratio align_none\"><div class=\"w-image-h\"><div style=\"padding-bottom:100%\"><\/div><img decoding=\"async\" width=\"1024\" height=\"1024\" src=\"https:\/\/wright.cl\/sitio\/wp-content\/uploads\/2024\/05\/45-1024x1024.png\" class=\"attachment-large size-large\" alt=\"\" loading=\"lazy\" \/><\/div><\/div><\/div><\/div><\/div><\/div><\/section>\n","protected":false},"excerpt":{"rendered":"Mar\u00eda Paz WrightFacilitadora Senior y CoachSoy Mar\u00eda Paz, consultora senior en WRIGHT desde hace m\u00e1s de 15 a\u00f1os y una de las precursoras de nuestros programas de formaci\u00f3n m\u00e1s exitosos: Fortaleciendo L\u00edderes, Team Empowerment y Trainer The Trainers. De nacionalidad chilena, soy life coach, publicista y diplomada en Recursos Humanos y Coaching. Con cerca de...","protected":false},"author":1,"featured_media":0,"parent":0,"menu_order":0,"comment_status":"closed","ping_status":"closed","template":"","meta":{"om_disable_all_campaigns":false,"_monsterinsights_skip_tracking":false,"_monsterinsights_sitenote_active":false,"_monsterinsights_sitenote_note":"","_monsterinsights_sitenote_category":0,"_uf_show_specific_survey":0,"_uf_disable_surveys":false,"footnotes":""},"class_list":["post-6830","page","type-page","status-publish","hentry"],"aioseo_notices":[],"jetpack_sharing_enabled":true,"_links":{"self":[{"href":"https:\/\/wright.cl\/sitio\/wp-json\/wp\/v2\/pages\/6830","targetHints":{"allow":["GET"]}}],"collection":[{"href":"https:\/\/wright.cl\/sitio\/wp-json\/wp\/v2\/pages"}],"about":[{"href":"https:\/\/wright.cl\/sitio\/wp-json\/wp\/v2\/types\/page"}],"author":[{"embeddable":true,"href":"https:\/\/wright.cl\/sitio\/wp-json\/wp\/v2\/users\/1"}],"replies":[{"embeddable":true,"href":"https:\/\/wright.cl\/sitio\/wp-json\/wp\/v2\/comments?post=6830"}],"version-history":[{"count":27,"href":"https:\/\/wright.cl\/sitio\/wp-json\/wp\/v2\/pages\/6830\/revisions"}],"predecessor-version":[{"id":11953,"href":"https:\/\/wright.cl\/sitio\/wp-json\/wp\/v2\/pages\/6830\/revisions\/11953"}],"wp:attachment":[{"href":"https:\/\/wright.cl\/sitio\/wp-json\/wp\/v2\/media?parent=6830"}],"curies":[{"name":"wp","href":"https:\/\/api.w.org\/{rel}","templated":true}]}}