{"id":6837,"date":"2019-01-02T21:17:00","date_gmt":"2019-01-03T00:17:00","guid":{"rendered":"https:\/\/wright.cl\/sitio\/?page_id=6837"},"modified":"2024-05-14T16:51:49","modified_gmt":"2024-05-14T20:51:49","slug":"karsten-petersen","status":"publish","type":"page","link":"https:\/\/wright.cl\/sitio\/karsten-petersen\/","title":{"rendered":"Karsten Petersen"},"content":{"rendered":"<section class=\"l-section wpb_row height_medium\"><div class=\"l-section-h i-cf\"><div class=\"g-cols vc_row via_grid cols_1 laptops-cols_inherit tablets-cols_inherit mobiles-cols_1 valign_top type_default stacking_default\"><div class=\"wpb_column vc_column_container us_custom_41879682\"><div class=\"vc_column-inner\"><div class=\"g-cols wpb_row via_grid cols_2-3 laptops-cols_inherit tablets-cols_1 mobiles-cols_1 valign_top type_default stacking_default\" style=\"--columns-gap:3rem;\"><div class=\"wpb_column vc_column_container\"><div class=\"vc_column-inner\"><h2 class=\"w-text\"><span class=\"w-text-h\"><span class=\"w-text-value\">Karsten Petersen<\/span><\/span><\/h2><h5 class=\"w-text\"><span class=\"w-text-h\"><span class=\"w-text-value\">Gerente de Operaciones<\/span><\/span><\/h5><div class=\"w-separator size_medium\"><\/div><div class=\"wpb_text_column\"><div class=\"wpb_wrapper\"><p>Soy Karsten, gerente de operaciones en WRIGHT. Tengo un Master of Science en Econom\u00eda de la Universidad de Copenhague, Dinamarca, y soy de nacionalidad danesa.\u00a0<\/p>\n<\/div><\/div><\/div><\/div><div class=\"wpb_column vc_column_container\"><div class=\"vc_column-inner\"><div class=\"wpb_text_column\"><div class=\"wpb_wrapper\"><p>Cuento con m\u00e1s de 18 a\u00f1os de experiencia laboral, durante los cuales me he desempe\u00f1ado como Equity Trader y l\u00edder de equipos en importantes empresas del sector financiero en Europa.<\/p>\n<p><span class=\"ui-provider a b c d e f g h i j k l m n o p q r s t u v w x y z ab ac ae af ag ah ai aj ak\" dir=\"ltr\">Estoy certificado internacionalmente como analista de comportamientos y motivadores por TTI Success Insights. Adem\u00e1s, formo parte del International Talent Group ITG y soy facilitador certificado del programa internacional The Complete Leader.<\/span><\/p>\n<\/div><\/div><div class=\"w-separator size_medium\"><\/div><div class=\"wpb_text_column\"><div class=\"wpb_wrapper\"><p><img loading=\"lazy\" decoding=\"async\" class=\"alignnone wp-image-6798\" src=\"https:\/\/wright.cl\/sitio\/wp-content\/uploads\/2018\/12\/Denmark.png\" alt=\"\" width=\"32\" height=\"32\" \/> <img loading=\"lazy\" decoding=\"async\" class=\"alignnone wp-image-6800\" src=\"https:\/\/wright.cl\/sitio\/wp-content\/uploads\/2018\/12\/United-Kingdom.png\" alt=\"\" width=\"32\" height=\"32\" \/> <img loading=\"lazy\" decoding=\"async\" class=\"alignnone wp-image-6799\" src=\"https:\/\/wright.cl\/sitio\/wp-content\/uploads\/2018\/12\/Spain.png\" alt=\"\" width=\"32\" height=\"32\" \/><\/p>\n<\/div><\/div><\/div><\/div><\/div><\/div><\/div><\/div><\/div><\/section><section class=\"l-section wpb_row height_medium\"><div class=\"l-section-h i-cf\"><div class=\"g-cols vc_row via_grid cols_2 laptops-cols_inherit tablets-cols_inherit mobiles-cols_1 valign_middle type_default stacking_default\" style=\"--columns-gap:0rem;\"><div class=\"wpb_column vc_column_container us_custom_9033fdba has_bg_color\"><div class=\"vc_column-inner\"><div class=\"wpb_text_column\"><div class=\"wpb_wrapper\"><h6 style=\"text-align: left;\">\u00abEn WRIGHT, trabajamos en equipo para lograr resultados extraordinarios. Mi pasi\u00f3n es unir a las personas y aprovechar sus fortalezas individuales para alcanzar objetivos comunes.\u00bb<\/h6>\n<\/div><\/div><div class=\"w-separator size_medium\"><\/div><div class=\"w-socials us_custom_d6c5e054 color_text shape_circle style_colored hover_none\" style=\"--gap:0.2em;\"><div class=\"w-socials-list\"><div class=\"w-socials-item email\"><a href=\"mailto:kpetersen@wright.cl\" class=\"w-socials-item-link\" aria-label=\"Correo electr\u00f3nico\"><span class=\"w-socials-item-link-hover\"><\/span><i class=\"fas fa-envelope\"><\/i><\/a><div class=\"w-socials-item-popup\"><span>Correo electr\u00f3nico<\/span><\/div><\/div><div class=\"w-socials-item facebook\"><a target=\"_blank\" rel=\"nofollow\" href=\"https:\/\/www.facebook.com\/WRIGHTConsultores\/\" class=\"w-socials-item-link\" aria-label=\"Facebook\"><span class=\"w-socials-item-link-hover\"><\/span><i class=\"fab fa-facebook\"><\/i><\/a><div class=\"w-socials-item-popup\"><span>Facebook<\/span><\/div><\/div><div class=\"w-socials-item instagram\"><a target=\"_blank\" rel=\"nofollow\" href=\"https:\/\/www.instagram.com\/WrightConsultores\/\" class=\"w-socials-item-link\" aria-label=\"Instagram\"><span class=\"w-socials-item-link-hover\"><\/span><i class=\"fab fa-instagram\"><\/i><\/a><div class=\"w-socials-item-popup\"><span>Instagram<\/span><\/div><\/div><div class=\"w-socials-item linkedin\"><a target=\"_blank\" rel=\"nofollow\" href=\"https:\/\/www.linkedin.com\/company\/wrightconsultores\/\" class=\"w-socials-item-link\" aria-label=\"LinkedIn\"><span class=\"w-socials-item-link-hover\"><\/span><i class=\"fab fa-linkedin\"><\/i><\/a><div class=\"w-socials-item-popup\"><span>LinkedIn<\/span><\/div><\/div><\/div><\/div><\/div><\/div><div class=\"wpb_column vc_column_container\"><div class=\"vc_column-inner\"><div class=\"w-image has_ratio align_none\"><div class=\"w-image-h\"><div style=\"padding-bottom:100%\"><\/div><img decoding=\"async\" width=\"1024\" height=\"1024\" src=\"https:\/\/wright.cl\/sitio\/wp-content\/uploads\/2024\/05\/37-1024x1024.png\" class=\"attachment-large size-large\" alt=\"\" loading=\"lazy\" \/><\/div><\/div><\/div><\/div><\/div><\/div><\/section>\n","protected":false},"excerpt":{"rendered":"Karsten PetersenGerente de OperacionesSoy Karsten, gerente de operaciones en WRIGHT. Tengo un Master of Science en Econom\u00eda de la Universidad de Copenhague, Dinamarca, y soy de nacionalidad danesa.\u00a0 Cuento con m\u00e1s de 18 a\u00f1os de experiencia laboral, durante los cuales me he desempe\u00f1ado como Equity Trader y l\u00edder de equipos en importantes empresas del sector...","protected":false},"author":1,"featured_media":0,"parent":0,"menu_order":0,"comment_status":"closed","ping_status":"closed","template":"","meta":{"om_disable_all_campaigns":false,"_monsterinsights_skip_tracking":false,"_monsterinsights_sitenote_active":false,"_monsterinsights_sitenote_note":"","_monsterinsights_sitenote_category":0,"_uf_show_specific_survey":0,"_uf_disable_surveys":false,"footnotes":""},"class_list":["post-6837","page","type-page","status-publish","hentry"],"aioseo_notices":[],"jetpack_sharing_enabled":true,"_links":{"self":[{"href":"https:\/\/wright.cl\/sitio\/wp-json\/wp\/v2\/pages\/6837","targetHints":{"allow":["GET"]}}],"collection":[{"href":"https:\/\/wright.cl\/sitio\/wp-json\/wp\/v2\/pages"}],"about":[{"href":"https:\/\/wright.cl\/sitio\/wp-json\/wp\/v2\/types\/page"}],"author":[{"embeddable":true,"href":"https:\/\/wright.cl\/sitio\/wp-json\/wp\/v2\/users\/1"}],"replies":[{"embeddable":true,"href":"https:\/\/wright.cl\/sitio\/wp-json\/wp\/v2\/comments?post=6837"}],"version-history":[{"count":27,"href":"https:\/\/wright.cl\/sitio\/wp-json\/wp\/v2\/pages\/6837\/revisions"}],"predecessor-version":[{"id":11949,"href":"https:\/\/wright.cl\/sitio\/wp-json\/wp\/v2\/pages\/6837\/revisions\/11949"}],"wp:attachment":[{"href":"https:\/\/wright.cl\/sitio\/wp-json\/wp\/v2\/media?parent=6837"}],"curies":[{"name":"wp","href":"https:\/\/api.w.org\/{rel}","templated":true}]}}