{"id":6868,"date":"2019-01-03T01:13:10","date_gmt":"2019-01-03T04:13:10","guid":{"rendered":"https:\/\/wright.cl\/sitio\/?page_id=6868"},"modified":"2025-04-17T17:44:13","modified_gmt":"2025-04-17T21:44:13","slug":"isabel-villalobos","status":"publish","type":"page","link":"https:\/\/wright.cl\/sitio\/isabel-villalobos\/","title":{"rendered":"Isabel Villalobos"},"content":{"rendered":"<section class=\"l-section wpb_row height_medium\"><div class=\"l-section-h i-cf\"><div class=\"g-cols vc_row via_grid cols_1 laptops-cols_inherit tablets-cols_inherit mobiles-cols_1 valign_top type_default stacking_default\"><div class=\"wpb_column vc_column_container us_custom_8e98bef9\"><div class=\"vc_column-inner\"><div class=\"g-cols wpb_row via_grid cols_2-3 laptops-cols_inherit tablets-cols_1 mobiles-cols_1 valign_top type_default stacking_default\" style=\"--columns-gap:3rem;\"><div class=\"wpb_column vc_column_container\"><div class=\"vc_column-inner\"><h2 class=\"w-text\"><span class=\"w-text-h\"><span class=\"w-text-value\">Isabel Villalobos<\/span><\/span><\/h2><h5 class=\"w-text\"><span class=\"w-text-h\"><span class=\"w-text-value\">Facilitadora Senior y Coach<\/span><\/span><\/h5><div class=\"w-separator size_medium\"><\/div><div class=\"wpb_text_column\"><div class=\"wpb_wrapper\"><p>Soy Isabel, Comunicadora Social y Coach Ontol\u00f3gico y Ejecutivo, con 15 a\u00f1os de experiencia en \u00e1reas de Marketing en empresas multinacionales y 10 a\u00f1os dedicados a acompa\u00f1ar a otros en lo que me apasiona: el florecimiento humano.<\/p>\n<p>Estoy certificada como Coach Ontol\u00f3gico por Newfield Network y tengo un Mag\u00edster en Habilidades Directivas de la Universidad Adolfo Ib\u00e1\u00f1ez. Esto me permite realizar sesiones de coaching ejecutivo y de equipo, as\u00ed como facilitar experiencias de aprendizaje para individuos y grandes audiencias en ingl\u00e9s y espa\u00f1ol.<\/p>\n<\/div><\/div><\/div><\/div><div class=\"wpb_column vc_column_container\"><div class=\"vc_column-inner\"><div class=\"wpb_text_column\"><div class=\"wpb_wrapper\"><p>Cuento con diversas certificaciones, incluyendo la metodolog\u00eda Teor\u00eda U de Otto Scharmer (MIT), que fomenta la innovaci\u00f3n y cambios significativos dentro de las organizaciones, y Gestalt Empowerment, enfocada en la creaci\u00f3n de equipos aut\u00f3nomos y colaborativos. Adem\u00e1s, soy analista certificada internacionalmente en comportamientos, Teor\u00eda de Motivadores e Inteligencia Emocional por TTI Success Insights.<\/p>\n<p>Mi enfoque se centra en el desarrollo organizacional, abarcando la gesti\u00f3n de proyectos estrat\u00e9gicos, redise\u00f1o de procesos, evaluaci\u00f3n de desempe\u00f1o, diagn\u00f3stico organizacional, gesti\u00f3n del clima, fortalecimiento de la cultura y desarrollo de capacidades de liderazgo a trav\u00e9s de talleres y coaching.<\/p>\n<p>Actualmente, formo parte del equipo de WRIGHT, donde brindo servicios de coaching y facilitaci\u00f3n, contribuyendo al crecimiento y desarrollo de individuos y equipos dentro de las organizaciones.<\/p>\n<\/div><\/div><\/div><\/div><\/div><\/div><\/div><\/div><\/div><\/section><section class=\"l-section wpb_row height_medium\"><div class=\"l-section-h i-cf\"><div class=\"g-cols vc_row via_grid cols_2 laptops-cols_inherit tablets-cols_inherit mobiles-cols_1 valign_middle type_default stacking_default\" style=\"--columns-gap:0rem;\"><div class=\"wpb_column vc_column_container us_custom_9033fdba has_bg_color\"><div class=\"vc_column-inner\"><div class=\"wpb_text_column\"><div class=\"wpb_wrapper\"><h6 style=\"text-align: left;\">\u00abMe apasiona cambiar los resultados por medio de nuevas acciones; fomentando el aprendizaje continuo y constante\u00bb<\/h6>\n<\/div><\/div><div class=\"w-separator size_medium\"><\/div><div class=\"w-socials us_custom_d6c5e054 color_text shape_circle style_colored hover_none\" style=\"--gap:0.2em;\"><div class=\"w-socials-list\"><div class=\"w-socials-item email\"><a href=\"mailto:ivillalobos@consultores.wright.cl\" class=\"w-socials-item-link\" aria-label=\"Correo electr\u00f3nico\"><span class=\"w-socials-item-link-hover\"><\/span><i class=\"fas fa-envelope\"><\/i><\/a><div class=\"w-socials-item-popup\"><span>Correo electr\u00f3nico<\/span><\/div><\/div><div class=\"w-socials-item facebook\"><a target=\"_blank\" rel=\"nofollow\" href=\"https:\/\/www.facebook.com\/WRIGHTConsultores\/\" class=\"w-socials-item-link\" aria-label=\"Facebook\"><span class=\"w-socials-item-link-hover\"><\/span><i class=\"fab fa-facebook\"><\/i><\/a><div class=\"w-socials-item-popup\"><span>Facebook<\/span><\/div><\/div><div class=\"w-socials-item instagram\"><a target=\"_blank\" rel=\"nofollow\" href=\"https:\/\/www.instagram.com\/WrightConsultores\/\" class=\"w-socials-item-link\" aria-label=\"Instagram\"><span class=\"w-socials-item-link-hover\"><\/span><i class=\"fab fa-instagram\"><\/i><\/a><div class=\"w-socials-item-popup\"><span>Instagram<\/span><\/div><\/div><div class=\"w-socials-item linkedin\"><a target=\"_blank\" rel=\"nofollow\" href=\"https:\/\/www.linkedin.com\/in\/m-isabel-villalobos-v-0b280a83\/\" class=\"w-socials-item-link\" aria-label=\"LinkedIn\"><span class=\"w-socials-item-link-hover\"><\/span><i class=\"fab fa-linkedin\"><\/i><\/a><div class=\"w-socials-item-popup\"><span>LinkedIn<\/span><\/div><\/div><\/div><\/div><\/div><\/div><div class=\"wpb_column vc_column_container\"><div class=\"vc_column-inner\"><div class=\"w-image has_ratio align_none\"><div class=\"w-image-h\"><div style=\"padding-bottom:100%\"><\/div><img decoding=\"async\" width=\"1024\" height=\"1024\" src=\"https:\/\/wright.cl\/sitio\/wp-content\/uploads\/2024\/05\/43-1024x1024.png\" class=\"attachment-large size-large\" alt=\"\" loading=\"lazy\" \/><\/div><\/div><\/div><\/div><\/div><\/div><\/section>\n","protected":false},"excerpt":{"rendered":"Isabel VillalobosFacilitadora Senior y CoachSoy Isabel, Comunicadora Social y Coach Ontol\u00f3gico y Ejecutivo, con 15 a\u00f1os de experiencia en \u00e1reas de Marketing en empresas multinacionales y 10 a\u00f1os dedicados a acompa\u00f1ar a otros en lo que me apasiona: el florecimiento humano. Estoy certificada como Coach Ontol\u00f3gico por Newfield Network y tengo un Mag\u00edster en Habilidades...","protected":false},"author":1,"featured_media":0,"parent":0,"menu_order":0,"comment_status":"closed","ping_status":"closed","template":"","meta":{"om_disable_all_campaigns":false,"_monsterinsights_skip_tracking":false,"_monsterinsights_sitenote_active":false,"_monsterinsights_sitenote_note":"","_monsterinsights_sitenote_category":0,"_uf_show_specific_survey":0,"_uf_disable_surveys":false,"footnotes":""},"class_list":["post-6868","page","type-page","status-publish","hentry"],"aioseo_notices":[],"jetpack_sharing_enabled":true,"_links":{"self":[{"href":"https:\/\/wright.cl\/sitio\/wp-json\/wp\/v2\/pages\/6868","targetHints":{"allow":["GET"]}}],"collection":[{"href":"https:\/\/wright.cl\/sitio\/wp-json\/wp\/v2\/pages"}],"about":[{"href":"https:\/\/wright.cl\/sitio\/wp-json\/wp\/v2\/types\/page"}],"author":[{"embeddable":true,"href":"https:\/\/wright.cl\/sitio\/wp-json\/wp\/v2\/users\/1"}],"replies":[{"embeddable":true,"href":"https:\/\/wright.cl\/sitio\/wp-json\/wp\/v2\/comments?post=6868"}],"version-history":[{"count":28,"href":"https:\/\/wright.cl\/sitio\/wp-json\/wp\/v2\/pages\/6868\/revisions"}],"predecessor-version":[{"id":12479,"href":"https:\/\/wright.cl\/sitio\/wp-json\/wp\/v2\/pages\/6868\/revisions\/12479"}],"wp:attachment":[{"href":"https:\/\/wright.cl\/sitio\/wp-json\/wp\/v2\/media?parent=6868"}],"curies":[{"name":"wp","href":"https:\/\/api.w.org\/{rel}","templated":true}]}}