{"id":7970,"date":"2020-03-12T15:42:09","date_gmt":"2020-03-12T18:42:09","guid":{"rendered":"https:\/\/wright.cl\/sitio\/?page_id=7970"},"modified":"2023-10-06T12:36:38","modified_gmt":"2023-10-06T15:36:38","slug":"conversaciones-desafiantes","status":"publish","type":"page","link":"https:\/\/wright.cl\/sitio\/workshops\/conversaciones-desafiantes\/","title":{"rendered":"Conversaciones Desafiantes"},"content":{"rendered":"<section class=\"l-section wpb_row height_medium\" id=\"primerafila\"><div class=\"l-section-h i-cf\"><div class=\"g-cols vc_row via_grid cols_2 laptops-cols_inherit tablets-cols_inherit mobiles-cols_1 valign_top type_default stacking_default\"><div class=\"wpb_column vc_column_container\"><div class=\"vc_column-inner\"><div class=\"w-image align_none\"><div class=\"w-image-h\"><img decoding=\"async\" width=\"1080\" height=\"1080\" src=\"https:\/\/wright.cl\/sitio\/wp-content\/uploads\/2020\/03\/ConvDesa.jpg\" class=\"attachment-full size-full\" alt=\"\" loading=\"lazy\" srcset=\"https:\/\/wright.cl\/sitio\/wp-content\/uploads\/2020\/03\/ConvDesa.jpg 1080w, https:\/\/wright.cl\/sitio\/wp-content\/uploads\/2020\/03\/ConvDesa-400x400.jpg 400w, https:\/\/wright.cl\/sitio\/wp-content\/uploads\/2020\/03\/ConvDesa-150x150.jpg 150w, https:\/\/wright.cl\/sitio\/wp-content\/uploads\/2020\/03\/ConvDesa-600x600.jpg 600w, https:\/\/wright.cl\/sitio\/wp-content\/uploads\/2020\/03\/ConvDesa-300x300.jpg 300w, https:\/\/wright.cl\/sitio\/wp-content\/uploads\/2020\/03\/ConvDesa-1024x1024.jpg 1024w, https:\/\/wright.cl\/sitio\/wp-content\/uploads\/2020\/03\/ConvDesa-350x350.jpg 350w\" sizes=\"auto, (max-width: 1080px) 100vw, 1080px\" \/><\/div><\/div><\/div><\/div><div class=\"wpb_column vc_column_container\"><div class=\"vc_column-inner\"><div class=\"wpb_text_column\"><div class=\"wpb_wrapper\"><h2><span style=\"color: #1b4a98;\"><strong>CONVERSACIONES DESAFIANTES<\/strong><\/span><\/h2>\n<\/div><\/div><div class=\"w-image align_left\"><div class=\"w-image-h\"><img decoding=\"async\" width=\"300\" height=\"10\" src=\"https:\/\/wright.cl\/sitio\/wp-content\/uploads\/2019\/02\/filete-colores-programas.png\" class=\"attachment-full size-full\" alt=\"\" loading=\"lazy\" \/><\/div><\/div><div class=\"w-separator size_small\"><\/div><div class=\"wpb_text_column\"><div class=\"wpb_wrapper\"><p><span style=\"color: #000000;\"><span style=\"color: #1b4a98;\">Este taller\u00a0tiene como objetivo apoyar a las personas en el desarrollo de estrategias m\u00e1s efectivas para el manejo de conversaciones desafiantes, tales como manejo de objeciones, feedback, influencia, entre otras.<\/span><\/span><\/p>\n<p style=\"text-align: left;\">El dise\u00f1o de este workshop incluye metodolog\u00edas de reconocimiento mundial, generando experiencias de aprendizajes altamente pr\u00e1cticas y aplicables a la realidad de los participantes.<\/p>\n<p><b>\u00bfA QUI\u00c9N EST\u00c1 DIRIGIDO<\/b><b>?<\/b><\/p>\n<p>Todas aquellas personas interesadas en mejorar su efectividad en el manejo de conversaciones desafiantes.<\/p>\n<p>&#8211; Programa disponible tambi\u00e9n en Formato Cerrado para Organizaciones a ser realizado en sus instalaciones &#8211;<\/p>\n<\/div><\/div><\/div><\/div><\/div><\/div><\/section><section class=\"l-section wpb_row us_custom_97143809 has_text_color height_medium\"><div class=\"l-section-h i-cf\"><div class=\"g-cols vc_row via_grid cols_1 laptops-cols_inherit tablets-cols_inherit mobiles-cols_1 valign_top type_default stacking_default\"><div class=\"wpb_column vc_column_container\"><div class=\"vc_column-inner\"><div class=\"wpb_text_column\"><div class=\"wpb_wrapper\"><h2 style=\"text-align: center;\"><strong>PROGRAMA DEL TALLER<\/strong><\/h2>\n<\/div><\/div><\/div><\/div><\/div><\/div><\/section><section class=\"l-section wpb_row height_medium\"><div class=\"l-section-h i-cf\"><div class=\"g-cols vc_row via_grid cols_2 laptops-cols_inherit tablets-cols_inherit mobiles-cols_1 valign_top type_default stacking_default\"><div class=\"wpb_column vc_column_container\"><div class=\"vc_column-inner\"><div class=\"wpb_text_column\"><div class=\"wpb_wrapper\"><h2><span style=\"color: #1b4a98;\"><strong>CONTENIDOS<\/strong><\/span><\/h2>\n<\/div><\/div><div class=\"w-separator size_small\"><\/div><div class=\"wpb_text_column\"><div class=\"wpb_wrapper\"><ul>\n<li>Qu\u00e9 es una conversaci\u00f3n desafiante<\/li>\n<li>Respuestas efectivas ante una conversaci\u00f3n desafiante<\/li>\n<li>Neurociencia de la Emoci\u00f3n y Auto gesti\u00f3n Emocional<\/li>\n<li>Conversaciones de Peticiones y Coordinaci\u00f3n<\/li>\n<li>Conversaciones de Retroalimentaci\u00f3n<\/li>\n<li>Conversaciones para la Persuasi\u00f3n<\/li>\n<li>Ejercicios pr\u00e1cticos<\/li>\n<\/ul>\n<\/div><\/div><div class=\"w-separator size_medium with_line width_default thick_2 style_dotted color_border align_center\"><div class=\"w-separator-h\"><\/div><\/div><div class=\"wpb_text_column\"><div class=\"wpb_wrapper\"><h2><span style=\"color: #1b4a98;\"><strong>DATOS DE EJECUCI\u00d3N<\/strong><\/span><\/h2>\n<\/div><\/div><div class=\"w-separator size_small\"><\/div><div class=\"wpb_text_column\"><div class=\"wpb_wrapper\"><ul>\n<li><strong>Fecha:<\/strong> 17 de Abril de\u00a09 a 13 horas<\/li>\n<li><strong>Valor:<\/strong> $150.000 por persona<\/li>\n<li><strong>Descuentos:<\/strong> 20% de descuento para inscripciones hasta el 31 de Marzo.<\/li>\n<li><strong>Incluye:<\/strong>\u00a0Coffee Break, Block de Apuntes, L\u00e1piz, Diploma, Bolet\u00edn Electr\u00f3nico de Seguimiento y Gu\u00eda para el Plan de Acci\u00f3n<\/li>\n<li><strong>Lugar de Ejecuci\u00f3n :<\/strong> Oficina WRIGHT &#8211; Av. Las Condes 10415, Edificio Distrito Estoril Black, Piso -1 (Sal\u00f3n de Eventos Norte), Las Condes (<a href=\"https:\/\/goo.gl\/maps\/HtovwMKtmwRP6xK76\">Ver Mapa<\/a>)<\/li>\n<li><strong>Informaciones :<\/strong> <a href=\"mailto:Info@wright.cl\">Info@wright.cl<\/a><\/li>\n<li><strong>Reserva de Cupo:<\/strong> Transferencia del 50% del valor del taller<\/li>\n<li><strong>Datos para la Orden de Compra:<\/strong> WRIGHT Company SPA, Rut 76565890-k, Giro Capacitaci\u00f3n (Servicio Exento de Iva)<\/li>\n<\/ul>\n<\/div><\/div><\/div><\/div><div class=\"wpb_column vc_column_container\"><div class=\"vc_column-inner\"><p class=\"wpcf7-contact-form-not-found\"><strong>Error:<\/strong> Formulario de contacto no encontrado.<\/p><\/div><\/div><\/div><\/div><\/section><section class=\"l-section wpb_row height_medium color_secondary\"><div class=\"l-section-h i-cf\"><div class=\"g-cols vc_row via_grid cols_1 laptops-cols_inherit tablets-cols_inherit mobiles-cols_1 valign_top type_default stacking_default\"><div class=\"wpb_column vc_column_container\"><div class=\"vc_column-inner\"><div class=\"w-actionbox us_custom_f2a8f033 color_secondary controls_right\"><div class=\"w-actionbox-text\"><h3 class=\"w-actionbox-title\">SUSCR\u00cdBETE A NUESTRO NEWSLETTER AQU\u00cd:<\/h3><div class=\"w-actionbox-description\"><p>ENT\u00c9RATE DE LAS NOVEDADES QUE TENEMOS PARA TI.<\/p>\n<\/div><\/div><div class=\"w-actionbox-controls\"><a class=\"w-btn us-btn-style_25 icon_atright\" title=\"Suscr\u00edbete a WRIGHT\" target=\" _blank\" rel=\"nofollow\" href=\"http:\/\/eepurl.com\/gdViFX\" style=\"font-size:20px;\"><span class=\"w-btn-label\">SUSCRIBIR AL NEWSLETTER<\/span><i class=\"fas fa-chevron-right\"><\/i><\/a><\/div><\/div><\/div><\/div><\/div><\/div><\/section>\n","protected":false},"excerpt":{"rendered":"CONVERSACIONES DESAFIANTES Este taller\u00a0tiene como objetivo apoyar a las personas en el desarrollo de estrategias m\u00e1s efectivas para el manejo de conversaciones desafiantes, tales como manejo de objeciones, feedback, influencia, entre otras. El dise\u00f1o de este workshop incluye metodolog\u00edas de reconocimiento mundial, generando experiencias de aprendizajes altamente pr\u00e1cticas y aplicables a la realidad de los...","protected":false},"author":2,"featured_media":0,"parent":6902,"menu_order":0,"comment_status":"closed","ping_status":"closed","template":"","meta":{"om_disable_all_campaigns":false,"_monsterinsights_skip_tracking":false,"_monsterinsights_sitenote_active":false,"_monsterinsights_sitenote_note":"","_monsterinsights_sitenote_category":0,"_uf_show_specific_survey":0,"_uf_disable_surveys":false,"footnotes":""},"class_list":["post-7970","page","type-page","status-publish","hentry"],"aioseo_notices":[],"jetpack_sharing_enabled":true,"_links":{"self":[{"href":"https:\/\/wright.cl\/sitio\/wp-json\/wp\/v2\/pages\/7970","targetHints":{"allow":["GET"]}}],"collection":[{"href":"https:\/\/wright.cl\/sitio\/wp-json\/wp\/v2\/pages"}],"about":[{"href":"https:\/\/wright.cl\/sitio\/wp-json\/wp\/v2\/types\/page"}],"author":[{"embeddable":true,"href":"https:\/\/wright.cl\/sitio\/wp-json\/wp\/v2\/users\/2"}],"replies":[{"embeddable":true,"href":"https:\/\/wright.cl\/sitio\/wp-json\/wp\/v2\/comments?post=7970"}],"version-history":[{"count":17,"href":"https:\/\/wright.cl\/sitio\/wp-json\/wp\/v2\/pages\/7970\/revisions"}],"predecessor-version":[{"id":11500,"href":"https:\/\/wright.cl\/sitio\/wp-json\/wp\/v2\/pages\/7970\/revisions\/11500"}],"up":[{"embeddable":true,"href":"https:\/\/wright.cl\/sitio\/wp-json\/wp\/v2\/pages\/6902"}],"wp:attachment":[{"href":"https:\/\/wright.cl\/sitio\/wp-json\/wp\/v2\/media?parent=7970"}],"curies":[{"name":"wp","href":"https:\/\/api.w.org\/{rel}","templated":true}]}}