{"id":8413,"date":"2020-04-24T17:01:38","date_gmt":"2020-04-24T20:01:38","guid":{"rendered":"https:\/\/wright.cl\/sitio\/?page_id=8413"},"modified":"2023-10-06T12:34:06","modified_gmt":"2023-10-06T15:34:06","slug":"webinars","status":"publish","type":"page","link":"https:\/\/wright.cl\/sitio\/webinars\/","title":{"rendered":"Webinars"},"content":{"rendered":"<section class=\"l-section wpb_row height_medium\" id=\"primerafila\"><div class=\"l-section-h i-cf\"><div class=\"g-cols vc_row via_grid cols_1 laptops-cols_inherit tablets-cols_inherit mobiles-cols_1 valign_top type_default stacking_default\"><div class=\"wpb_column vc_column_container\"><div class=\"vc_column-inner\"><div class=\"w-grid us_grid type_grid layout_shop_modern cols_3 pagination_regular overflow_hidden preload_style_spinner\" id=\"us_grid_1\" style=\"--columns:3;--gap:5px;\" data-filterable=\"true\"><style>@media (max-width:1380px){#us_grid_1{--columns:2!important}}@media (max-width:1024px){#us_grid_1{--columns:2!important}}@media (max-width:767px){#us_grid_1{--columns:1!important}}.layout_shop_modern .w-grid-item-h{background:var(--color-content-bg);color:var(--color-content-text);border-radius:0.3rem;box-shadow:0 0.03rem 0.06rem rgba(0,0,0,0.1),0 0.1rem 0.3rem rgba(0,0,0,0.1);transition-duration:0.3s}.no-touch .layout_shop_modern .w-grid-item-h:hover{box-shadow:0 0.1rem 0.2rem rgba(0,0,0,0.1),0 0.33rem 1rem rgba(0,0,0,0.15);z-index:4}.layout_shop_modern .usg_vwrapper_1{transition-duration:0.2s;transform-origin:50% 50%;transform:scale(1) translate(0%,0%)}.layout_shop_modern .w-grid-item-h:focus-within .usg_vwrapper_1,.layout_shop_modern .w-grid-item-h:hover .usg_vwrapper_1{transform:scale(1) translate(0%,-2.4rem);opacity:1}.layout_shop_modern .usg_add_to_cart_1{opacity:0}.layout_shop_modern .w-grid-item-h:focus-within .usg_add_to_cart_1,.layout_shop_modern .w-grid-item-h:hover .usg_add_to_cart_1{}.layout_shop_modern .usg_product_field_1{color:#fff!important;font-size:12px!important;font-weight:700!important;text-transform:uppercase!important;position:absolute!important;top:10px!important;left:10px!important;padding-right:0.8rem!important;padding-left:0.8rem!important;border-radius:2rem!important;background:var(--color-content-primary)!important}.layout_shop_modern .usg_vwrapper_1{background:inherit!important;padding:1rem 1.2rem 1rem 1.2rem!important}.layout_shop_modern .usg_post_title_1{color:inherit!important;font-size:1rem!important;margin-bottom:0.3rem!important}.layout_shop_modern .usg_product_field_2{margin-bottom:0.3rem!important}.layout_shop_modern .usg_product_field_3{font-weight:700!important}.layout_shop_modern .usg_add_to_cart_1{font-size:0.8rem!important;width:100%!important;border-radius:0!important;position:absolute!important;right:0!important;bottom:0!important;left:0!important}<\/style><div class=\"w-grid-list\">\t<article class=\"w-grid-item size_1x1 post-8509 post type-post status-publish format-standard hentry category-webinar tag-webinars-cerrados tag-webinars-personalizados\" data-id=\"8509\">\r\n\t\t<div class=\"w-grid-item-h\">\r\n\t\t\t\t\t\t<div class=\"w-post-elm post_image usg_post_image_1 stretched with_placeholder\"><a href=\"https:\/\/wright.cl\/sitio\/2020\/05\/08\/webinars-cerrados\/\" aria-label=\"WEBINARS CERRADOS &#8211; Cotiza aqu\u00ed\"><img decoding=\"async\" class=\"g-placeholder\" src=\"https:\/\/wright.cl\/sitio\/wp-content\/plugins\/us-core\/assets\/images\/placeholder.svg\" width=\"\" height=\"\" alt><\/a><\/div><div class=\"w-vwrapper usg_vwrapper_1 align_center valign_top\"><h2 class=\"w-post-elm post_title usg_post_title_1 has_text_color entry-title color_link_inherit\"><a href=\"https:\/\/wright.cl\/sitio\/2020\/05\/08\/webinars-cerrados\/\">WEBINARS CERRADOS &#8211; Cotiza aqu\u00ed<\/a><\/h2><\/div>\t\t<\/div>\r\n\t\t\t<\/article>\r\n\t<article class=\"w-grid-item size_1x1 post-9185 post type-post status-publish format-standard has-post-thumbnail hentry category-webinar\" data-id=\"9185\">\r\n\t\t<div class=\"w-grid-item-h\">\r\n\t\t\t\t\t\t<div class=\"w-post-elm post_image usg_post_image_1 stretched\"><a href=\"https:\/\/wright.cl\/sitio\/2021\/05\/17\/mapea-tus-talentos\/\" aria-label=\"Revive el Webinar Mapea tus Talentos\"><img loading=\"lazy\" decoding=\"async\" width=\"400\" height=\"400\" src=\"https:\/\/wright.cl\/sitio\/wp-content\/uploads\/2021\/05\/WEBINAR-1-400x400.jpg\" class=\"attachment-woocommerce_thumbnail size-woocommerce_thumbnail wp-post-image\" alt=\"\" srcset=\"https:\/\/wright.cl\/sitio\/wp-content\/uploads\/2021\/05\/WEBINAR-1-400x400.jpg 400w, https:\/\/wright.cl\/sitio\/wp-content\/uploads\/2021\/05\/WEBINAR-1-150x150.jpg 150w, https:\/\/wright.cl\/sitio\/wp-content\/uploads\/2021\/05\/WEBINAR-1-300x300.jpg 300w, https:\/\/wright.cl\/sitio\/wp-content\/uploads\/2021\/05\/WEBINAR-1-1024x1024.jpg 1024w, https:\/\/wright.cl\/sitio\/wp-content\/uploads\/2021\/05\/WEBINAR-1-350x350.jpg 350w, https:\/\/wright.cl\/sitio\/wp-content\/uploads\/2021\/05\/WEBINAR-1-600x600.jpg 600w, https:\/\/wright.cl\/sitio\/wp-content\/uploads\/2021\/05\/WEBINAR-1.jpg 1080w\" sizes=\"auto, (max-width: 400px) 100vw, 400px\" \/><\/a><\/div><div class=\"w-vwrapper usg_vwrapper_1 align_center valign_top\"><h2 class=\"w-post-elm post_title usg_post_title_1 has_text_color entry-title color_link_inherit\"><a href=\"https:\/\/wright.cl\/sitio\/2021\/05\/17\/mapea-tus-talentos\/\">Revive el Webinar Mapea tus Talentos<\/a><\/h2><\/div>\t\t<\/div>\r\n\t\t\t<\/article>\r\n<\/div>\t<div class=\"w-grid-preloader\">\r\n\t\t<div class=\"g-preloader type_5\">\r\n\t\t\t<div><\/div>\r\n\t\t<\/div>\r\n\t<\/div>\r\n\t\t<div class=\"w-grid-json hidden\" onclick='return {&quot;action&quot;:&quot;us_ajax_grid&quot;,&quot;infinite_scroll&quot;:0,&quot;max_num_pages&quot;:1,&quot;pagination&quot;:&quot;regular&quot;,&quot;template_vars&quot;:{&quot;columns&quot;:&quot;3&quot;,&quot;exclude_items&quot;:&quot;none&quot;,&quot;img_size&quot;:&quot;default&quot;,&quot;ignore_items_size&quot;:0,&quot;items_layout&quot;:&quot;shop_modern&quot;,&quot;items_offset&quot;:&quot;1&quot;,&quot;load_animation&quot;:&quot;none&quot;,&quot;overriding_link&quot;:&quot;{\\&quot;url\\&quot;:\\&quot;\\&quot;}&quot;,&quot;post_id&quot;:0,&quot;query_args&quot;:{&quot;post_type&quot;:[&quot;post&quot;],&quot;tax_query&quot;:[{&quot;taxonomy&quot;:&quot;category&quot;,&quot;field&quot;:&quot;slug&quot;,&quot;terms&quot;:[&quot;webinar&quot;]}],&quot;post_status&quot;:[&quot;publish&quot;],&quot;posts_per_page&quot;:&quot;12&quot;},&quot;orderby_query_args&quot;:{&quot;orderby&quot;:{&quot;date&quot;:&quot;ASC&quot;}},&quot;type&quot;:&quot;grid&quot;,&quot;us_grid_post_type&quot;:&quot;post&quot;,&quot;us_grid_ajax_index&quot;:1,&quot;us_grid_filter_query_string&quot;:null,&quot;us_grid_index&quot;:1,&quot;page_args&quot;:[]}}'><\/div>\r\n\t<\/div><\/div><\/div><\/div><\/div><\/section><section class=\"l-section wpb_row height_medium\"><div class=\"l-section-h i-cf\"><div class=\"g-cols vc_row via_grid cols_1 laptops-cols_inherit tablets-cols_inherit mobiles-cols_1 valign_top type_default stacking_default\"><div class=\"wpb_column vc_column_container\"><div class=\"vc_column-inner\">[vc_raw_html]JTNDZGl2JTIwZGF0YS10Zi1zaWRldGFiJTNEJTIyQWxWYk9wVGIlMjIlMjBkYXRhLXRmLXdpZHRoJTNEJTIyMzIwJTIyJTIwZGF0YS10Zi1oZWlnaHQlM0QlMjI0MDAlMjIlMjBkYXRhLXRmLWN1c3RvbS1pY29uJTNEJTIyaHR0cHMlM0ElMkYlMkZpbWFnZXMudHlwZWZvcm0uY29tJTJGaW1hZ2VzJTJGTlVRRlloWndrUzdjJTIyJTIwZGF0YS10Zi1idXR0b24tY29sb3IlM0QlMjIlMjNGNEY0RjQlMjIlMjBkYXRhLXRmLWJ1dHRvbi10ZXh0JTNEJTIyU3VzY3JpcGNpJUMzJUIzbiUyME5ld3NsZXR0ZXIlMjIlMjBkYXRhLXRmLWlmcmFtZS1wcm9wcyUzRCUyMnRpdGxlJTNETmV3c2xldHRlciUyMFNpZ251cCUyMFdSSUdIVCUyMFdFQiUyMiUyMGRhdGEtdGYtbWVkaXVtJTNEJTIyc25pcHBldCUyMiUyMHN0eWxlJTNEJTIyYWxsJTNBdW5zZXQlM0IlMjIlM0UlM0MlMkZkaXYlM0UlM0NzY3JpcHQlMjBzcmMlM0QlMjIlMkYlMkZlbWJlZC50eXBlZm9ybS5jb20lMkZuZXh0JTJGZW1iZWQuanMlMjIlM0UlM0MlMkZzY3JpcHQlM0U=[\/vc_raw_html]<\/div><\/div><\/div><\/div><\/section>\n","protected":false},"excerpt":{"rendered":"Muchas gracias por tu inter\u00e9s. Actualiza tus conocimientos, ampl\u00eda tus perspectivas y potencia tus talentos a trav\u00e9s de nuestros Webinars online y gratuitos. \u00bfC\u00f3mo ser m\u00e1s efectivos si no conocemos los talentos con los que contamos? \u00bfC\u00f3mo mapear los talentos de manera objetiva? Si trabajas en el \u00e1rea de gesti\u00f3n de personas (selecci\u00f3n, DO, talento),...","protected":false},"author":1,"featured_media":0,"parent":0,"menu_order":0,"comment_status":"closed","ping_status":"closed","template":"","meta":{"om_disable_all_campaigns":false,"_monsterinsights_skip_tracking":false,"_monsterinsights_sitenote_active":false,"_monsterinsights_sitenote_note":"","_monsterinsights_sitenote_category":0,"_uf_show_specific_survey":0,"_uf_disable_surveys":false,"footnotes":""},"class_list":["post-8413","page","type-page","status-publish","hentry"],"aioseo_notices":[],"jetpack_sharing_enabled":true,"_links":{"self":[{"href":"https:\/\/wright.cl\/sitio\/wp-json\/wp\/v2\/pages\/8413","targetHints":{"allow":["GET"]}}],"collection":[{"href":"https:\/\/wright.cl\/sitio\/wp-json\/wp\/v2\/pages"}],"about":[{"href":"https:\/\/wright.cl\/sitio\/wp-json\/wp\/v2\/types\/page"}],"author":[{"embeddable":true,"href":"https:\/\/wright.cl\/sitio\/wp-json\/wp\/v2\/users\/1"}],"replies":[{"embeddable":true,"href":"https:\/\/wright.cl\/sitio\/wp-json\/wp\/v2\/comments?post=8413"}],"version-history":[{"count":24,"href":"https:\/\/wright.cl\/sitio\/wp-json\/wp\/v2\/pages\/8413\/revisions"}],"predecessor-version":[{"id":11416,"href":"https:\/\/wright.cl\/sitio\/wp-json\/wp\/v2\/pages\/8413\/revisions\/11416"}],"wp:attachment":[{"href":"https:\/\/wright.cl\/sitio\/wp-json\/wp\/v2\/media?parent=8413"}],"curies":[{"name":"wp","href":"https:\/\/api.w.org\/{rel}","templated":true}]}}