{"id":8850,"date":"2020-11-09T20:25:43","date_gmt":"2020-11-09T23:25:43","guid":{"rendered":"https:\/\/wright.cl\/sitio\/?page_id=8850"},"modified":"2023-10-06T12:36:44","modified_gmt":"2023-10-06T15:36:44","slug":"liderando-el-cambio","status":"publish","type":"page","link":"https:\/\/wright.cl\/sitio\/liderando-el-cambio\/","title":{"rendered":"Liderando el Cambio"},"content":{"rendered":"<section class=\"l-section wpb_row height_medium\" id=\"primerafila\"><div class=\"l-section-h i-cf\"><div class=\"g-cols vc_row via_grid cols_2 laptops-cols_inherit tablets-cols_inherit mobiles-cols_1 valign_top type_default stacking_default\"><div class=\"wpb_column vc_column_container\"><div class=\"vc_column-inner\"><div class=\"w-image align_none\"><div class=\"w-image-h\"><img decoding=\"async\" width=\"1080\" height=\"1080\" src=\"https:\/\/wright.cl\/sitio\/wp-content\/uploads\/2020\/11\/WRIGHT-2-1.png\" class=\"attachment-full size-full\" alt=\"\" loading=\"lazy\" srcset=\"https:\/\/wright.cl\/sitio\/wp-content\/uploads\/2020\/11\/WRIGHT-2-1.png 1080w, https:\/\/wright.cl\/sitio\/wp-content\/uploads\/2020\/11\/WRIGHT-2-1-400x400.png 400w, https:\/\/wright.cl\/sitio\/wp-content\/uploads\/2020\/11\/WRIGHT-2-1-150x150.png 150w, https:\/\/wright.cl\/sitio\/wp-content\/uploads\/2020\/11\/WRIGHT-2-1-600x600.png 600w, https:\/\/wright.cl\/sitio\/wp-content\/uploads\/2020\/11\/WRIGHT-2-1-300x300.png 300w, https:\/\/wright.cl\/sitio\/wp-content\/uploads\/2020\/11\/WRIGHT-2-1-1024x1024.png 1024w, https:\/\/wright.cl\/sitio\/wp-content\/uploads\/2020\/11\/WRIGHT-2-1-350x350.png 350w\" sizes=\"auto, (max-width: 1080px) 100vw, 1080px\" \/><\/div><\/div><\/div><\/div><div class=\"wpb_column vc_column_container\"><div class=\"vc_column-inner\"><div class=\"wpb_text_column\"><div class=\"wpb_wrapper\"><h2><span style=\"color: #0000ff;\"><strong>LIDERANDO EL CAMBIO<\/strong><\/span><\/h2>\n<\/div><\/div><div class=\"w-image align_left\"><div class=\"w-image-h\"><img decoding=\"async\" width=\"300\" height=\"10\" src=\"https:\/\/wright.cl\/sitio\/wp-content\/uploads\/2019\/02\/filete-colores-programas.png\" class=\"attachment-full size-full\" alt=\"\" loading=\"lazy\" \/><\/div><\/div><div class=\"w-separator size_small\"><\/div><div class=\"wpb_text_column\"><div class=\"wpb_wrapper\"><p><span style=\"color: #0000ff;\"><strong>LEC<\/strong><\/span>\u00a0ofrece a los participantes una experiencia de aprendizaje transformadora para abordar los cambios y desaf\u00edos del presente con positividad. A trav\u00e9s de diversas herramientas,\u00a0<span style=\"color: #0000ff;\"><b><i>Liderando el Cambio<\/i><\/b><b><i>\u00a0<\/i><\/b><\/span>favorece el liderazgo personal, la gesti\u00f3n de creencias y emociones, y la persuasi\u00f3n de otros.<\/p>\n<p style=\"text-align: left;\">El programa de capacitaci\u00f3n est\u00e1 dise\u00f1ado con metodolog\u00edas y herramientas de reconocimiento mundial, generando experiencias de aprendizajes altamente pr\u00e1cticas y aplicables a la realidad de los participantes.<\/p>\n<p><b>\u00bfA QUI\u00c9N EST\u00c1 DIRIGIDO<\/b><b>?<\/b><\/p>\n<p>A todas las organizaciones comprometidas en apoyar a sus trabajadores y equipos en el proceso de gesti\u00f3n del cambio .\u00a0El programa est\u00e1 dirigido a equipos funcionales o transversales de trabajo, interesados en facilitar la transformaci\u00f3n organizacional e instalar la flexibilidad y el aprendizaje continuo.<\/p>\n<p>&#8211; Programa Cerrado de Capacitaci\u00f3n para Organizaciones &#8211;<br \/>\n<strong><span style=\"color: #0000ff;\">PRESENCIAL, VIRTUAL Y BLENDED<\/span><\/strong><\/p>\n<\/div><\/div><\/div><\/div><\/div><\/div><\/section><section class=\"l-section wpb_row us_custom_d3af5c10 has_text_color height_medium\"><div class=\"l-section-h i-cf\"><div class=\"g-cols vc_row via_grid cols_1 laptops-cols_inherit tablets-cols_inherit mobiles-cols_1 valign_top type_default stacking_default\"><div class=\"wpb_column vc_column_container\"><div class=\"vc_column-inner\"><div class=\"wpb_text_column\"><div class=\"wpb_wrapper\"><h2 style=\"text-align: center;\"><strong>C\u00d3MO TRABAJAMOS<\/strong><\/h2>\n<\/div><\/div><div class=\"w-separator size_small\"><\/div><div class=\"wpb_text_column\"><div class=\"wpb_wrapper\"><h5 style=\"text-align: center;\">Nuestras soluciones de capacitaci\u00f3n se dise\u00f1an de acuerdo al siguiente ciclo:<\/h5>\n<\/div><\/div><\/div><\/div><\/div><\/div><\/section><section class=\"l-section wpb_row height_medium\"><div class=\"l-section-h i-cf\"><div class=\"g-cols vc_row via_grid cols_2 laptops-cols_inherit tablets-cols_inherit mobiles-cols_1 valign_top type_default stacking_default\"><div class=\"wpb_column vc_column_container\"><div class=\"vc_column-inner\"><div class=\"wpb_text_column\"><div class=\"wpb_wrapper\"><h2><span style=\"color: #118eaa;\"><strong>TEM\u00c1TICAS DEL PROGRAMA<\/strong><\/span><\/h2>\n<\/div><\/div><div class=\"w-image align_left\"><div class=\"w-image-h\"><img decoding=\"async\" width=\"300\" height=\"10\" src=\"https:\/\/wright.cl\/sitio\/wp-content\/uploads\/2019\/02\/filete-colores-programas.png\" class=\"attachment-full size-full\" alt=\"\" loading=\"lazy\" \/><\/div><\/div><div class=\"w-separator size_small\"><\/div><div class=\"wpb_text_column\"><div class=\"wpb_wrapper\"><ul>\n<li>Qu\u00e9 es la Gesti\u00f3n del Cambio<\/li>\n<li>Aspectos mentales y emocionales que afectan el desempe\u00f1o<\/li>\n<li>Transformaci\u00f3n organizacional y Perspectiva digital<\/li>\n<li>Manejo de la incertidumbre<\/li>\n<li>Aprendizaje continuo y flexibilidad<\/li>\n<li>Coaching para acompa\u00f1ar el cambio<\/li>\n<li>Plan de acci\u00f3n<\/li>\n<li>Entre otros<\/li>\n<\/ul>\n<\/div><\/div><div class=\"w-separator size_huge\"><\/div><div class=\"w-btn-wrapper align_justify\"><button class=\"w-btn us-btn-style_25 us_custom_57f2881d\"><span class=\"w-btn-label\">SERVICIOS COMPLEMENTARIOS<\/span><\/button><\/div><div class=\"w-separator size_small\"><\/div><div class=\"wpb_text_column\"><div class=\"wpb_wrapper\"><h5><span style=\"color: #118eaa;\"><strong>COACHING INDIVIDUAL<\/strong><\/span><\/h5>\n<\/div><\/div><div class=\"w-separator size_small\"><\/div><div class=\"wpb_text_column\"><div class=\"wpb_wrapper\"><p>Este servicio est\u00e1 dise\u00f1ado para aquellos participantes que requieran un acompa\u00f1amiento personalizado en el desarrollo de competencias de liderazgo y\/o en la obtenci\u00f3n de objetivos, complementando y potenciando su aprendizaje grupal.<\/p>\n<\/div><\/div><div class=\"w-separator size_small\"><\/div><div class=\"wpb_text_column\"><div class=\"wpb_wrapper\"><h5><span style=\"color: #118eaa;\"><strong>COACHING GRUPAL<\/strong><\/span><\/h5>\n<\/div><\/div><div class=\"w-separator size_small\"><\/div><div class=\"wpb_text_column\"><div class=\"wpb_wrapper\"><p>El coaching grupal es una poderosa herramienta personalizada de aprendizaje que permite obtener lo mejor de la metodolog\u00eda del coaching as\u00ed como de la vivencia del contexto grupal.<\/p>\n<p>Su objetivo es desbloquear y elevar el potencial de los participantes, y acompa\u00f1arlos en la generaci\u00f3n de nuevas y m\u00e1s oportunidades para el logro de sus objetivos, a trav\u00e9s de la inclusi\u00f3n de nuevas distinciones y herramientas.<\/p>\n<\/div><\/div><div class=\"w-separator size_small\"><\/div><div class=\"wpb_text_column\"><div class=\"wpb_wrapper\"><p>M\u00e1s informaci\u00f3n en\u00a0<a href=\"https:\/\/wright.cl\/sitio\/coaching\/\">https:\/\/wright.cl\/sitio\/coaching\/<\/a><\/p>\n<\/div><\/div><\/div><\/div><div class=\"wpb_column vc_column_container\"><div class=\"vc_column-inner\"><div class=\"w-image us_custom_b2452879 align_none\"><div class=\"w-image-h\"><img decoding=\"async\" width=\"600\" height=\"338\" src=\"https:\/\/wright.cl\/sitio\/wp-content\/uploads\/2022\/06\/21-2-600x338.png\" class=\"attachment-shop_single size-shop_single\" alt=\"\" loading=\"lazy\" srcset=\"https:\/\/wright.cl\/sitio\/wp-content\/uploads\/2022\/06\/21-2-600x338.png 600w, https:\/\/wright.cl\/sitio\/wp-content\/uploads\/2022\/06\/21-2-300x169.png 300w, https:\/\/wright.cl\/sitio\/wp-content\/uploads\/2022\/06\/21-2-1024x576.png 1024w, https:\/\/wright.cl\/sitio\/wp-content\/uploads\/2022\/06\/21-2.png 1920w\" sizes=\"auto, (max-width: 600px) 100vw, 600px\" \/><\/div><\/div><div class=\"w-separator size_medium\"><\/div><div class=\"wpb_text_column\"><div class=\"wpb_wrapper\"><h3>Solicitar Informaci\u00f3n:<\/h3>\n<\/div><\/div><div class=\"w-separator size_medium\"><\/div>\n<div class=\"wpcf7 no-js\" id=\"wpcf7-f10022-o1\" lang=\"es-ES\" dir=\"ltr\" data-wpcf7-id=\"10022\">\n<div class=\"screen-reader-response\"><p role=\"status\" aria-live=\"polite\" aria-atomic=\"true\"><\/p> <ul><\/ul><\/div>\n<form action=\"\/sitio\/wp-json\/wp\/v2\/pages\/8850#wpcf7-f10022-o1\" method=\"post\" class=\"wpcf7-form init\" aria-label=\"Formulario de contacto\" novalidate=\"novalidate\" data-status=\"init\">\n<fieldset class=\"hidden-fields-container\"><input type=\"hidden\" name=\"_wpcf7\" value=\"10022\" \/><input type=\"hidden\" name=\"_wpcf7_version\" value=\"6.1.5\" \/><input type=\"hidden\" name=\"_wpcf7_locale\" value=\"es_ES\" \/><input type=\"hidden\" name=\"_wpcf7_unit_tag\" value=\"wpcf7-f10022-o1\" \/><input type=\"hidden\" name=\"_wpcf7_container_post\" value=\"0\" \/><input type=\"hidden\" name=\"_wpcf7_posted_data_hash\" value=\"\" \/><input type=\"hidden\" name=\"_wpcf7_recaptcha_response\" value=\"\" \/>\n<\/fieldset>\n<p><label> Nombre y Apellido (requerido)<br \/>\n<span class=\"wpcf7-form-control-wrap\" data-name=\"your-name\"><input size=\"40\" maxlength=\"400\" class=\"wpcf7-form-control wpcf7-text wpcf7-validates-as-required\" aria-required=\"true\" aria-invalid=\"false\" value=\"\" type=\"text\" name=\"your-name\" \/><\/span> <\/label>\n<\/p>\n<p><label> Correo electr\u00f3nico (requerido)<br \/>\n<span class=\"wpcf7-form-control-wrap\" data-name=\"your-email\"><input size=\"40\" maxlength=\"400\" class=\"wpcf7-form-control wpcf7-email wpcf7-validates-as-required wpcf7-text wpcf7-validates-as-email\" aria-required=\"true\" aria-invalid=\"false\" value=\"\" type=\"email\" name=\"your-email\" \/><\/span> <\/label>\n<\/p>\n<p><label> Asunto<br \/>\n<span class=\"wpcf7-form-control-wrap\" data-name=\"your-subject\"><input size=\"40\" maxlength=\"400\" class=\"wpcf7-form-control wpcf7-text\" aria-invalid=\"false\" value=\"\" type=\"text\" name=\"your-subject\" \/><\/span> <\/label>\n<\/p>\n<p><label> Cargo y Empresa<br \/>\n<span class=\"wpcf7-form-control-wrap\" data-name=\"your-cargo\"><input size=\"40\" maxlength=\"400\" class=\"wpcf7-form-control wpcf7-text\" aria-invalid=\"false\" value=\"\" type=\"text\" name=\"your-cargo\" \/><\/span> <\/label>\n<\/p>\n<p><label> Elige tu pa\u00eds de residencia <\/label> (requerido)<br \/>\n<span class=\"wpcf7-form-control-wrap\" data-name=\"Paises\"><select class=\"wpcf7-form-control wpcf7-select wpcf7-validates-as-required\" aria-required=\"true\" aria-invalid=\"false\" name=\"Paises\"><option value=\"Chile\">Chile<\/option><option value=\"Espa\u00f1a\">Espa\u00f1a<\/option><option value=\"Argentina\">Argentina<\/option><option value=\"Rep\u00fablica Dominicana\">Rep\u00fablica Dominicana<\/option><option value=\"M\u00e9xico\">M\u00e9xico<\/option><option value=\"otro\">otro<\/option><\/select><\/span>\n<\/p>\n<p><label> Elige el Programa Training de tu Inter\u00e9s <\/label> (requerido)<br \/>\n<span class=\"wpcf7-form-control-wrap\" data-name=\"Programa\"><select class=\"wpcf7-form-control wpcf7-select wpcf7-validates-as-required\" aria-required=\"true\" aria-invalid=\"false\" name=\"Programa\"><option value=\"Talento Personal\">Talento Personal<\/option><option value=\"Efectividad Emocional\">Efectividad Emocional<\/option><option value=\"Liderando el Cambio\">Liderando el Cambio<\/option><option value=\"Facilitaci\u00f3n de Reuniones Virtuales\">Facilitaci\u00f3n de Reuniones Virtuales<\/option><option value=\"Fortaleciendo L\u00edderes\">Fortaleciendo L\u00edderes<\/option><option value=\"The Complete Leader\">The Complete Leader<\/option><option value=\"Feedback para el Alto Desempe\u00f1o\">Feedback para el Alto Desempe\u00f1o<\/option><option value=\"Mentoring &amp; Coaching\">Mentoring &amp; Coaching<\/option><option value=\"Team Empowerment\">Team Empowerment<\/option><option value=\"Communication &amp; Talent Insights\">Communication &amp; Talent Insights<\/option><option value=\"Train The Trainers\">Train The Trainers<\/option><option value=\"Active Workplace Well-Being\">Active Workplace Well-Being<\/option><option value=\"otro\">otro<\/option><\/select><\/span>\n<\/p>\n<p><label> Mensaje (requerido)<br \/>\n<span class=\"wpcf7-form-control-wrap\" data-name=\"your-message\"><textarea cols=\"40\" rows=\"10\" maxlength=\"2000\" class=\"wpcf7-form-control wpcf7-textarea wpcf7-validates-as-required\" aria-required=\"true\" aria-invalid=\"false\" name=\"your-message\"><\/textarea><\/span> <\/label>\n<\/p>\n<p><label> Desea recibir nuestro newsletter? <\/label><br \/>\n<span class=\"wpcf7-form-control-wrap\" data-name=\"newsletter\"><span class=\"wpcf7-form-control wpcf7-radio\"><span class=\"wpcf7-list-item first\"><input type=\"radio\" name=\"newsletter\" value=\"Si\" checked=\"checked\" \/><span class=\"wpcf7-list-item-label\">Si<\/span><\/span><span class=\"wpcf7-list-item last\"><input type=\"radio\" name=\"newsletter\" value=\"No\" \/><span class=\"wpcf7-list-item-label\">No<\/span><\/span><\/span><\/span>\n<\/p>\n<p><input class=\"wpcf7-form-control wpcf7-submit has-spinner\" type=\"submit\" value=\"Enviar\" \/>\n<\/p><p style=\"display: none !important;\" class=\"akismet-fields-container\" data-prefix=\"_wpcf7_ak_\"><label>&#916;<textarea name=\"_wpcf7_ak_hp_textarea\" cols=\"45\" rows=\"8\" maxlength=\"100\"><\/textarea><\/label><input type=\"hidden\" id=\"ak_js_1\" name=\"_wpcf7_ak_js\" value=\"191\"\/><script>document.getElementById( \"ak_js_1\" ).setAttribute( \"value\", ( new Date() ).getTime() );<\/script><\/p><div class=\"wpcf7-response-output\" aria-hidden=\"true\"><\/div>\n<\/form>\n<\/div>\n<\/div><\/div><\/div><\/div><\/section><section class=\"l-section wpb_row height_medium color_secondary\"><div class=\"l-section-h i-cf\"><div class=\"g-cols vc_row via_grid cols_1 laptops-cols_inherit tablets-cols_inherit mobiles-cols_1 valign_top type_default stacking_default\"><div class=\"wpb_column vc_column_container\"><div class=\"vc_column-inner\"><div class=\"w-actionbox us_custom_f2a8f033 color_secondary controls_right\"><div class=\"w-actionbox-text\"><h3 class=\"w-actionbox-title\">SUSCR\u00cdBETE A NUESTRO NEWSLETTER<\/h3><div class=\"w-actionbox-description\"><p>ENT\u00c9RATE DE LAS NOVEDADES QUE TENEMOS PARA TI.<\/p>\n<\/div><\/div><div class=\"w-actionbox-controls\"><a class=\"w-btn us-btn-style_25 icon_atright\" title=\"Suscr\u00edbete al Newsletter WRIGHT\" target=\" _blank\" rel=\"nofollow\" href=\"https:\/\/wright.us17.list-manage.com\/subscribe?u=12c9ad59446687822857c65a7&amp;id=2eef935f67\" style=\"font-size:20px;\"><span class=\"w-btn-label\">SUSCRIBIR<\/span><i class=\"fas fa-chevron-right\"><\/i><\/a><a class=\"w-btn us-btn-style_25 icon_atright\" href=\"https:\/\/wright.cl\/sitio\/conversemos\/\" style=\"font-size:20px;\"><span class=\"w-btn-label\">SOLICITA INFORMACI\u00d3N Y BROCHURE<\/span><i class=\"fas fa-chevron-right\"><\/i><\/a><\/div><\/div><\/div><\/div><\/div><\/div><\/section>\n","protected":false},"excerpt":{"rendered":"LIDERANDO EL CAMBIO LEC\u00a0ofrece a los participantes una experiencia de aprendizaje transformadora para abordar los cambios y desaf\u00edos del presente con positividad. A trav\u00e9s de diversas herramientas,\u00a0Liderando el Cambio\u00a0favorece el liderazgo personal, la gesti\u00f3n de creencias y emociones, y la persuasi\u00f3n de otros. El programa de capacitaci\u00f3n est\u00e1 dise\u00f1ado con metodolog\u00edas y herramientas de reconocimiento...","protected":false},"author":2,"featured_media":0,"parent":0,"menu_order":0,"comment_status":"closed","ping_status":"closed","template":"","meta":{"om_disable_all_campaigns":false,"_monsterinsights_skip_tracking":false,"_monsterinsights_sitenote_active":false,"_monsterinsights_sitenote_note":"","_monsterinsights_sitenote_category":0,"_uf_show_specific_survey":0,"_uf_disable_surveys":false,"footnotes":""},"class_list":["post-8850","page","type-page","status-publish","hentry"],"aioseo_notices":[],"jetpack_sharing_enabled":true,"_links":{"self":[{"href":"https:\/\/wright.cl\/sitio\/wp-json\/wp\/v2\/pages\/8850","targetHints":{"allow":["GET"]}}],"collection":[{"href":"https:\/\/wright.cl\/sitio\/wp-json\/wp\/v2\/pages"}],"about":[{"href":"https:\/\/wright.cl\/sitio\/wp-json\/wp\/v2\/types\/page"}],"author":[{"embeddable":true,"href":"https:\/\/wright.cl\/sitio\/wp-json\/wp\/v2\/users\/2"}],"replies":[{"embeddable":true,"href":"https:\/\/wright.cl\/sitio\/wp-json\/wp\/v2\/comments?post=8850"}],"version-history":[{"count":13,"href":"https:\/\/wright.cl\/sitio\/wp-json\/wp\/v2\/pages\/8850\/revisions"}],"predecessor-version":[{"id":11518,"href":"https:\/\/wright.cl\/sitio\/wp-json\/wp\/v2\/pages\/8850\/revisions\/11518"}],"wp:attachment":[{"href":"https:\/\/wright.cl\/sitio\/wp-json\/wp\/v2\/media?parent=8850"}],"curies":[{"name":"wp","href":"https:\/\/api.w.org\/{rel}","templated":true}]}}