{"id":9487,"date":"2022-01-03T19:07:11","date_gmt":"2022-01-03T22:07:11","guid":{"rendered":"https:\/\/wright.cl\/sitio\/?page_id=9487"},"modified":"2026-04-01T16:13:55","modified_gmt":"2026-04-01T19:13:55","slug":"carta-bienvenida-al-participante","status":"publish","type":"page","link":"https:\/\/wright.cl\/sitio\/carta-bienvenida-al-participante\/","title":{"rendered":"Carta Bienvenida al Participante"},"content":{"rendered":"<section class=\"l-section wpb_row height_medium width_custom\" style=\"--site-content-width:700px;\"><div class=\"l-section-h i-cf\"><div class=\"g-cols vc_row via_grid cols_1 laptops-cols_inherit tablets-cols_inherit mobiles-cols_1 valign_top type_default stacking_default\"><div class=\"wpb_column vc_column_container us_custom_1cefc370\"><div class=\"vc_column-inner\"><div class=\"wpb_text_column\"><div class=\"wpb_wrapper\"><h2><strong>Te damos la Bienvenida<\/strong><\/h2>\n<p><strong>WRIGHT <\/strong>tiene el agrado de darle la m\u00e1s cordial bienvenida a este taller de capacitaci\u00f3n y esperamos sea del m\u00e1ximo provecho para su desarrollo laboral y personal.<\/p>\n<p><!-- \/wp:post-content --><\/p>\n<p><!-- wp:paragraph --><\/p>\n<p>En el inter\u00e9s de resguardar la calidad del desarrollo de la presente actividad con <strong>C\u00d3DIGO SENCE<\/strong>, es que damos a conocer a Ud. lo siguiente:<\/p>\n<p><!-- \/wp:paragraph --><\/p>\n<p><!-- wp:paragraph --><\/p>\n<p><strong>WRIGHT<\/strong> solicita a los participantes:<\/p>\n<p>Para ejecuci\u00f3n\/es de <strong>Capacitaci\u00f3n Presencial: <\/strong><\/p>\n<p><!-- \/wp:paragraph --><\/p>\n<p><!-- wp:heading {\"level\":4} --><\/p>\n<p><!-- \/wp:heading --><\/p>\n<p><!-- wp:paragraph --><\/p>\n<p>Llegar puntualmente, consider\u00e1ndose hasta 15 minutos despu\u00e9s de iniciada las clases como per\u00edodo l\u00edmite apropiado. Para poder acceder a la franquicia SENCE el(la) participante que se encuentra inscrito(a) en el listado Sence debe tener una asistencia de un 75 % como m\u00ednimo,\u00a0 la que quedar\u00e1 registrada en el Sistema <strong>LCE (Libro de Clases Electr\u00f3nico)<\/strong>, mediante control de huella dactilar, al inicio y t\u00e9rmino de cada sesi\u00f3n. El(la) participante deber\u00e1 portar un <strong>carnet de identidad,<\/strong> en caso de que el sistema LCE requiera el registro de asistencia de manera manual.<\/p>\n<p><!-- \/wp:paragraph --><\/p>\n<p><!-- wp:paragraph --><\/p>\n<p>Bajo Situaci\u00f3n de Alerta Sanitaria, por favor sigue las recomendaciones de nuestro <strong><a ref=\"magnificPopup\" href=\"https:\/\/wright.cl\/sitio\/wp-content\/uploads\/2022\/02\/Afiche_ProtocoloCOVID_Capacitaci%C3%B3nWRIGHT_v0.jpg\" target=\"_blank\" rel=\"noreferrer noopener\" aria-label=\"Protocolo COVID. (abre en una nueva pesta\u00f1a)\">Protocolo COVID.<\/a><\/strong><\/p>\n<p><!-- \/wp:paragraph --><\/p>\n<p><!-- wp:heading {\"level\":4} --><\/p>\n<h4>Para ejecuci\u00f3n\/es de <strong>Capacitaci\u00f3n E-Learning Sincr\u00f3nico: <\/strong><\/h4>\n<p><!-- \/wp:heading --><\/p>\n<p><!-- wp:paragraph --><\/p>\n<p>Llegar puntualmente, consider\u00e1ndose hasta 15 minutos despu\u00e9s de iniciada las clases como per\u00edodo l\u00edmite apropiado. Para poder acceder a la franquicia SENCE el(la) participante que se encuentra inscrito(a) en el listado Sence debe ingresar a la plataforma dispuesta para la actividad con su <strong>Clave \u00danica (digital). <\/strong>A su vez, el\/la participante, deber\u00e1 enviar su <strong>Declaraci\u00f3n Jurada firmada<\/strong>, posterior a la ejecuci\u00f3n, al \u00c1rea de Capacitaci\u00f3n\/rr.hh.\/OTEC WRIGHT.<\/p>\n<p><!-- \/wp:paragraph --><\/p>\n<p><!-- wp:heading {\"level\":4} --><\/p>\n<h4>Para ejecuci\u00f3n\/es de <strong>Capacitaci\u00f3n Auto-Instrucci\u00f3n: <\/strong><\/h4>\n<p><!-- \/wp:heading --><\/p>\n<p><!-- wp:paragraph --><\/p>\n<p><span data-teams=\"true\">Para poder acceder a la franquicia SENCE, el(la) participante que se encuentra inscrito(a) en el listado Sence firmar\u00e1 su <strong>Declaraci\u00f3n Jurada firmada con su Clave \u00danica al t\u00e9rmino del curso (v\u00e1lido a contar del 10 de Junio de 2024).\u00a0 <a href=\"https:\/\/wright.cl\/sitio\/wp-content\/uploads\/2025\/01\/FIRMA-DJ-Triptico-WRIGHT.pdf\" target=\"_blank\" rel=\"noopener\">Descarga aqu\u00ed el tr\u00edptico con el paso a paso para firmar la Dj.<\/a><\/strong><\/span><\/p>\n<p><!-- \/wp:paragraph --><\/p>\n<p><!-- wp:heading {\"level\":4} --><\/p>\n<h4><strong>Deberes y Derechos de los Participantes<\/strong><\/h4>\n<p><!-- \/wp:heading --><\/p>\n<p><!-- wp:paragraph --><\/p>\n<p>Usted podr\u00e1 revisar los <strong>derechos y deberes del(a) participante <\/strong>definidos por SENCE, para quienes se acogen a esta franquicia.<strong> <a ref=\"magnificPopup\" href=\"https:\/\/www.sence.cl\/601\/articles-6568_archivo_02.jpg\">https:\/\/www.sence.cl\/601\/articles-6568_archivo_02.jpg<\/a><\/strong><\/p>\n<p><img decoding=\"async\" src=\"https:\/\/wright.cl\/sitio\/wp-content\/uploads\/2022\/01\/articles-6568_archivo_02_deberesyderechosSENCE-1024x731.jpg\" \/><\/p>\n<p>Para las ejecuciones grupales, quien asista debe guardar una <strong>actitud <\/strong>de respeto hacia sus compa\u00f1eros y hacia el(la) relator(a), y siguiendo las normas de seguridad del lugar en donde se ejecuta el taller, especialmente, en caso de evacuaci\u00f3n, sismos u otras emergencias.<\/p>\n<p><!-- \/wp:paragraph --><\/p>\n<p><!-- wp:paragraph --><\/p>\n<p>No se debe asistir a la actividad de capacitaci\u00f3n en estado alterado por consumo de estimulantes de cualquier tipo.<\/p>\n<p><!-- \/wp:paragraph --><\/p>\n<p><!-- wp:paragraph --><\/p>\n<p>No se debe fumar durante la actividad de capacitaci\u00f3n y en cualquier \u00e1rea del recinto en que se efect\u00faa la capacitaci\u00f3n no habilitada para ese efecto.<\/p>\n<p><!-- \/wp:paragraph --><\/p>\n<p><!-- wp:paragraph --><\/p>\n<p>Se solicita a los(las) participantes mantener los <strong>tel\u00e9fonos m\u00f3viles apagados o sin volumen y\/o notebooks cerrados <\/strong>durante las clases, a fin de no interrumpir o distraer al relator(a) y\/o a los dem\u00e1s participantes a la actividad.<\/p>\n<p><!-- \/wp:paragraph --><\/p>\n<p><!-- wp:heading {\"level\":4} --><\/p>\n<h3><strong>Material\u00a0del\u00a0Participante<\/strong><\/h3>\n<p><!-- \/wp:heading --><\/p>\n<p><!-- wp:paragraph --><\/p>\n<p><strong>WRIGHT <\/strong>resguarda, a trav\u00e9s de su proceso de capacitaci\u00f3n, que el desarrollo del taller se efect\u00fae en las condiciones comprometidas con el cliente, proporcionando a los participantes los contenidos del mismo a trav\u00e9s del <strong>Manual\/Material del Curso<\/strong>. Esta propiedad intelectual est\u00e1 protegida y disponible para utilizarse como apoyo al participante en esta actividad de capacitaci\u00f3n.<\/p>\n<p><!-- \/wp:paragraph --><\/p>\n<p><!-- wp:paragraph --><\/p>\n<p><strong>WRIGHT <\/strong>apoya a los(las) participantes durante la realizaci\u00f3n del taller, y posterior a su fecha de t\u00e9rmino, atendiendo sus consultas en el email: <strong>info@wright.cl\u00a0 <\/strong>o medios de contactos disponibles en nuestra p\u00e1gina <strong><a href=\"http:\/\/www.wright.cl\">www.wright.cl<\/a><\/strong>. De existir alguna correcci\u00f3n en su <strong>Diploma<\/strong> puede solicitarnos el env\u00edo de una nueva copia digital a su correo electr\u00f3nico.<\/p>\n<h3><strong>Servicio al Cliente<\/strong><\/h3>\n<p><!-- \/wp:paragraph --><\/p>\n<p><!-- wp:heading {\"level\":4} --><\/p>\n<p><!-- \/wp:heading --><\/p>\n<p><!-- wp:paragraph --><\/p>\n<p>Su opini\u00f3n es fundamental para la mejora permanente de la calidad de nuestro servicio, por lo que, al final de la capacitaci\u00f3n, le entregaremos la <strong>Encuesta de Satisfacci\u00f3n del Participante<\/strong>. Adicionalmente, Ud. podr\u00e1 manifestar sus comentarios, sugerencias y\/o reclamo sobre la\/el sesi\u00f3n\/taller, directamente con el\/la relator\/a o facilitador\/a, o tambi\u00e9n en nuestros <strong>datos de contacto <\/strong>que se encuentran en el manual\/material, p\u00e1gina web: <a href=\"http:\/\/www.wright.cl\"><strong>www.wright.cl<\/strong><\/a> o en <a href=\"mailto:info@wright.cl\"><strong>info@wright.cl<\/strong>.<\/a><\/p>\n<h3><strong>Pol\u00edtica de Calidad<\/strong><\/h3>\n<p>En WRIGHT estamos comprometidos con la calidad de nuestro servicio y procesos, la satisfacci\u00f3n de nuestros clientes y la mejora continua.\u00a0<a href=\"https:\/\/wright.cl\/sitio\/wp-content\/uploads\/2025\/12\/POLITICA-CALIDAD-WRIGHT_v23_25.11.2025_compressed.pdf\">Revisa nuestra pol\u00edticia de calidad aqu\u00ed.<\/a><\/p>\n<p><!-- \/wp:paragraph --><\/p>\n<p><!-- wp:paragraph --><\/p>\n<h3><strong>Sugerencias y\/o Reclamos<\/strong><\/h3>\n<p><!-- \/wp:paragraph --><\/p>\n<p><!-- wp:paragraph --><\/p>\n<p>Para WRIGHT las sugerencias y\/o reclamos nos permiten mejorar continuamente. <a href=\"https:\/\/surveywright.typeform.com\/to\/VaUBY9Vs\">Acceda aqu\u00ed al formulario de Sugerencias y\/o Reclamos.<\/a><\/p>\n<p><!-- \/wp:paragraph --><\/p>\n<p><!-- \/wp:paragraph --><\/p>\n<\/div><\/div><\/div><\/div><\/div><\/div><\/section><section class=\"l-section wpb_row height_medium\"><div class=\"l-section-h i-cf\"><div class=\"g-cols vc_row via_grid cols_1 laptops-cols_inherit tablets-cols_inherit mobiles-cols_1 valign_top type_default stacking_default\"><div class=\"wpb_column vc_column_container\"><div class=\"vc_column-inner\"><\/div><\/div><\/div><\/div><\/section>","protected":false},"excerpt":{"rendered":"Te damos la Bienvenida WRIGHT tiene el agrado de darle la m\u00e1s cordial bienvenida a este taller de capacitaci\u00f3n y esperamos sea del m\u00e1ximo provecho para su desarrollo laboral y personal. En el inter\u00e9s de resguardar la calidad del desarrollo de la presente actividad con C\u00d3DIGO SENCE, es que damos a conocer a Ud. lo...","protected":false},"author":2,"featured_media":0,"parent":0,"menu_order":0,"comment_status":"closed","ping_status":"closed","template":"","meta":{"om_disable_all_campaigns":false,"_monsterinsights_skip_tracking":false,"_monsterinsights_sitenote_active":false,"_monsterinsights_sitenote_note":"","_monsterinsights_sitenote_category":0,"_uf_show_specific_survey":0,"_uf_disable_surveys":false,"footnotes":""},"class_list":["post-9487","page","type-page","status-publish","hentry"],"aioseo_notices":[],"jetpack_sharing_enabled":true,"_links":{"self":[{"href":"https:\/\/wright.cl\/sitio\/wp-json\/wp\/v2\/pages\/9487","targetHints":{"allow":["GET"]}}],"collection":[{"href":"https:\/\/wright.cl\/sitio\/wp-json\/wp\/v2\/pages"}],"about":[{"href":"https:\/\/wright.cl\/sitio\/wp-json\/wp\/v2\/types\/page"}],"author":[{"embeddable":true,"href":"https:\/\/wright.cl\/sitio\/wp-json\/wp\/v2\/users\/2"}],"replies":[{"embeddable":true,"href":"https:\/\/wright.cl\/sitio\/wp-json\/wp\/v2\/comments?post=9487"}],"version-history":[{"count":14,"href":"https:\/\/wright.cl\/sitio\/wp-json\/wp\/v2\/pages\/9487\/revisions"}],"predecessor-version":[{"id":12645,"href":"https:\/\/wright.cl\/sitio\/wp-json\/wp\/v2\/pages\/9487\/revisions\/12645"}],"wp:attachment":[{"href":"https:\/\/wright.cl\/sitio\/wp-json\/wp\/v2\/media?parent=9487"}],"curies":[{"name":"wp","href":"https:\/\/api.w.org\/{rel}","templated":true}]}}