{"id":9601,"date":"2022-02-28T15:49:12","date_gmt":"2022-02-28T18:49:12","guid":{"rendered":"https:\/\/wright.cl\/sitio\/?page_id=9601"},"modified":"2026-04-17T07:44:42","modified_gmt":"2026-04-17T11:44:42","slug":"como-llegar","status":"publish","type":"page","link":"https:\/\/wright.cl\/sitio\/como-llegar\/","title":{"rendered":"\u00bfC\u00f3mo llegar?"},"content":{"rendered":"\n<p>Estamos ubicados en pleno Barrio Estoril, cercanos a la intersecci\u00f3n de Av. Las Condes y Estoril.<\/p>\n\n\n\n<p>Nuestro Edificio corresponde a la Torre B con N\u00famero 10415. Esta torre est\u00e1 detr\u00e1s de la primera torre que se visualiza por Av. Las Condes #10465.<\/p>\n\n\n\n<p>Existen amplios accesos v\u00eda locomoci\u00f3n colectiva (ingreso peatonal desde Av. Las Condes como tambi\u00e9n desde calle Lo Fontecilla), as\u00ed como Estacionamientos de Visita (acceso por Av. Las Condes, Subterr\u00e1neo -6)<\/p>\n\n\n\n<p>Te esperamos en Av. Las Condes #10415 Oficina 012 (Piso -1), Torre B, Edificio Estoril Black &#8211; Las Condes &#8211; Santiago &#8211; Chile<\/p>\n\n\n\n<figure class=\"wp-block-image\"><img loading=\"lazy\" decoding=\"async\" width=\"571\" height=\"1024\" src=\"https:\/\/wright.cl\/sitio\/wp-content\/uploads\/2022\/02\/Screenshot_20220228-145924_Maps-1-571x1024.jpg\" alt=\"\" class=\"wp-image-9603\" srcset=\"https:\/\/wright.cl\/sitio\/wp-content\/uploads\/2022\/02\/Screenshot_20220228-145924_Maps-1-571x1024.jpg 571w, https:\/\/wright.cl\/sitio\/wp-content\/uploads\/2022\/02\/Screenshot_20220228-145924_Maps-1-167x300.jpg 167w, https:\/\/wright.cl\/sitio\/wp-content\/uploads\/2022\/02\/Screenshot_20220228-145924_Maps-1-600x1077.jpg 600w, https:\/\/wright.cl\/sitio\/wp-content\/uploads\/2022\/02\/Screenshot_20220228-145924_Maps-1.jpg 1080w\" sizes=\"auto, (max-width: 571px) 100vw, 571px\" \/><\/figure>\n\n\n\n<figure class=\"wp-block-image\"><img loading=\"lazy\" decoding=\"async\" width=\"904\" height=\"1024\" src=\"https:\/\/wright.cl\/sitio\/wp-content\/uploads\/2022\/02\/Screenshot_20220228-145653_Maps-904x1024.jpg\" alt=\"\" class=\"wp-image-9604\" srcset=\"https:\/\/wright.cl\/sitio\/wp-content\/uploads\/2022\/02\/Screenshot_20220228-145653_Maps-904x1024.jpg 904w, https:\/\/wright.cl\/sitio\/wp-content\/uploads\/2022\/02\/Screenshot_20220228-145653_Maps-265x300.jpg 265w, https:\/\/wright.cl\/sitio\/wp-content\/uploads\/2022\/02\/Screenshot_20220228-145653_Maps-600x679.jpg 600w, https:\/\/wright.cl\/sitio\/wp-content\/uploads\/2022\/02\/Screenshot_20220228-145653_Maps.jpg 974w\" sizes=\"auto, (max-width: 904px) 100vw, 904px\" \/><\/figure>\n\n\n\n<figure class=\"wp-block-image\"><img loading=\"lazy\" decoding=\"async\" width=\"920\" height=\"822\" src=\"https:\/\/wright.cl\/sitio\/wp-content\/uploads\/2022\/02\/Screenshot_20220228-145828_Maps.jpg\" alt=\"\" class=\"wp-image-9605\" srcset=\"https:\/\/wright.cl\/sitio\/wp-content\/uploads\/2022\/02\/Screenshot_20220228-145828_Maps.jpg 920w, https:\/\/wright.cl\/sitio\/wp-content\/uploads\/2022\/02\/Screenshot_20220228-145828_Maps-300x268.jpg 300w, https:\/\/wright.cl\/sitio\/wp-content\/uploads\/2022\/02\/Screenshot_20220228-145828_Maps-600x536.jpg 600w\" sizes=\"auto, (max-width: 920px) 100vw, 920px\" \/><\/figure>\n\n\n\n<figure class=\"wp-block-image\"><img loading=\"lazy\" decoding=\"async\" width=\"1024\" height=\"768\" src=\"https:\/\/wright.cl\/sitio\/wp-content\/uploads\/2022\/02\/IMG-20211209-WA0048-1024x768.jpg\" alt=\"\" class=\"wp-image-9606\" srcset=\"https:\/\/wright.cl\/sitio\/wp-content\/uploads\/2022\/02\/IMG-20211209-WA0048-1024x768.jpg 1024w, https:\/\/wright.cl\/sitio\/wp-content\/uploads\/2022\/02\/IMG-20211209-WA0048-300x225.jpg 300w, https:\/\/wright.cl\/sitio\/wp-content\/uploads\/2022\/02\/IMG-20211209-WA0048-600x450.jpg 600w, https:\/\/wright.cl\/sitio\/wp-content\/uploads\/2022\/02\/IMG-20211209-WA0048.jpg 1600w\" sizes=\"auto, (max-width: 1024px) 100vw, 1024px\" \/><\/figure>\n\n\n\n<figure class=\"wp-block-image\"><img loading=\"lazy\" decoding=\"async\" width=\"1024\" height=\"1024\" src=\"https:\/\/wright.cl\/sitio\/wp-content\/uploads\/2022\/02\/Screenshot_20220228-150031_Maps-1024x1024.jpg\" alt=\"\" class=\"wp-image-9607\" srcset=\"https:\/\/wright.cl\/sitio\/wp-content\/uploads\/2022\/02\/Screenshot_20220228-150031_Maps-1024x1024.jpg 1024w, https:\/\/wright.cl\/sitio\/wp-content\/uploads\/2022\/02\/Screenshot_20220228-150031_Maps-150x150.jpg 150w, https:\/\/wright.cl\/sitio\/wp-content\/uploads\/2022\/02\/Screenshot_20220228-150031_Maps-300x300.jpg 300w, https:\/\/wright.cl\/sitio\/wp-content\/uploads\/2022\/02\/Screenshot_20220228-150031_Maps-350x350.jpg 350w, https:\/\/wright.cl\/sitio\/wp-content\/uploads\/2022\/02\/Screenshot_20220228-150031_Maps-600x600.jpg 600w, https:\/\/wright.cl\/sitio\/wp-content\/uploads\/2022\/02\/Screenshot_20220228-150031_Maps-400x400.jpg 400w, https:\/\/wright.cl\/sitio\/wp-content\/uploads\/2022\/02\/Screenshot_20220228-150031_Maps.jpg 1080w\" sizes=\"auto, (max-width: 1024px) 100vw, 1024px\" \/><\/figure>\n","protected":false},"excerpt":{"rendered":"<p>Estamos ubicados en pleno Barrio Estoril, cercanos a la intersecci\u00f3n de Av. Las Condes y Estoril. Nuestro Edificio corresponde a la Torre B con N\u00famero 10415. Esta torre est\u00e1 detr\u00e1s de la primera torre que se visualiza por Av. Las Condes #10465. Existen amplios accesos v\u00eda locomoci\u00f3n colectiva (ingreso peatonal desde Av. Las Condes como&#8230;<\/p>\n","protected":false},"author":1,"featured_media":9602,"parent":0,"menu_order":0,"comment_status":"closed","ping_status":"closed","template":"","meta":{"om_disable_all_campaigns":false,"_monsterinsights_skip_tracking":false,"_monsterinsights_sitenote_active":false,"_monsterinsights_sitenote_note":"","_monsterinsights_sitenote_category":0,"_uf_show_specific_survey":0,"_uf_disable_surveys":false,"footnotes":""},"class_list":["post-9601","page","type-page","status-publish","has-post-thumbnail","hentry"],"aioseo_notices":[],"jetpack_sharing_enabled":true,"_links":{"self":[{"href":"https:\/\/wright.cl\/sitio\/wp-json\/wp\/v2\/pages\/9601","targetHints":{"allow":["GET"]}}],"collection":[{"href":"https:\/\/wright.cl\/sitio\/wp-json\/wp\/v2\/pages"}],"about":[{"href":"https:\/\/wright.cl\/sitio\/wp-json\/wp\/v2\/types\/page"}],"author":[{"embeddable":true,"href":"https:\/\/wright.cl\/sitio\/wp-json\/wp\/v2\/users\/1"}],"replies":[{"embeddable":true,"href":"https:\/\/wright.cl\/sitio\/wp-json\/wp\/v2\/comments?post=9601"}],"version-history":[{"count":2,"href":"https:\/\/wright.cl\/sitio\/wp-json\/wp\/v2\/pages\/9601\/revisions"}],"predecessor-version":[{"id":9610,"href":"https:\/\/wright.cl\/sitio\/wp-json\/wp\/v2\/pages\/9601\/revisions\/9610"}],"wp:featuredmedia":[{"embeddable":true,"href":"https:\/\/wright.cl\/sitio\/wp-json\/wp\/v2\/media\/9602"}],"wp:attachment":[{"href":"https:\/\/wright.cl\/sitio\/wp-json\/wp\/v2\/media?parent=9601"}],"curies":[{"name":"wp","href":"https:\/\/api.w.org\/{rel}","templated":true}]}}