{"id":9857,"date":"2022-06-16T13:58:12","date_gmt":"2022-06-16T17:58:12","guid":{"rendered":"https:\/\/wright.cl\/sitio\/?page_id=9857"},"modified":"2024-05-14T17:05:38","modified_gmt":"2024-05-14T21:05:38","slug":"veronica-fuenzalida","status":"publish","type":"page","link":"https:\/\/wright.cl\/sitio\/veronica-fuenzalida\/","title":{"rendered":"Ver\u00f3nica Fuenzalida Valenzuela"},"content":{"rendered":"<section class=\"l-section wpb_row height_medium\"><div class=\"l-section-h i-cf\"><div class=\"g-cols vc_row via_grid cols_1 laptops-cols_inherit tablets-cols_inherit mobiles-cols_1 valign_top type_default stacking_default\"><div class=\"wpb_column vc_column_container us_custom_41879682\"><div class=\"vc_column-inner\"><div class=\"g-cols wpb_row via_grid cols_2-3 laptops-cols_inherit tablets-cols_1 mobiles-cols_1 valign_top type_default stacking_default\" style=\"--columns-gap:3rem;\"><div class=\"wpb_column vc_column_container\"><div class=\"vc_column-inner\"><h2 class=\"w-text\"><span class=\"w-text-h\"><span class=\"w-text-value\">Ver\u00f3nica Fuenzalida<\/span><\/span><\/h2><h5 class=\"w-text\"><span class=\"w-text-h\"><span class=\"w-text-value\">Facilitadora Senior y Coach<\/span><\/span><\/h5><div class=\"w-separator size_medium\"><\/div><div class=\"wpb_text_column\"><div class=\"wpb_wrapper\"><p>Soy Ver\u00f3nica, ingeniera comercial con un magister en Psicolog\u00eda de las Organizaciones de la Universidad Adolfo Ib\u00e1\u00f1ez. Adem\u00e1s, soy Coach Organizacional.<\/p>\n<p>De nacionalidad chilena, estoy certificada como Coach ontol\u00f3gico organizacional integral, lo que me permite realizar sesiones de coaching ejecutivo, de equipo y facilitadora de experiencias de aprendizaje para grandes audiencias.<\/p>\n<\/div><\/div><\/div><\/div><div class=\"wpb_column vc_column_container\"><div class=\"vc_column-inner\"><div class=\"wpb_text_column\"><div class=\"wpb_wrapper\"><p><span class=\"ui-provider a b c d e f g h i j k l m n o p q r s t u v w x y z ab ac ae af ag ah ai aj ak\" dir=\"ltr\">Tambi\u00e9n cuento con certificaci\u00f3n en Comportamientos DISC, Fuerzas Impulsoras e Inteligencia Emocional con TTI Success Insights \u00a0y me he especializado en procesos de cambios y duelos tanto a nivel organizacional como individual.<\/span><\/p>\n<p>Con una amplia trayectoria en consultor\u00eda, he liderado el dise\u00f1o, ejecuci\u00f3n y PMO de proyectos para organizaciones de diversos rubros y tama\u00f1os. Mi enfoque se centra en el desarrollo organizacional, abordando aspectos como la gesti\u00f3n de proyectos estrat\u00e9gicos, levantamiento y redise\u00f1o de procesos, evaluaci\u00f3n de desempe\u00f1o, diagn\u00f3stico organizacional, gesti\u00f3n del clima, fortalecimiento de la cultura y desarrollo de capacidades de liderazgo a trav\u00e9s de la facilitaci\u00f3n de talleres y coaching.<\/p>\n<p>Actualmente, formo parte del equipo de WRIGHT como coach, donde contribuyo con mis habilidades y experiencia para el crecimiento y desarrollo tanto individual como de equipos dentro de las organizaciones.<\/p>\n<\/div><\/div><\/div><\/div><\/div><\/div><\/div><\/div><\/div><\/section><section class=\"l-section wpb_row height_medium\"><div class=\"l-section-h i-cf\"><div class=\"g-cols vc_row via_grid cols_2 laptops-cols_inherit tablets-cols_inherit mobiles-cols_1 valign_middle type_default stacking_default\" style=\"--columns-gap:0rem;\"><div class=\"wpb_column vc_column_container us_custom_9033fdba has_bg_color\"><div class=\"vc_column-inner\"><div class=\"wpb_text_column\"><div class=\"wpb_wrapper\"><h6 style=\"text-align: left;\">\u00abSoy una l\u00edder apasionada por ayudar a las personas a desplegar su m\u00e1ximo potencial. Acompa\u00f1o a los l\u00edderes en su camino hacia el liderazgo efectivo, donde el bienestar personal y profesional van de la mano. Mi sello es desafiarlos a dar lo mejor de s\u00ed mismos con amabilidad, escuchando las necesidades de nuestros clientes y colaboradores.\u00bb<\/h6>\n<\/div><\/div><div class=\"w-separator size_medium\"><\/div><div class=\"w-socials us_custom_d6c5e054 color_text shape_circle style_colored hover_none\" style=\"--gap:0.2em;\"><div class=\"w-socials-list\"><div class=\"w-socials-item email\"><a target=\"_blank\" href=\"mailto:info@wright.cl\" class=\"w-socials-item-link\" aria-label=\"Correo electr\u00f3nico\"><span class=\"w-socials-item-link-hover\"><\/span><i class=\"fas fa-envelope\"><\/i><\/a><div class=\"w-socials-item-popup\"><span>Correo electr\u00f3nico<\/span><\/div><\/div><div class=\"w-socials-item facebook\"><a target=\"_blank\" rel=\"nofollow\" href=\"https:\/\/www.facebook.com\/WRIGHTConsultores\/\" class=\"w-socials-item-link\" aria-label=\"Facebook\"><span class=\"w-socials-item-link-hover\"><\/span><i class=\"fab fa-facebook\"><\/i><\/a><div class=\"w-socials-item-popup\"><span>Facebook<\/span><\/div><\/div><div class=\"w-socials-item instagram\"><a target=\"_blank\" rel=\"nofollow\" href=\"https:\/\/www.instagram.com\/WrightConsultores\/\" class=\"w-socials-item-link\" aria-label=\"Instagram\"><span class=\"w-socials-item-link-hover\"><\/span><i class=\"fab fa-instagram\"><\/i><\/a><div class=\"w-socials-item-popup\"><span>Instagram<\/span><\/div><\/div><div class=\"w-socials-item linkedin\"><a target=\"_blank\" rel=\"nofollow\" href=\"https:\/\/www.linkedin.com\/in\/veronicabeatrizfuenzalida\/\" class=\"w-socials-item-link\" aria-label=\"LinkedIn\"><span class=\"w-socials-item-link-hover\"><\/span><i class=\"fab fa-linkedin\"><\/i><\/a><div class=\"w-socials-item-popup\"><span>LinkedIn<\/span><\/div><\/div><\/div><\/div><\/div><\/div><div class=\"wpb_column vc_column_container\"><div class=\"vc_column-inner\"><div class=\"w-image has_ratio align_none\"><div class=\"w-image-h\"><div style=\"padding-bottom:100%\"><\/div><img decoding=\"async\" width=\"1024\" height=\"1024\" src=\"https:\/\/wright.cl\/sitio\/wp-content\/uploads\/2024\/05\/41-1024x1024.png\" class=\"attachment-large size-large\" alt=\"\" loading=\"lazy\" \/><\/div><\/div><\/div><\/div><\/div><\/div><\/section>\n","protected":false},"excerpt":{"rendered":"Ver\u00f3nica FuenzalidaFacilitadora Senior y CoachSoy Ver\u00f3nica, ingeniera comercial con un magister en Psicolog\u00eda de las Organizaciones de la Universidad Adolfo Ib\u00e1\u00f1ez. Adem\u00e1s, soy Coach Organizacional. De nacionalidad chilena, estoy certificada como Coach ontol\u00f3gico organizacional integral, lo que me permite realizar sesiones de coaching ejecutivo, de equipo y facilitadora de experiencias de aprendizaje para grandes audiencias....","protected":false},"author":1,"featured_media":0,"parent":0,"menu_order":0,"comment_status":"closed","ping_status":"closed","template":"","meta":{"om_disable_all_campaigns":false,"_monsterinsights_skip_tracking":false,"_monsterinsights_sitenote_active":false,"_monsterinsights_sitenote_note":"","_monsterinsights_sitenote_category":0,"_uf_show_specific_survey":0,"_uf_disable_surveys":false,"footnotes":""},"class_list":["post-9857","page","type-page","status-publish","hentry"],"aioseo_notices":[],"jetpack_sharing_enabled":true,"_links":{"self":[{"href":"https:\/\/wright.cl\/sitio\/wp-json\/wp\/v2\/pages\/9857","targetHints":{"allow":["GET"]}}],"collection":[{"href":"https:\/\/wright.cl\/sitio\/wp-json\/wp\/v2\/pages"}],"about":[{"href":"https:\/\/wright.cl\/sitio\/wp-json\/wp\/v2\/types\/page"}],"author":[{"embeddable":true,"href":"https:\/\/wright.cl\/sitio\/wp-json\/wp\/v2\/users\/1"}],"replies":[{"embeddable":true,"href":"https:\/\/wright.cl\/sitio\/wp-json\/wp\/v2\/comments?post=9857"}],"version-history":[{"count":16,"href":"https:\/\/wright.cl\/sitio\/wp-json\/wp\/v2\/pages\/9857\/revisions"}],"predecessor-version":[{"id":11956,"href":"https:\/\/wright.cl\/sitio\/wp-json\/wp\/v2\/pages\/9857\/revisions\/11956"}],"wp:attachment":[{"href":"https:\/\/wright.cl\/sitio\/wp-json\/wp\/v2\/media?parent=9857"}],"curies":[{"name":"wp","href":"https:\/\/api.w.org\/{rel}","templated":true}]}}